{"id":633,"date":"2024-12-01T17:50:54","date_gmt":"2024-12-01T16:50:54","guid":{"rendered":"https:\/\/www.fsa-irrigation.com\/application\/agriculture\/"},"modified":"2025-01-31T21:41:56","modified_gmt":"2025-01-31T20:41:56","slug":"agriculture","status":"publish","type":"page","link":"https:\/\/www.fsa-irrigation.com\/fr\/application\/agriculture\/","title":{"rendered":"Agriculture"},"content":{"rendered":"\n<p class=\"has-text-align-center\"><strong>\u00ab\u00a0Les produits irrigation.cloud ont \u00e9t\u00e9 con\u00e7us pour r\u00e9pondre aux besoins d&rsquo;irrigation dans l&rsquo;agriculture et les serres. Nos syst\u00e8mes d&rsquo;irrigation et de d\u00e9tection s&rsquo;adaptent \u00e0 toutes les configurations de terrain, m\u00eame dans les zones sans connexion Internet ni alimentation \u00e9lectrique. Il existe une solution simple et \u00e9conomique pour chaque besoin. Notre syst\u00e8me est enti\u00e8rement configurable et couvre des surfaces allant de quelques dizaines de m\u00e8tres carr\u00e9s \u00e0 plusieurs centaines d&rsquo;hectares, aussi bien en plein champ que dans des serres. Avec une interface unique et enti\u00e8rement configurable, la solution irrigation.cloud simplifie la surveillance, la gestion et la maintenance de l&rsquo;ensemble de votre syst\u00e8me\u00a0\u00bb.<\/strong><\/p>\n\n<div class=\"wp-block-group has-global-padding is-layout-constrained wp-block-group-is-layout-constrained\">\n<div class=\"wp-block-columns is-layout-flex wp-container-core-columns-is-layout-1 wp-block-columns-is-layout-flex\">\n<div class=\"wp-block-column is-layout-flow wp-block-column-is-layout-flow\">\n<div class=\"wp-block-group has-global-padding is-layout-constrained wp-block-group-is-layout-constrained\">\n<figure class=\"wp-block-image size-large zoom\"><img loading=\"lazy\" decoding=\"async\" width=\"853\" height=\"1024\" src=\"https:\/\/www.fsa-irrigation.com\/wp-content\/uploads\/\/gewaechshaus-853x1024.jpg\" alt=\"\" class=\"wp-image-135\" srcset=\"https:\/\/www.fsa-irrigation.com\/wp-content\/uploads\/gewaechshaus-853x1024.jpg 853w, https:\/\/www.fsa-irrigation.com\/wp-content\/uploads\/gewaechshaus-250x300.jpg 250w, https:\/\/www.fsa-irrigation.com\/wp-content\/uploads\/gewaechshaus-768x922.jpg 768w, https:\/\/www.fsa-irrigation.com\/wp-content\/uploads\/gewaechshaus-1280x1536.jpg 1280w, https:\/\/www.fsa-irrigation.com\/wp-content\/uploads\/gewaechshaus.jpg 1500w\" sizes=\"(max-width: 853px) 100vw, 853px\" \/><\/figure>\n\n\n\n<p class=\"has-text-align-center\">par ex. serres<\/p>\n<\/div>\n<\/div>\n\n\n\n<div class=\"wp-block-column is-layout-flow wp-block-column-is-layout-flow\">\n<div class=\"wp-block-group has-global-padding is-layout-constrained wp-block-group-is-layout-constrained\">\n<figure class=\"wp-block-image size-large zoom\"><img loading=\"lazy\" decoding=\"async\" width=\"853\" height=\"1024\" src=\"https:\/\/www.fsa-irrigation.com\/wp-content\/uploads\/\/feld1-853x1024.jpg\" alt=\"\" class=\"wp-image-136\" srcset=\"https:\/\/www.fsa-irrigation.com\/wp-content\/uploads\/feld1-853x1024.jpg 853w, https:\/\/www.fsa-irrigation.com\/wp-content\/uploads\/feld1-250x300.jpg 250w, https:\/\/www.fsa-irrigation.com\/wp-content\/uploads\/feld1-768x922.jpg 768w, https:\/\/www.fsa-irrigation.com\/wp-content\/uploads\/feld1-1280x1536.jpg 1280w, https:\/\/www.fsa-irrigation.com\/wp-content\/uploads\/feld1.jpg 1500w\" sizes=\"(max-width: 853px) 100vw, 853px\" \/><\/figure>\n\n\n\n<p class=\"has-text-align-center\">par ex. surfaces de champs<\/p>\n<\/div>\n<\/div>\n<\/div>\n<\/div>\n\n<div class=\"wp-block-group has-global-padding is-layout-constrained wp-block-group-is-layout-constrained\">\n<div class=\"wp-block-group has-global-padding is-layout-constrained wp-block-group-is-layout-constrained\">\n<div class=\"wp-block-columns is-layout-flex wp-container-core-columns-is-layout-2 wp-block-columns-is-layout-flex\">\n<div class=\"wp-block-column is-layout-flow wp-block-column-is-layout-flow\">\n<div class=\"wp-block-group has-global-padding is-layout-constrained wp-block-group-is-layout-constrained\">\n<figure class=\"wp-block-image aligncenter size-full is-resized\"><img loading=\"lazy\" decoding=\"async\" width=\"250\" height=\"253\" src=\"https:\/\/www.fsa-irrigation.com\/wp-content\/uploads\/feld-in-pikto.png\" alt=\"\" class=\"wp-image-137\" style=\"object-fit:cover;width:120px;height:120px\"\/><\/figure>\n\n\n\n<h4 class=\"wp-block-heading has-text-align-center\">INTERIEUR et EXTERIEUR<\/h4>\n\n\n\n<p class=\"has-text-align-center\">Les produits irrigation.cloud peuvent \u00eatre utilis\u00e9s \u00e0 l&rsquo;int\u00e9rieur, comme dans les serres, ou sur de grandes surfaces pour un contr\u00f4le intelligent de l&rsquo;irrigation.<\/p>\n<\/div>\n<\/div>\n\n\n\n<div class=\"wp-block-column is-layout-flow wp-block-column-is-layout-flow\">\n<div class=\"wp-block-group has-global-padding is-layout-constrained wp-block-group-is-layout-constrained\">\n<figure class=\"wp-block-image aligncenter size-full is-resized\"><img loading=\"lazy\" decoding=\"async\" width=\"250\" height=\"253\" src=\"https:\/\/www.fsa-irrigation.com\/wp-content\/uploads\/hirn-pikto.png\" alt=\"\" class=\"wp-image-138\" style=\"object-fit:cover;width:120px;height:120px\"\/><\/figure>\n\n\n\n<h4 class=\"wp-block-heading has-text-align-center\">INTELLIGENT<\/h4>\n\n\n\n<p class=\"has-text-align-center\">Gr\u00e2ce \u00e0 l&rsquo;APP irrigation.cloud, vous \u00eates toujours au courant, o\u00f9 que vous soyez, de l&rsquo;humidit\u00e9, de la temp\u00e9rature, de la m\u00e9t\u00e9o, etc. et vous pouvez \u00e9galement modifier le contr\u00f4le de votre arrosage \u00e0 tout moment.<\/p>\n<\/div>\n<\/div>\n\n\n\n<div class=\"wp-block-column is-layout-flow wp-block-column-is-layout-flow\">\n<div class=\"wp-block-group has-global-padding is-layout-constrained wp-block-group-is-layout-constrained\">\n<figure class=\"wp-block-image aligncenter size-full is-resized\"><img loading=\"lazy\" decoding=\"async\" width=\"250\" height=\"253\" src=\"https:\/\/www.fsa-irrigation.com\/wp-content\/uploads\/hilfsbereit.png\" alt=\"\" class=\"wp-image-111\" style=\"object-fit:cover;width:120px;height:120px\"\/><\/figure>\n\n\n\n<h4 class=\"wp-block-heading has-text-align-center\">AIDE<\/h4>\n\n\n\n<p class=\"has-text-align-center\">Profitez de l&rsquo;assistance client\u00e8le de nos sp\u00e9cialistes, qui<br\/>vous apportent conseils, solutions professionnelles et vid\u00e9os explicatives<br\/>.<br\/><\/p>\n<\/div>\n<\/div>\n<\/div>\n<\/div>\n<\/div>\n\n<p class=\"has-text-align-center\"><strong>IRRIGATION.CLOUD IRRIGATION.CLOUD &#8211; PRODUITS POUR L&rsquo;AGRICULTURE<\/strong><\/p>\n\n<div class=\"wp-block-cb-carousel cb-single-slide\" data-slick=\"{&quot;slidesToShow&quot;:1,&quot;slidesToScroll&quot;:1,&quot;speed&quot;:300,&quot;arrows&quot;:true,&quot;dots&quot;:true,&quot;autoplay&quot;:false,&quot;autoplaySpeed&quot;:3000,&quot;infinite&quot;:false,&quot;responsive&quot;:[{&quot;breakpoint&quot;:769,&quot;settings&quot;:{&quot;slidesToShow&quot;:1,&quot;slidesToScroll&quot;:1}}]}\">\n<div class=\"wp-block-cb-slide\">\n<div class=\"wp-block-columns is-layout-flex wp-container-core-columns-is-layout-3 wp-block-columns-is-layout-flex\">\n<div class=\"wp-block-column is-layout-flow wp-block-column-is-layout-flow\">\n<figure class=\"wp-block-image size-full\"><img loading=\"lazy\" decoding=\"async\" width=\"500\" height=\"500\" src=\"https:\/\/www.fsa-irrigation.com\/wp-content\/uploads\/motorkugelhahn-steuerkopf-i2.png\" alt=\"\" class=\"wp-image-127\" srcset=\"https:\/\/www.fsa-irrigation.com\/wp-content\/uploads\/motorkugelhahn-steuerkopf-i2.png 500w, https:\/\/www.fsa-irrigation.com\/wp-content\/uploads\/motorkugelhahn-steuerkopf-i2-300x300.png 300w, https:\/\/www.fsa-irrigation.com\/wp-content\/uploads\/motorkugelhahn-steuerkopf-i2-150x150.png 150w\" sizes=\"(max-width: 500px) 100vw, 500px\" \/><\/figure>\n<\/div>\n\n\n\n<div class=\"wp-block-column is-vertically-aligned-center is-layout-flow wp-block-column-is-layout-flow\">\n<p><strong>1. Intellivalve<\/strong><\/p>\n\n\n\n<p>Vanne d&rsquo;irrigation \u00e0 1 voie aliment\u00e9e par batterie, particuli\u00e8rement int\u00e9ressante pour les applications hors r\u00e9seau sans \u00e9lectricit\u00e9.  <\/p>\n\n\n\n<div class=\"wp-block-buttons is-layout-flex wp-container-core-buttons-is-layout-1 wp-block-buttons-is-layout-flex\">\n<div class=\"wp-block-button\"><a class=\"wp-block-button__link wp-element-button\" href=\"https:\/\/www.fsa-irrigation.com\/fr\/produits\/controles\/\">en savoir plus<\/a><\/div>\n<\/div>\n<\/div>\n<\/div>\n<\/div>\n\n\n\n<div class=\"wp-block-cb-slide\">\n<div class=\"wp-block-columns is-layout-flex wp-container-core-columns-is-layout-4 wp-block-columns-is-layout-flex\">\n<div class=\"wp-block-column is-layout-flow wp-block-column-is-layout-flow\">\n<figure class=\"wp-block-image size-full\"><img loading=\"lazy\" decoding=\"async\" width=\"500\" height=\"500\" src=\"https:\/\/www.fsa-irrigation.com\/wp-content\/uploads\/outdoor-gateway-i2.png\" alt=\"\" class=\"wp-image-114\" srcset=\"https:\/\/www.fsa-irrigation.com\/wp-content\/uploads\/outdoor-gateway-i2.png 500w, https:\/\/www.fsa-irrigation.com\/wp-content\/uploads\/outdoor-gateway-i2-300x300.png 300w, https:\/\/www.fsa-irrigation.com\/wp-content\/uploads\/outdoor-gateway-i2-150x150.png 150w\" sizes=\"(max-width: 500px) 100vw, 500px\" \/><\/figure>\n<\/div>\n\n\n\n<div class=\"wp-block-column is-vertically-aligned-center is-layout-flow wp-block-column-is-layout-flow\">\n<p><strong>2\u00e8me passerelle<\/strong><\/p>\n\n\n\n<p>Avec notre passerelle Wifi, nous proposons une solution innovante pour int\u00e9grer de mani\u00e8re transparente des appareils tels que des vannes et des capteurs dans irrigation<strong>.cloud.<\/strong> En connectant jusqu&rsquo;\u00e0 40 appareils sans fil dans le cloud, notre passerelle permet un contr\u00f4le et une surveillance efficaces et fiables de vos syst\u00e8mes d&rsquo;irrigation. <\/p>\n\n\n\n<div class=\"wp-block-buttons is-layout-flex wp-container-core-buttons-is-layout-2 wp-block-buttons-is-layout-flex\">\n<div class=\"wp-block-button\"><a class=\"wp-block-button__link wp-element-button\" href=\"https:\/\/www.fsa-irrigation.com\/fr\/produits\/controles\/\">en savoir plus<\/a><\/div>\n<\/div>\n<\/div>\n<\/div>\n<\/div>\n\n\n\n<div class=\"wp-block-cb-slide\">\n<div class=\"wp-block-columns is-layout-flex wp-container-core-columns-is-layout-5 wp-block-columns-is-layout-flex\">\n<div class=\"wp-block-column is-layout-flow wp-block-column-is-layout-flow\">\n<figure class=\"wp-block-image size-full\"><img loading=\"lazy\" decoding=\"async\" width=\"500\" height=\"500\" src=\"https:\/\/www.fsa-irrigation.com\/wp-content\/uploads\/universal-sensor-verb-i.png\" alt=\"\" class=\"wp-image-115\" srcset=\"https:\/\/www.fsa-irrigation.com\/wp-content\/uploads\/universal-sensor-verb-i.png 500w, https:\/\/www.fsa-irrigation.com\/wp-content\/uploads\/universal-sensor-verb-i-300x300.png 300w, https:\/\/www.fsa-irrigation.com\/wp-content\/uploads\/universal-sensor-verb-i-150x150.png 150w\" sizes=\"(max-width: 500px) 100vw, 500px\" \/><\/figure>\n<\/div>\n\n\n\n<div class=\"wp-block-column is-vertically-aligned-center is-layout-flow wp-block-column-is-layout-flow\">\n<p><strong>3. module de connexion de capteur universel<\/strong><\/p>\n\n\n\n<p>Notre module de communication sans fil universel pour le capteur irrigation<strong>.cloud<\/strong> offre une solution fiable pour la communication sans fil entre les capteurs et la passerelle centrale.  <\/p>\n\n\n\n<div class=\"wp-block-buttons is-layout-flex wp-container-core-buttons-is-layout-3 wp-block-buttons-is-layout-flex\">\n<div class=\"wp-block-button\"><a class=\"wp-block-button__link wp-element-button\" href=\"https:\/\/www.fsa-irrigation.com\/fr\/produits\/controles\/\">en savoir plus<\/a><\/div>\n<\/div>\n<\/div>\n<\/div>\n<\/div>\n\n\n\n<div class=\"wp-block-cb-slide\">\n<div class=\"wp-block-columns is-layout-flex wp-container-core-columns-is-layout-6 wp-block-columns-is-layout-flex\">\n<div class=\"wp-block-column is-layout-flow wp-block-column-is-layout-flow\">\n<figure class=\"wp-block-image size-full\"><img loading=\"lazy\" decoding=\"async\" width=\"500\" height=\"500\" src=\"https:\/\/www.fsa-irrigation.com\/wp-content\/uploads\/sensor1-i2.png\" alt=\"\" class=\"wp-image-116\" srcset=\"https:\/\/www.fsa-irrigation.com\/wp-content\/uploads\/sensor1-i2.png 500w, https:\/\/www.fsa-irrigation.com\/wp-content\/uploads\/sensor1-i2-300x300.png 300w, https:\/\/www.fsa-irrigation.com\/wp-content\/uploads\/sensor1-i2-150x150.png 150w\" sizes=\"(max-width: 500px) 100vw, 500px\" \/><\/figure>\n<\/div>\n\n\n\n<div class=\"wp-block-column is-vertically-aligned-center is-layout-flow wp-block-column-is-layout-flow\">\n<p><strong>4. capteur d&rsquo;humidit\u00e9 et de temp\u00e9rature du sol<\/strong><\/p>\n\n\n\n<p>Notre sonde capacitive ext\u00e9rieure d&rsquo;humidit\u00e9 et de temp\u00e9rature du sol permet de surveiller avec pr\u00e9cision l&rsquo;humidit\u00e9 et la temp\u00e9rature du sol dans les zones ext\u00e9rieures. Cette sonde doit \u00eatre connect\u00e9e \u00e0 notre module de communication universel pour s&rsquo;int\u00e9grer de mani\u00e8re transparente au syst\u00e8me d&rsquo;irrigation. <\/p>\n\n\n\n<div class=\"wp-block-buttons is-layout-flex wp-container-core-buttons-is-layout-4 wp-block-buttons-is-layout-flex\">\n<div class=\"wp-block-button\"><a class=\"wp-block-button__link wp-element-button\" href=\"https:\/\/www.fsa-irrigation.com\/fr\/produits\/controles\/\">en savoir plus<\/a><\/div>\n<\/div>\n<\/div>\n<\/div>\n<\/div>\n<\/div>\n\n<p class=\"has-text-align-center\"><strong>EXEMPLE D&rsquo;IRRIGATION INTELLIGENTE, AUTOMATIQUE ET SANS FIL DANS L&rsquo;AGRICULTURE\/LA VITICULTURE<\/strong><\/p>\n\n<figure class=\"wp-block-image size-large\"><img loading=\"lazy\" decoding=\"async\" width=\"1024\" height=\"627\" src=\"https:\/\/www.fsa-irrigation.com\/wp-content\/uploads\/\/landwirtschaftplan-z-1024x627.jpg\" alt=\"\" class=\"wp-image-139\" srcset=\"https:\/\/www.fsa-irrigation.com\/wp-content\/uploads\/landwirtschaftplan-z-1024x627.jpg 1024w, https:\/\/www.fsa-irrigation.com\/wp-content\/uploads\/landwirtschaftplan-z-300x184.jpg 300w, https:\/\/www.fsa-irrigation.com\/wp-content\/uploads\/landwirtschaftplan-z-768x470.jpg 768w, https:\/\/www.fsa-irrigation.com\/wp-content\/uploads\/landwirtschaftplan-z-1536x941.jpg 1536w, https:\/\/www.fsa-irrigation.com\/wp-content\/uploads\/landwirtschaftplan-z.jpg 2000w\" sizes=\"(max-width: 1024px) 100vw, 1024px\" \/><\/figure>\n\n<p><strong>1<\/strong>: Les <strong>&lsquo;Intellivalves&rsquo;<\/strong> sont des vannes motoris\u00e9es qui fonctionnent avec des batteries. Cette solution permet une r\u00e9partition tr\u00e8s pr\u00e9cise des zones \u00e0 irriguer en fonction du type de culture et des besoins sp\u00e9cifiques de chaque plante. Elle offre une plus grande flexibilit\u00e9 d&rsquo;installation et une d\u00e9centralisation totale.  <br\/><strong>2<\/strong>: Une <strong>passerelle<\/strong> est n\u00e9cessaire pour connecter les capteurs et l&rsquo;Intellivalve. Elle est g\u00e9n\u00e9ralement plac\u00e9e \u00e0 proximit\u00e9 du b\u00e2timent principal et permet la connexion entre les capteurs et la plate-forme irrigation.cloud. Dans certains cas, il est n\u00e9cessaire d&rsquo;installer plusieurs passerelles si la distance entre la passerelle centrale et les capteurs ou Intellivalve les plus \u00e9loign\u00e9s d\u00e9passe 120 m\u00e8tres. Cela garantit une communication optimale.   <br\/><strong>3<\/strong>: Le <strong>module universel de capteurs<\/strong> peut \u00eatre install\u00e9 n&rsquo;importe o\u00f9 dans l&rsquo;installation gr\u00e2ce \u00e0 son fonctionnement sur batterie. Il est toujours coupl\u00e9 \u00e0 un capteur et permet de transmettre les donn\u00e9es \u00e0 la passerelle. <br\/><strong>4<\/strong>: Les<strong> capteurs<\/strong> sont coupl\u00e9s \u00e0 un module universel afin de pouvoir transmettre leurs donn\u00e9es \u00e0 la plateforme irrigation.cloud. Ils peuvent \u00eatre int\u00e9gr\u00e9s partout o\u00f9 il est n\u00e9cessaire et utile de mesurer des donn\u00e9es de temp\u00e9rature, d&rsquo;humidit\u00e9, de pH ou de conductivit\u00e9. <\/p>\n","protected":false},"excerpt":{"rendered":"<p>\u00ab\u00a0Les produits irrigation.cloud ont \u00e9t\u00e9 con\u00e7us pour r\u00e9pondre aux besoins d&rsquo;irrigation dans l&rsquo;agriculture et les serres. Nos syst\u00e8mes d&rsquo;irrigation et de d\u00e9tection s&rsquo;adaptent \u00e0 toutes les configurations de terrain, m\u00eame dans les zones sans connexion Internet ni alimentation \u00e9lectrique. Il existe une solution simple et \u00e9conomique pour chaque besoin. Notre syst\u00e8me est enti\u00e8rement configurable et [&hellip;]<\/p>\n","protected":false},"author":1,"featured_media":0,"parent":600,"menu_order":5,"comment_status":"closed","ping_status":"closed","template":"","meta":{"footnotes":""},"class_list":["post-633","page","type-page","status-publish","hentry"],"yoast_head":"<!-- This site is optimized with the Yoast SEO plugin v24.6 - https:\/\/yoast.com\/wordpress\/plugins\/seo\/ -->\n<title>Agriculture - FSA Irrigation<\/title>\n<meta name=\"robots\" content=\"index, follow, max-snippet:-1, max-image-preview:large, max-video-preview:-1\" \/>\n<link rel=\"canonical\" href=\"https:\/\/www.fsa-irrigation.com\/fr\/application\/agriculture\/\" \/>\n<meta property=\"og:locale\" content=\"fr_FR\" \/>\n<meta property=\"og:type\" content=\"article\" \/>\n<meta property=\"og:title\" content=\"Agriculture - FSA Irrigation\" \/>\n<meta property=\"og:description\" content=\"\u00ab\u00a0Les produits irrigation.cloud ont \u00e9t\u00e9 con\u00e7us pour r\u00e9pondre aux besoins d&rsquo;irrigation dans l&rsquo;agriculture et les serres. Nos syst\u00e8mes d&rsquo;irrigation et de d\u00e9tection s&rsquo;adaptent \u00e0 toutes les configurations de terrain, m\u00eame dans les zones sans connexion Internet ni alimentation \u00e9lectrique. Il existe une solution simple et \u00e9conomique pour chaque besoin. Notre syst\u00e8me est enti\u00e8rement configurable et [&hellip;]\" \/>\n<meta property=\"og:url\" content=\"https:\/\/www.fsa-irrigation.com\/fr\/application\/agriculture\/\" \/>\n<meta property=\"og:site_name\" content=\"FSA Irrigation\" \/>\n<meta property=\"article:modified_time\" content=\"2025-01-31T20:41:56+00:00\" \/>\n<meta property=\"og:image\" content=\"https:\/\/www.fsa-irrigation.com\/wp-content\/uploads\/gewaechshaus.jpg\" \/>\n\t<meta property=\"og:image:width\" content=\"1500\" \/>\n\t<meta property=\"og:image:height\" content=\"1800\" \/>\n\t<meta property=\"og:image:type\" content=\"image\/jpeg\" \/>\n<meta name=\"twitter:card\" content=\"summary_large_image\" \/>\n<meta name=\"twitter:label1\" content=\"Dur\u00e9e de lecture estim\u00e9e\" \/>\n\t<meta name=\"twitter:data1\" content=\"3 minutes\" \/>\n<script type=\"application\/ld+json\" class=\"yoast-schema-graph\">{\"@context\":\"https:\/\/schema.org\",\"@graph\":[{\"@type\":\"WebPage\",\"@id\":\"https:\/\/www.fsa-irrigation.com\/fr\/application\/agriculture\/\",\"url\":\"https:\/\/www.fsa-irrigation.com\/fr\/application\/agriculture\/\",\"name\":\"Agriculture - FSA Irrigation\",\"isPartOf\":{\"@id\":\"https:\/\/www.fsa-irrigation.com\/fr\/#website\"},\"primaryImageOfPage\":{\"@id\":\"https:\/\/www.fsa-irrigation.com\/fr\/application\/agriculture\/#primaryimage\"},\"image\":{\"@id\":\"https:\/\/www.fsa-irrigation.com\/fr\/application\/agriculture\/#primaryimage\"},\"thumbnailUrl\":\"https:\/\/www.fsa-irrigation.com\/wp-content\/uploads\/\/gewaechshaus-853x1024.jpg\",\"datePublished\":\"2024-12-01T16:50:54+00:00\",\"dateModified\":\"2025-01-31T20:41:56+00:00\",\"breadcrumb\":{\"@id\":\"https:\/\/www.fsa-irrigation.com\/fr\/application\/agriculture\/#breadcrumb\"},\"inLanguage\":\"fr-FR\",\"potentialAction\":[{\"@type\":\"ReadAction\",\"target\":[\"https:\/\/www.fsa-irrigation.com\/fr\/application\/agriculture\/\"]}]},{\"@type\":\"ImageObject\",\"inLanguage\":\"fr-FR\",\"@id\":\"https:\/\/www.fsa-irrigation.com\/fr\/application\/agriculture\/#primaryimage\",\"url\":\"https:\/\/www.fsa-irrigation.com\/wp-content\/uploads\/\/gewaechshaus-853x1024.jpg\",\"contentUrl\":\"https:\/\/www.fsa-irrigation.com\/wp-content\/uploads\/\/gewaechshaus-853x1024.jpg\"},{\"@type\":\"BreadcrumbList\",\"@id\":\"https:\/\/www.fsa-irrigation.com\/fr\/application\/agriculture\/#breadcrumb\",\"itemListElement\":[{\"@type\":\"ListItem\",\"position\":1,\"name\":\"Startseite\",\"item\":\"https:\/\/www.fsa-irrigation.com\/fr\/produits\/\"},{\"@type\":\"ListItem\",\"position\":2,\"name\":\"Application\",\"item\":\"https:\/\/www.fsa-irrigation.com\/fr\/application\/\"},{\"@type\":\"ListItem\",\"position\":3,\"name\":\"Agriculture\"}]},{\"@type\":\"WebSite\",\"@id\":\"https:\/\/www.fsa-irrigation.com\/fr\/#website\",\"url\":\"https:\/\/www.fsa-irrigation.com\/fr\/\",\"name\":\"FSA Irrigation\",\"description\":\"Des produits innovants et durables\",\"publisher\":{\"@id\":\"https:\/\/www.fsa-irrigation.com\/fr\/#organization\"},\"potentialAction\":[{\"@type\":\"SearchAction\",\"target\":{\"@type\":\"EntryPoint\",\"urlTemplate\":\"https:\/\/www.fsa-irrigation.com\/fr\/?s={search_term_string}\"},\"query-input\":{\"@type\":\"PropertyValueSpecification\",\"valueRequired\":true,\"valueName\":\"search_term_string\"}}],\"inLanguage\":\"fr-FR\"},{\"@type\":\"Organization\",\"@id\":\"https:\/\/www.fsa-irrigation.com\/fr\/#organization\",\"name\":\"Fluid Systems & Automation Irrigation\",\"url\":\"https:\/\/www.fsa-irrigation.com\/fr\/\",\"logo\":{\"@type\":\"ImageObject\",\"inLanguage\":\"fr-FR\",\"@id\":\"https:\/\/www.fsa-irrigation.com\/fr\/#\/schema\/logo\/image\/\",\"url\":\"https:\/\/www.fsa-irrigation.com\/wp-content\/uploads\/fsa-irrigation-grau.png\",\"contentUrl\":\"https:\/\/www.fsa-irrigation.com\/wp-content\/uploads\/fsa-irrigation-grau.png\",\"width\":600,\"height\":255,\"caption\":\"Fluid Systems & Automation Irrigation\"},\"image\":{\"@id\":\"https:\/\/www.fsa-irrigation.com\/fr\/#\/schema\/logo\/image\/\"},\"sameAs\":[\"https:\/\/de.linkedin.com\/company\/fluidsystems\"]}]}<\/script>\n<!-- \/ Yoast SEO plugin. -->","yoast_head_json":{"title":"Agriculture - FSA Irrigation","robots":{"index":"index","follow":"follow","max-snippet":"max-snippet:-1","max-image-preview":"max-image-preview:large","max-video-preview":"max-video-preview:-1"},"canonical":"https:\/\/www.fsa-irrigation.com\/fr\/application\/agriculture\/","og_locale":"fr_FR","og_type":"article","og_title":"Agriculture - FSA Irrigation","og_description":"\u00ab\u00a0Les produits irrigation.cloud ont \u00e9t\u00e9 con\u00e7us pour r\u00e9pondre aux besoins d&rsquo;irrigation dans l&rsquo;agriculture et les serres. Nos syst\u00e8mes d&rsquo;irrigation et de d\u00e9tection s&rsquo;adaptent \u00e0 toutes les configurations de terrain, m\u00eame dans les zones sans connexion Internet ni alimentation \u00e9lectrique. Il existe une solution simple et \u00e9conomique pour chaque besoin. Notre syst\u00e8me est enti\u00e8rement configurable et [&hellip;]","og_url":"https:\/\/www.fsa-irrigation.com\/fr\/application\/agriculture\/","og_site_name":"FSA Irrigation","article_modified_time":"2025-01-31T20:41:56+00:00","og_image":[{"width":1500,"height":1800,"url":"https:\/\/www.fsa-irrigation.com\/wp-content\/uploads\/gewaechshaus.jpg","type":"image\/jpeg"}],"twitter_card":"summary_large_image","twitter_misc":{"Dur\u00e9e de lecture estim\u00e9e":"3 minutes"},"schema":{"@context":"https:\/\/schema.org","@graph":[{"@type":"WebPage","@id":"https:\/\/www.fsa-irrigation.com\/fr\/application\/agriculture\/","url":"https:\/\/www.fsa-irrigation.com\/fr\/application\/agriculture\/","name":"Agriculture - FSA Irrigation","isPartOf":{"@id":"https:\/\/www.fsa-irrigation.com\/fr\/#website"},"primaryImageOfPage":{"@id":"https:\/\/www.fsa-irrigation.com\/fr\/application\/agriculture\/#primaryimage"},"image":{"@id":"https:\/\/www.fsa-irrigation.com\/fr\/application\/agriculture\/#primaryimage"},"thumbnailUrl":"https:\/\/www.fsa-irrigation.com\/wp-content\/uploads\/\/gewaechshaus-853x1024.jpg","datePublished":"2024-12-01T16:50:54+00:00","dateModified":"2025-01-31T20:41:56+00:00","breadcrumb":{"@id":"https:\/\/www.fsa-irrigation.com\/fr\/application\/agriculture\/#breadcrumb"},"inLanguage":"fr-FR","potentialAction":[{"@type":"ReadAction","target":["https:\/\/www.fsa-irrigation.com\/fr\/application\/agriculture\/"]}]},{"@type":"ImageObject","inLanguage":"fr-FR","@id":"https:\/\/www.fsa-irrigation.com\/fr\/application\/agriculture\/#primaryimage","url":"https:\/\/www.fsa-irrigation.com\/wp-content\/uploads\/\/gewaechshaus-853x1024.jpg","contentUrl":"https:\/\/www.fsa-irrigation.com\/wp-content\/uploads\/\/gewaechshaus-853x1024.jpg"},{"@type":"BreadcrumbList","@id":"https:\/\/www.fsa-irrigation.com\/fr\/application\/agriculture\/#breadcrumb","itemListElement":[{"@type":"ListItem","position":1,"name":"Startseite","item":"https:\/\/www.fsa-irrigation.com\/fr\/produits\/"},{"@type":"ListItem","position":2,"name":"Application","item":"https:\/\/www.fsa-irrigation.com\/fr\/application\/"},{"@type":"ListItem","position":3,"name":"Agriculture"}]},{"@type":"WebSite","@id":"https:\/\/www.fsa-irrigation.com\/fr\/#website","url":"https:\/\/www.fsa-irrigation.com\/fr\/","name":"FSA Irrigation","description":"Des produits innovants et durables","publisher":{"@id":"https:\/\/www.fsa-irrigation.com\/fr\/#organization"},"potentialAction":[{"@type":"SearchAction","target":{"@type":"EntryPoint","urlTemplate":"https:\/\/www.fsa-irrigation.com\/fr\/?s={search_term_string}"},"query-input":{"@type":"PropertyValueSpecification","valueRequired":true,"valueName":"search_term_string"}}],"inLanguage":"fr-FR"},{"@type":"Organization","@id":"https:\/\/www.fsa-irrigation.com\/fr\/#organization","name":"Fluid Systems & Automation Irrigation","url":"https:\/\/www.fsa-irrigation.com\/fr\/","logo":{"@type":"ImageObject","inLanguage":"fr-FR","@id":"https:\/\/www.fsa-irrigation.com\/fr\/#\/schema\/logo\/image\/","url":"https:\/\/www.fsa-irrigation.com\/wp-content\/uploads\/fsa-irrigation-grau.png","contentUrl":"https:\/\/www.fsa-irrigation.com\/wp-content\/uploads\/fsa-irrigation-grau.png","width":600,"height":255,"caption":"Fluid Systems & Automation Irrigation"},"image":{"@id":"https:\/\/www.fsa-irrigation.com\/fr\/#\/schema\/logo\/image\/"},"sameAs":["https:\/\/de.linkedin.com\/company\/fluidsystems"]}]}},"_links":{"self":[{"href":"https:\/\/www.fsa-irrigation.com\/fr\/wp-json\/wp\/v2\/pages\/633"}],"collection":[{"href":"https:\/\/www.fsa-irrigation.com\/fr\/wp-json\/wp\/v2\/pages"}],"about":[{"href":"https:\/\/www.fsa-irrigation.com\/fr\/wp-json\/wp\/v2\/types\/page"}],"author":[{"embeddable":true,"href":"https:\/\/www.fsa-irrigation.com\/fr\/wp-json\/wp\/v2\/users\/1"}],"replies":[{"embeddable":true,"href":"https:\/\/www.fsa-irrigation.com\/fr\/wp-json\/wp\/v2\/comments?post=633"}],"version-history":[{"count":1,"href":"https:\/\/www.fsa-irrigation.com\/fr\/wp-json\/wp\/v2\/pages\/633\/revisions"}],"predecessor-version":[{"id":637,"href":"https:\/\/www.fsa-irrigation.com\/fr\/wp-json\/wp\/v2\/pages\/633\/revisions\/637"}],"up":[{"embeddable":true,"href":"https:\/\/www.fsa-irrigation.com\/fr\/wp-json\/wp\/v2\/pages\/600"}],"wp:attachment":[{"href":"https:\/\/www.fsa-irrigation.com\/fr\/wp-json\/wp\/v2\/media?parent=633"}],"curies":[{"name":"wp","href":"https:\/\/api.w.org\/{rel}","templated":true}]}}