{"id":624,"date":"2024-12-01T17:48:14","date_gmt":"2024-12-01T16:48:14","guid":{"rendered":"https:\/\/www.fsa-irrigation.com\/application\/espaces-verts\/"},"modified":"2025-01-31T21:41:55","modified_gmt":"2025-01-31T20:41:55","slug":"espaces-verts","status":"publish","type":"page","link":"https:\/\/www.fsa-irrigation.com\/fr\/application\/espaces-verts\/","title":{"rendered":"Espaces verts"},"content":{"rendered":"\n<p class=\"has-text-align-center\"><strong>\u00ab\u00a0Les produits irrigation.cloud ont \u00e9t\u00e9 con\u00e7us pour couvrir un large \u00e9ventail d&rsquo;applications, de l&rsquo;arrosage de parcs priv\u00e9s aux installations les plus diverses. Nos syst\u00e8mes d&rsquo;irrigation et de d\u00e9tection s&rsquo;adaptent \u00e0 toutes les tailles de terrain et de surface. Avec une interface unique et enti\u00e8rement configurable, la solution irrigation.cloud simplifie la surveillance, la gestion et la maintenance de l&rsquo;ensemble de votre syst\u00e8me\u00a0\u00bb.<\/strong><\/p>\n\n<div class=\"wp-block-group has-global-padding is-layout-constrained wp-block-group-is-layout-constrained\">\n<div class=\"wp-block-columns is-layout-flex wp-container-core-columns-is-layout-1 wp-block-columns-is-layout-flex\">\n<div class=\"wp-block-column is-layout-flow wp-block-column-is-layout-flow\">\n<div class=\"wp-block-group has-global-padding is-layout-constrained wp-block-group-is-layout-constrained\">\n<figure class=\"wp-block-image size-large zoom\"><img loading=\"lazy\" decoding=\"async\" width=\"853\" height=\"1024\" src=\"https:\/\/www.fsa-irrigation.com\/wp-content\/uploads\/\/firmen-4-853x1024.jpg\" alt=\"\" class=\"wp-image-119\" srcset=\"https:\/\/www.fsa-irrigation.com\/wp-content\/uploads\/firmen-4-853x1024.jpg 853w, https:\/\/www.fsa-irrigation.com\/wp-content\/uploads\/firmen-4-250x300.jpg 250w, https:\/\/www.fsa-irrigation.com\/wp-content\/uploads\/firmen-4-768x922.jpg 768w, https:\/\/www.fsa-irrigation.com\/wp-content\/uploads\/firmen-4-1280x1536.jpg 1280w, https:\/\/www.fsa-irrigation.com\/wp-content\/uploads\/firmen-4.jpg 1500w\" sizes=\"(max-width: 853px) 100vw, 853px\" \/><\/figure>\n\n\n\n<p class=\"has-text-align-center\">par ex. immeubles d&rsquo;habitation avec espaces verts<\/p>\n<\/div>\n<\/div>\n\n\n\n<div class=\"wp-block-column is-layout-flow wp-block-column-is-layout-flow\">\n<div class=\"wp-block-group has-global-padding is-layout-constrained wp-block-group-is-layout-constrained\">\n<figure class=\"wp-block-image size-large zoom\"><img loading=\"lazy\" decoding=\"async\" width=\"853\" height=\"1024\" src=\"https:\/\/www.fsa-irrigation.com\/wp-content\/uploads\/\/firmen-3-853x1024.jpg\" alt=\"\" class=\"wp-image-120\" srcset=\"https:\/\/www.fsa-irrigation.com\/wp-content\/uploads\/firmen-3-853x1024.jpg 853w, https:\/\/www.fsa-irrigation.com\/wp-content\/uploads\/firmen-3-250x300.jpg 250w, https:\/\/www.fsa-irrigation.com\/wp-content\/uploads\/firmen-3-768x922.jpg 768w, https:\/\/www.fsa-irrigation.com\/wp-content\/uploads\/firmen-3-1280x1536.jpg 1280w, https:\/\/www.fsa-irrigation.com\/wp-content\/uploads\/firmen-3.jpg 1500w\" sizes=\"(max-width: 853px) 100vw, 853px\" \/><\/figure>\n\n\n\n<p class=\"has-text-align-center\">Par exemple, les espaces verts des entreprises<\/p>\n<\/div>\n<\/div>\n<\/div>\n<\/div>\n\n<p class=\"has-text-align-center\"><\/p>\n\n<div class=\"wp-block-columns is-layout-flex wp-container-core-columns-is-layout-2 wp-block-columns-is-layout-flex\">\n<div class=\"wp-block-column is-layout-flow wp-block-column-is-layout-flow\">\n<div class=\"wp-block-group has-global-padding is-layout-constrained wp-block-group-is-layout-constrained\">\n<figure class=\"wp-block-image aligncenter size-full is-resized\"><img loading=\"lazy\" decoding=\"async\" width=\"250\" height=\"253\" src=\"https:\/\/www.fsa-irrigation.com\/wp-content\/uploads\/alarm-pikto.png\" alt=\"\" class=\"wp-image-121\" style=\"object-fit:cover;width:120px;height:120px\"\/><\/figure>\n\n\n\n<h4 class=\"wp-block-heading has-text-align-center\">ACTUALIT\u00c9S<\/h4>\n\n\n\n<p class=\"has-text-align-center\">L&rsquo;installation d&rsquo;un arrosage intelligent permet d&rsquo;\u00e9conomiser du temps et de l&rsquo;eau. L&rsquo;arrosage se fait automatiquement et toujours au bon moment. Et vous \u00eates toujours inform\u00e9 ou recevez un message lorsqu&rsquo;une action est n\u00e9cessaire.  <\/p>\n<\/div>\n<\/div>\n\n\n\n<div class=\"wp-block-column is-layout-flow wp-block-column-is-layout-flow\">\n<div class=\"wp-block-group has-global-padding is-layout-constrained wp-block-group-is-layout-constrained\">\n<figure class=\"wp-block-image aligncenter size-full is-resized\"><img loading=\"lazy\" decoding=\"async\" width=\"250\" height=\"253\" src=\"https:\/\/www.fsa-irrigation.com\/wp-content\/uploads\/wasserspar-pikto.png\" alt=\"\" class=\"wp-image-122\" style=\"object-fit:cover;width:120px;height:120px\"\/><\/figure>\n\n\n\n<h4 class=\"wp-block-heading has-text-align-center\">DURABLE<\/h4>\n\n\n\n<p class=\"has-text-align-center\">L&rsquo;arrosage intelligent est une m\u00e9thode efficace et \u00e9conomique pour fournir de l&rsquo;eau \u00e0 vos espaces verts.<\/p>\n<\/div>\n<\/div>\n\n\n\n<div class=\"wp-block-column is-layout-flow wp-block-column-is-layout-flow\">\n<div class=\"wp-block-group has-global-padding is-layout-constrained wp-block-group-is-layout-constrained\">\n<figure class=\"wp-block-image aligncenter size-full is-resized\"><img loading=\"lazy\" decoding=\"async\" width=\"250\" height=\"253\" src=\"https:\/\/www.fsa-irrigation.com\/wp-content\/uploads\/hilfsbereit.png\" alt=\"\" class=\"wp-image-111\" style=\"object-fit:cover;width:120px;height:120px\"\/><\/figure>\n\n\n\n<h4 class=\"wp-block-heading has-text-align-center\">ASSISTANCE<\/h4>\n\n\n\n<p class=\"has-text-align-center\">Profitez de l&rsquo;assistance client\u00e8le de nos sp\u00e9cialistes, qui<br\/>vous apportent conseils, solutions professionnelles et vid\u00e9os explicatives<br\/>.<\/p>\n\n\n\n<p class=\"has-text-align-center\"><\/p>\n<\/div>\n<\/div>\n<\/div>\n\n<p class=\"has-text-align-center\"><strong>IRRIGATION.CLOUD PRODUITS POUR L&rsquo;ARROSAGE INTELLIGENT DES ESPACES VERTS<\/strong><\/p>\n\n<div class=\"wp-block-cb-carousel cb-single-slide\" data-slick=\"{&quot;slidesToShow&quot;:1,&quot;slidesToScroll&quot;:1,&quot;speed&quot;:300,&quot;arrows&quot;:true,&quot;dots&quot;:true,&quot;autoplay&quot;:false,&quot;autoplaySpeed&quot;:3000,&quot;infinite&quot;:false,&quot;responsive&quot;:[{&quot;breakpoint&quot;:769,&quot;settings&quot;:{&quot;slidesToShow&quot;:1,&quot;slidesToScroll&quot;:1}}]}\">\n<div class=\"wp-block-cb-slide\">\n<div class=\"wp-block-columns is-layout-flex wp-container-core-columns-is-layout-3 wp-block-columns-is-layout-flex\">\n<div class=\"wp-block-column is-layout-flow wp-block-column-is-layout-flow\">\n<figure class=\"wp-block-image aligncenter size-full\"><img loading=\"lazy\" decoding=\"async\" width=\"500\" height=\"500\" src=\"https:\/\/www.fsa-irrigation.com\/wp-content\/uploads\/v-box-wifi-controller-i.png\" alt=\"\" class=\"wp-image-112\" srcset=\"https:\/\/www.fsa-irrigation.com\/wp-content\/uploads\/v-box-wifi-controller-i.png 500w, https:\/\/www.fsa-irrigation.com\/wp-content\/uploads\/v-box-wifi-controller-i-300x300.png 300w, https:\/\/www.fsa-irrigation.com\/wp-content\/uploads\/v-box-wifi-controller-i-150x150.png 150w\" sizes=\"(max-width: 500px) 100vw, 500px\" \/><\/figure>\n<\/div>\n\n\n\n<div class=\"wp-block-column is-vertically-aligned-center is-layout-flow wp-block-column-is-layout-flow\">\n<p><strong>1. contr\u00f4leur VBox WiFi<\/strong><br\/><br\/><strong>VBOX<\/strong>: Le contr\u00f4leur irrigation<strong>.cloud<\/strong> WiFi VBox offre une solution avanc\u00e9e pour contr\u00f4ler votre syst\u00e8me d&rsquo;irrigation. Gr\u00e2ce \u00e0 sa polyvalence et \u00e0 ses fonctionnalit\u00e9s intelligentes, il constitue le c\u0153ur de votre syst\u00e8me d&rsquo;irrigation. <\/p>\n\n\n\n<div class=\"wp-block-buttons is-layout-flex wp-container-core-buttons-is-layout-1 wp-block-buttons-is-layout-flex\">\n<div class=\"wp-block-button\"><a class=\"wp-block-button__link wp-element-button\" href=\"https:\/\/www.fsa-irrigation.com\/fr\/produits\/controles\/\">en savoir plus<\/a><\/div>\n<\/div>\n<\/div>\n<\/div>\n<\/div>\n\n\n\n<div class=\"wp-block-cb-slide\">\n<div class=\"wp-block-columns is-layout-flex wp-container-core-columns-is-layout-4 wp-block-columns-is-layout-flex\">\n<div class=\"wp-block-column is-layout-flow wp-block-column-is-layout-flow\">\n<figure class=\"wp-block-image size-full\"><img loading=\"lazy\" decoding=\"async\" width=\"500\" height=\"500\" src=\"https:\/\/www.fsa-irrigation.com\/wp-content\/uploads\/outdoor-gateway-i2.png\" alt=\"\" class=\"wp-image-114\" srcset=\"https:\/\/www.fsa-irrigation.com\/wp-content\/uploads\/outdoor-gateway-i2.png 500w, https:\/\/www.fsa-irrigation.com\/wp-content\/uploads\/outdoor-gateway-i2-300x300.png 300w, https:\/\/www.fsa-irrigation.com\/wp-content\/uploads\/outdoor-gateway-i2-150x150.png 150w\" sizes=\"(max-width: 500px) 100vw, 500px\" \/><\/figure>\n<\/div>\n\n\n\n<div class=\"wp-block-column is-vertically-aligned-center is-layout-flow wp-block-column-is-layout-flow\">\n<p><strong>2\u00e8me passerelle<\/strong><\/p>\n\n\n\n<p>Avec notre passerelle Wifi, nous proposons une solution innovante pour int\u00e9grer de mani\u00e8re transparente des appareils tels que des vannes et des capteurs dans irrigation<strong>.cloud.<\/strong> En connectant jusqu&rsquo;\u00e0 40 appareils sans fil dans le cloud, notre passerelle permet un contr\u00f4le et une surveillance efficaces et fiables de vos syst\u00e8mes d&rsquo;irrigation. <\/p>\n\n\n\n<div class=\"wp-block-buttons is-layout-flex wp-container-core-buttons-is-layout-2 wp-block-buttons-is-layout-flex\">\n<div class=\"wp-block-button\"><a class=\"wp-block-button__link wp-element-button\" href=\"https:\/\/www.fsa-irrigation.com\/fr\/produits\/controles\/\">en savoir plus<\/a><\/div>\n<\/div>\n<\/div>\n<\/div>\n<\/div>\n\n\n\n<div class=\"wp-block-cb-slide\">\n<div class=\"wp-block-columns is-layout-flex wp-container-core-columns-is-layout-5 wp-block-columns-is-layout-flex\">\n<div class=\"wp-block-column is-layout-flow wp-block-column-is-layout-flow\">\n<figure class=\"wp-block-image size-full\"><img loading=\"lazy\" decoding=\"async\" width=\"500\" height=\"500\" src=\"https:\/\/www.fsa-irrigation.com\/wp-content\/uploads\/universal-sensor-verb-i.png\" alt=\"\" class=\"wp-image-115\" srcset=\"https:\/\/www.fsa-irrigation.com\/wp-content\/uploads\/universal-sensor-verb-i.png 500w, https:\/\/www.fsa-irrigation.com\/wp-content\/uploads\/universal-sensor-verb-i-300x300.png 300w, https:\/\/www.fsa-irrigation.com\/wp-content\/uploads\/universal-sensor-verb-i-150x150.png 150w\" sizes=\"(max-width: 500px) 100vw, 500px\" \/><\/figure>\n<\/div>\n\n\n\n<div class=\"wp-block-column is-vertically-aligned-center is-layout-flow wp-block-column-is-layout-flow\">\n<p><strong>3. module de connexion de capteur universel<\/strong><\/p>\n\n\n\n<p>Notre module de communication sans fil universel pour le capteur irrigation<strong>.cloud<\/strong> offre une solution fiable pour la communication sans fil entre les capteurs et la passerelle centrale.  <\/p>\n\n\n\n<div class=\"wp-block-buttons is-layout-flex wp-container-core-buttons-is-layout-3 wp-block-buttons-is-layout-flex\">\n<div class=\"wp-block-button\"><a class=\"wp-block-button__link wp-element-button\" href=\"https:\/\/www.fsa-irrigation.com\/fr\/produits\/controles\/\">en savoir plus<\/a><\/div>\n<\/div>\n<\/div>\n<\/div>\n<\/div>\n\n\n\n<div class=\"wp-block-cb-slide\">\n<div class=\"wp-block-columns is-layout-flex wp-container-core-columns-is-layout-6 wp-block-columns-is-layout-flex\">\n<div class=\"wp-block-column is-layout-flow wp-block-column-is-layout-flow\">\n<figure class=\"wp-block-image size-full\"><img loading=\"lazy\" decoding=\"async\" width=\"500\" height=\"500\" src=\"https:\/\/www.fsa-irrigation.com\/wp-content\/uploads\/sensor1-i2.png\" alt=\"\" class=\"wp-image-116\" srcset=\"https:\/\/www.fsa-irrigation.com\/wp-content\/uploads\/sensor1-i2.png 500w, https:\/\/www.fsa-irrigation.com\/wp-content\/uploads\/sensor1-i2-300x300.png 300w, https:\/\/www.fsa-irrigation.com\/wp-content\/uploads\/sensor1-i2-150x150.png 150w\" sizes=\"(max-width: 500px) 100vw, 500px\" \/><\/figure>\n<\/div>\n\n\n\n<div class=\"wp-block-column is-vertically-aligned-center is-layout-flow wp-block-column-is-layout-flow\">\n<p><strong>4. capteur d&rsquo;humidit\u00e9 et de temp\u00e9rature du sol<\/strong><\/p>\n\n\n\n<p>Notre sonde capacitive ext\u00e9rieure d&rsquo;humidit\u00e9 et de temp\u00e9rature du sol permet de surveiller avec pr\u00e9cision l&rsquo;humidit\u00e9 et la temp\u00e9rature du sol dans les zones ext\u00e9rieures. Cette sonde doit \u00eatre connect\u00e9e \u00e0 notre module de communication universel pour s&rsquo;int\u00e9grer de mani\u00e8re transparente au syst\u00e8me d&rsquo;irrigation. <\/p>\n\n\n\n<div class=\"wp-block-buttons is-layout-flex wp-container-core-buttons-is-layout-4 wp-block-buttons-is-layout-flex\">\n<div class=\"wp-block-button\"><a class=\"wp-block-button__link wp-element-button\" href=\"https:\/\/www.fsa-irrigation.com\/fr\/produits\/controles\/\">en savoir plus<\/a><\/div>\n<\/div>\n<\/div>\n<\/div>\n<\/div>\n<\/div>\n\n<p class=\"has-text-align-center\"><strong>EXEMPLE DE PLANIFICATION DE L&rsquo;ARROSAGE AUTOMATIQUE INTELLIGENT D&rsquo;UN ESPACE VERT D&rsquo;UN IMMEUBLE<\/strong><\/p>\n\n<figure class=\"wp-block-image aligncenter size-large\"><img loading=\"lazy\" decoding=\"async\" width=\"1024\" height=\"600\" src=\"https:\/\/www.fsa-irrigation.com\/wp-content\/uploads\/\/gruenanlagenplan-z-1024x600.jpg\" alt=\"\" class=\"wp-image-123\" srcset=\"https:\/\/www.fsa-irrigation.com\/wp-content\/uploads\/gruenanlagenplan-z-1024x600.jpg 1024w, https:\/\/www.fsa-irrigation.com\/wp-content\/uploads\/gruenanlagenplan-z-300x176.jpg 300w, https:\/\/www.fsa-irrigation.com\/wp-content\/uploads\/gruenanlagenplan-z-768x450.jpg 768w, https:\/\/www.fsa-irrigation.com\/wp-content\/uploads\/gruenanlagenplan-z-1536x899.jpg 1536w, https:\/\/www.fsa-irrigation.com\/wp-content\/uploads\/gruenanlagenplan-z.jpg 2000w\" sizes=\"(max-width: 1024px) 100vw, 1024px\" \/><\/figure>\n\n<p><strong>1<\/strong>: Plusieurs <strong>Vbox<\/strong> peuvent \u00eatre install\u00e9es de mani\u00e8re d\u00e9centralis\u00e9e dans les diff\u00e9rentes zones du jardin \u00e0 arroser. Les Vbox sont directement int\u00e9gr\u00e9es dans les puits d&rsquo;irrigation. Elles peuvent \u00eatre contr\u00f4l\u00e9es \u00e0 distance gr\u00e2ce \u00e0 leur fonctionnalit\u00e9 WLAN.  <br\/><strong>2<\/strong>: Une <strong>passerelle<\/strong> est n\u00e9cessaire pour connecter les capteurs. Elle est g\u00e9n\u00e9ralement plac\u00e9e \u00e0 proximit\u00e9 du b\u00e2timent principal et permet la connexion entre les capteurs et la plate-forme irrigation.cloud. Dans certains cas, il est n\u00e9cessaire d&rsquo;installer plusieurs passerelles si la distance entre la passerelle centrale et les capteurs les plus \u00e9loign\u00e9s d\u00e9passe 120 m\u00e8tres. Cela garantit une communication optimale.   <br\/><strong>3<\/strong>: Le <strong>module universel de capteurs <\/strong>peut \u00eatre install\u00e9 n&rsquo;importe o\u00f9 dans l&rsquo;installation gr\u00e2ce \u00e0 son fonctionnement sur batterie. Il est toujours coupl\u00e9 \u00e0 un capteur et permet de transmettre les donn\u00e9es \u00e0 la passerelle. <br\/><strong>4<\/strong>: Les <strong>capteurs<\/strong> sont coupl\u00e9s \u00e0 un module universel afin de pouvoir transmettre leurs donn\u00e9es \u00e0 la plateforme irrigation.cloud. Ils peuvent \u00eatre int\u00e9gr\u00e9s partout o\u00f9 cela est n\u00e9cessaire et utile, <\/p>\n","protected":false},"excerpt":{"rendered":"<p>\u00ab\u00a0Les produits irrigation.cloud ont \u00e9t\u00e9 con\u00e7us pour couvrir un large \u00e9ventail d&rsquo;applications, de l&rsquo;arrosage de parcs priv\u00e9s aux installations les plus diverses. Nos syst\u00e8mes d&rsquo;irrigation et de d\u00e9tection s&rsquo;adaptent \u00e0 toutes les tailles de terrain et de surface. Avec une interface unique et enti\u00e8rement configurable, la solution irrigation.cloud simplifie la surveillance, la gestion et la [&hellip;]<\/p>\n","protected":false},"author":1,"featured_media":0,"parent":600,"menu_order":2,"comment_status":"closed","ping_status":"closed","template":"","meta":{"footnotes":""},"class_list":["post-624","page","type-page","status-publish","hentry"],"yoast_head":"<!-- This site is optimized with the Yoast SEO plugin v24.6 - https:\/\/yoast.com\/wordpress\/plugins\/seo\/ -->\n<title>Espaces verts - FSA Irrigation<\/title>\n<meta name=\"robots\" content=\"index, follow, max-snippet:-1, max-image-preview:large, max-video-preview:-1\" \/>\n<link rel=\"canonical\" href=\"https:\/\/www.fsa-irrigation.com\/fr\/application\/espaces-verts\/\" \/>\n<meta property=\"og:locale\" content=\"fr_FR\" \/>\n<meta property=\"og:type\" content=\"article\" \/>\n<meta property=\"og:title\" content=\"Espaces verts - FSA Irrigation\" \/>\n<meta property=\"og:description\" content=\"\u00ab\u00a0Les produits irrigation.cloud ont \u00e9t\u00e9 con\u00e7us pour couvrir un large \u00e9ventail d&rsquo;applications, de l&rsquo;arrosage de parcs priv\u00e9s aux installations les plus diverses. Nos syst\u00e8mes d&rsquo;irrigation et de d\u00e9tection s&rsquo;adaptent \u00e0 toutes les tailles de terrain et de surface. Avec une interface unique et enti\u00e8rement configurable, la solution irrigation.cloud simplifie la surveillance, la gestion et la [&hellip;]\" \/>\n<meta property=\"og:url\" content=\"https:\/\/www.fsa-irrigation.com\/fr\/application\/espaces-verts\/\" \/>\n<meta property=\"og:site_name\" content=\"FSA Irrigation\" \/>\n<meta property=\"article:modified_time\" content=\"2025-01-31T20:41:55+00:00\" \/>\n<meta property=\"og:image\" content=\"https:\/\/www.fsa-irrigation.com\/wp-content\/uploads\/firmen-4-853x1024.jpg\" \/>\n\t<meta property=\"og:image:width\" content=\"853\" \/>\n\t<meta property=\"og:image:height\" content=\"1024\" \/>\n\t<meta property=\"og:image:type\" content=\"image\/jpeg\" \/>\n<meta name=\"twitter:card\" content=\"summary_large_image\" \/>\n<meta name=\"twitter:label1\" content=\"Dur\u00e9e de lecture estim\u00e9e\" \/>\n\t<meta name=\"twitter:data1\" content=\"3 minutes\" \/>\n<script type=\"application\/ld+json\" class=\"yoast-schema-graph\">{\"@context\":\"https:\/\/schema.org\",\"@graph\":[{\"@type\":\"WebPage\",\"@id\":\"https:\/\/www.fsa-irrigation.com\/fr\/application\/espaces-verts\/\",\"url\":\"https:\/\/www.fsa-irrigation.com\/fr\/application\/espaces-verts\/\",\"name\":\"Espaces verts - FSA Irrigation\",\"isPartOf\":{\"@id\":\"https:\/\/www.fsa-irrigation.com\/fr\/#website\"},\"primaryImageOfPage\":{\"@id\":\"https:\/\/www.fsa-irrigation.com\/fr\/application\/espaces-verts\/#primaryimage\"},\"image\":{\"@id\":\"https:\/\/www.fsa-irrigation.com\/fr\/application\/espaces-verts\/#primaryimage\"},\"thumbnailUrl\":\"https:\/\/www.fsa-irrigation.com\/wp-content\/uploads\/\/firmen-4-853x1024.jpg\",\"datePublished\":\"2024-12-01T16:48:14+00:00\",\"dateModified\":\"2025-01-31T20:41:55+00:00\",\"breadcrumb\":{\"@id\":\"https:\/\/www.fsa-irrigation.com\/fr\/application\/espaces-verts\/#breadcrumb\"},\"inLanguage\":\"fr-FR\",\"potentialAction\":[{\"@type\":\"ReadAction\",\"target\":[\"https:\/\/www.fsa-irrigation.com\/fr\/application\/espaces-verts\/\"]}]},{\"@type\":\"ImageObject\",\"inLanguage\":\"fr-FR\",\"@id\":\"https:\/\/www.fsa-irrigation.com\/fr\/application\/espaces-verts\/#primaryimage\",\"url\":\"https:\/\/www.fsa-irrigation.com\/wp-content\/uploads\/\/firmen-4-853x1024.jpg\",\"contentUrl\":\"https:\/\/www.fsa-irrigation.com\/wp-content\/uploads\/\/firmen-4-853x1024.jpg\"},{\"@type\":\"BreadcrumbList\",\"@id\":\"https:\/\/www.fsa-irrigation.com\/fr\/application\/espaces-verts\/#breadcrumb\",\"itemListElement\":[{\"@type\":\"ListItem\",\"position\":1,\"name\":\"Startseite\",\"item\":\"https:\/\/www.fsa-irrigation.com\/fr\/produits\/\"},{\"@type\":\"ListItem\",\"position\":2,\"name\":\"Application\",\"item\":\"https:\/\/www.fsa-irrigation.com\/fr\/application\/\"},{\"@type\":\"ListItem\",\"position\":3,\"name\":\"Espaces verts\"}]},{\"@type\":\"WebSite\",\"@id\":\"https:\/\/www.fsa-irrigation.com\/fr\/#website\",\"url\":\"https:\/\/www.fsa-irrigation.com\/fr\/\",\"name\":\"FSA Irrigation\",\"description\":\"Des produits innovants et durables\",\"publisher\":{\"@id\":\"https:\/\/www.fsa-irrigation.com\/fr\/#organization\"},\"potentialAction\":[{\"@type\":\"SearchAction\",\"target\":{\"@type\":\"EntryPoint\",\"urlTemplate\":\"https:\/\/www.fsa-irrigation.com\/fr\/?s={search_term_string}\"},\"query-input\":{\"@type\":\"PropertyValueSpecification\",\"valueRequired\":true,\"valueName\":\"search_term_string\"}}],\"inLanguage\":\"fr-FR\"},{\"@type\":\"Organization\",\"@id\":\"https:\/\/www.fsa-irrigation.com\/fr\/#organization\",\"name\":\"Fluid Systems & Automation Irrigation\",\"url\":\"https:\/\/www.fsa-irrigation.com\/fr\/\",\"logo\":{\"@type\":\"ImageObject\",\"inLanguage\":\"fr-FR\",\"@id\":\"https:\/\/www.fsa-irrigation.com\/fr\/#\/schema\/logo\/image\/\",\"url\":\"https:\/\/www.fsa-irrigation.com\/wp-content\/uploads\/fsa-irrigation-grau.png\",\"contentUrl\":\"https:\/\/www.fsa-irrigation.com\/wp-content\/uploads\/fsa-irrigation-grau.png\",\"width\":600,\"height\":255,\"caption\":\"Fluid Systems & Automation Irrigation\"},\"image\":{\"@id\":\"https:\/\/www.fsa-irrigation.com\/fr\/#\/schema\/logo\/image\/\"},\"sameAs\":[\"https:\/\/de.linkedin.com\/company\/fluidsystems\"]}]}<\/script>\n<!-- \/ Yoast SEO plugin. -->","yoast_head_json":{"title":"Espaces verts - FSA Irrigation","robots":{"index":"index","follow":"follow","max-snippet":"max-snippet:-1","max-image-preview":"max-image-preview:large","max-video-preview":"max-video-preview:-1"},"canonical":"https:\/\/www.fsa-irrigation.com\/fr\/application\/espaces-verts\/","og_locale":"fr_FR","og_type":"article","og_title":"Espaces verts - FSA Irrigation","og_description":"\u00ab\u00a0Les produits irrigation.cloud ont \u00e9t\u00e9 con\u00e7us pour couvrir un large \u00e9ventail d&rsquo;applications, de l&rsquo;arrosage de parcs priv\u00e9s aux installations les plus diverses. Nos syst\u00e8mes d&rsquo;irrigation et de d\u00e9tection s&rsquo;adaptent \u00e0 toutes les tailles de terrain et de surface. Avec une interface unique et enti\u00e8rement configurable, la solution irrigation.cloud simplifie la surveillance, la gestion et la [&hellip;]","og_url":"https:\/\/www.fsa-irrigation.com\/fr\/application\/espaces-verts\/","og_site_name":"FSA Irrigation","article_modified_time":"2025-01-31T20:41:55+00:00","og_image":[{"width":853,"height":1024,"url":"https:\/\/www.fsa-irrigation.com\/wp-content\/uploads\/firmen-4-853x1024.jpg","type":"image\/jpeg"}],"twitter_card":"summary_large_image","twitter_misc":{"Dur\u00e9e de lecture estim\u00e9e":"3 minutes"},"schema":{"@context":"https:\/\/schema.org","@graph":[{"@type":"WebPage","@id":"https:\/\/www.fsa-irrigation.com\/fr\/application\/espaces-verts\/","url":"https:\/\/www.fsa-irrigation.com\/fr\/application\/espaces-verts\/","name":"Espaces verts - FSA Irrigation","isPartOf":{"@id":"https:\/\/www.fsa-irrigation.com\/fr\/#website"},"primaryImageOfPage":{"@id":"https:\/\/www.fsa-irrigation.com\/fr\/application\/espaces-verts\/#primaryimage"},"image":{"@id":"https:\/\/www.fsa-irrigation.com\/fr\/application\/espaces-verts\/#primaryimage"},"thumbnailUrl":"https:\/\/www.fsa-irrigation.com\/wp-content\/uploads\/\/firmen-4-853x1024.jpg","datePublished":"2024-12-01T16:48:14+00:00","dateModified":"2025-01-31T20:41:55+00:00","breadcrumb":{"@id":"https:\/\/www.fsa-irrigation.com\/fr\/application\/espaces-verts\/#breadcrumb"},"inLanguage":"fr-FR","potentialAction":[{"@type":"ReadAction","target":["https:\/\/www.fsa-irrigation.com\/fr\/application\/espaces-verts\/"]}]},{"@type":"ImageObject","inLanguage":"fr-FR","@id":"https:\/\/www.fsa-irrigation.com\/fr\/application\/espaces-verts\/#primaryimage","url":"https:\/\/www.fsa-irrigation.com\/wp-content\/uploads\/\/firmen-4-853x1024.jpg","contentUrl":"https:\/\/www.fsa-irrigation.com\/wp-content\/uploads\/\/firmen-4-853x1024.jpg"},{"@type":"BreadcrumbList","@id":"https:\/\/www.fsa-irrigation.com\/fr\/application\/espaces-verts\/#breadcrumb","itemListElement":[{"@type":"ListItem","position":1,"name":"Startseite","item":"https:\/\/www.fsa-irrigation.com\/fr\/produits\/"},{"@type":"ListItem","position":2,"name":"Application","item":"https:\/\/www.fsa-irrigation.com\/fr\/application\/"},{"@type":"ListItem","position":3,"name":"Espaces verts"}]},{"@type":"WebSite","@id":"https:\/\/www.fsa-irrigation.com\/fr\/#website","url":"https:\/\/www.fsa-irrigation.com\/fr\/","name":"FSA Irrigation","description":"Des produits innovants et durables","publisher":{"@id":"https:\/\/www.fsa-irrigation.com\/fr\/#organization"},"potentialAction":[{"@type":"SearchAction","target":{"@type":"EntryPoint","urlTemplate":"https:\/\/www.fsa-irrigation.com\/fr\/?s={search_term_string}"},"query-input":{"@type":"PropertyValueSpecification","valueRequired":true,"valueName":"search_term_string"}}],"inLanguage":"fr-FR"},{"@type":"Organization","@id":"https:\/\/www.fsa-irrigation.com\/fr\/#organization","name":"Fluid Systems & Automation Irrigation","url":"https:\/\/www.fsa-irrigation.com\/fr\/","logo":{"@type":"ImageObject","inLanguage":"fr-FR","@id":"https:\/\/www.fsa-irrigation.com\/fr\/#\/schema\/logo\/image\/","url":"https:\/\/www.fsa-irrigation.com\/wp-content\/uploads\/fsa-irrigation-grau.png","contentUrl":"https:\/\/www.fsa-irrigation.com\/wp-content\/uploads\/fsa-irrigation-grau.png","width":600,"height":255,"caption":"Fluid Systems & Automation Irrigation"},"image":{"@id":"https:\/\/www.fsa-irrigation.com\/fr\/#\/schema\/logo\/image\/"},"sameAs":["https:\/\/de.linkedin.com\/company\/fluidsystems"]}]}},"_links":{"self":[{"href":"https:\/\/www.fsa-irrigation.com\/fr\/wp-json\/wp\/v2\/pages\/624"}],"collection":[{"href":"https:\/\/www.fsa-irrigation.com\/fr\/wp-json\/wp\/v2\/pages"}],"about":[{"href":"https:\/\/www.fsa-irrigation.com\/fr\/wp-json\/wp\/v2\/types\/page"}],"author":[{"embeddable":true,"href":"https:\/\/www.fsa-irrigation.com\/fr\/wp-json\/wp\/v2\/users\/1"}],"replies":[{"embeddable":true,"href":"https:\/\/www.fsa-irrigation.com\/fr\/wp-json\/wp\/v2\/comments?post=624"}],"version-history":[{"count":1,"href":"https:\/\/www.fsa-irrigation.com\/fr\/wp-json\/wp\/v2\/pages\/624\/revisions"}],"predecessor-version":[{"id":632,"href":"https:\/\/www.fsa-irrigation.com\/fr\/wp-json\/wp\/v2\/pages\/624\/revisions\/632"}],"up":[{"embeddable":true,"href":"https:\/\/www.fsa-irrigation.com\/fr\/wp-json\/wp\/v2\/pages\/600"}],"wp:attachment":[{"href":"https:\/\/www.fsa-irrigation.com\/fr\/wp-json\/wp\/v2\/media?parent=624"}],"curies":[{"name":"wp","href":"https:\/\/api.w.org\/{rel}","templated":true}]}}