{"id":615,"date":"2024-11-15T22:02:14","date_gmt":"2024-11-15T21:02:14","guid":{"rendered":"https:\/\/www.fsa-irrigation.com\/mentions-legales\/"},"modified":"2026-02-18T15:29:31","modified_gmt":"2026-02-18T14:29:31","slug":"mentions-legales","status":"publish","type":"page","link":"https:\/\/www.fsa-irrigation.com\/fr\/mentions-legales\/","title":{"rendered":"Mentions l\u00e9gales"},"content":{"rendered":"\n<p class=\"has-large-font-size\">Fluid Systems &amp; Automation GmbH<\/p>\n\n<figure class=\"wp-block-table is-style-stripes\" style=\"text-transform:uppercase\"><table class=\"has-fixed-layout\"><tbody><tr><td><strong>Repr. d. <\/strong><\/td><td>Matthias Kr\u00fcgel<\/td><\/tr><tr><td><strong>Adresse<\/strong><\/td><td>Von-Drais-Stra\u00dfe 35<br\/>77855 Achern<br\/>Allemagne<\/td><\/tr><tr><td><strong>T\u00e9l\u00e9phone<\/strong><\/td><td>+49 (0) 7841 6307506<\/td><\/tr><tr><td><strong>E-Mail<\/strong><\/td><td><a href=\"mailto:info@irrigation.cloud\">info@<\/a><a href=\"mailto:info@fsa-irrigation.com\">fsa-irrigation.com<\/a><\/td><\/tr><tr><td><strong>Num\u00e9ro de TVA<\/strong><\/td><td>DE301531073<\/td><\/tr><tr><td><strong>HRB<\/strong><\/td><td>HRB722525<\/td><\/tr><tr><td><strong>Tribunal comp\u00e9tent<\/strong><\/td><td>Tribunal d&rsquo;instance de Mannheim<\/td><\/tr><tr><td><strong>Lieu d&rsquo;ex\u00e9cution<br\/><\/strong><\/td><td>Sasbach<\/td><\/tr><\/tbody><\/table><\/figure>\n\n<div style=\"height:30px\" aria-hidden=\"true\" class=\"wp-block-spacer\"><\/div>\n","protected":false},"excerpt":{"rendered":"<p>Fluid Systems &amp; Automation GmbH Repr. d. Matthias Kr\u00fcgel Adresse Von-Drais-Stra\u00dfe 3577855 AchernAllemagne T\u00e9l\u00e9phone +49 (0) 7841 6307506 E-Mail info@fsa-irrigation.com Num\u00e9ro de TVA DE301531073 HRB HRB722525 Tribunal comp\u00e9tent Tribunal d&rsquo;instance de Mannheim Lieu d&rsquo;ex\u00e9cution Sasbach<\/p>\n","protected":false},"author":1,"featured_media":0,"parent":0,"menu_order":11,"comment_status":"closed","ping_status":"closed","template":"","meta":{"footnotes":""},"class_list":["post-615","page","type-page","status-publish","hentry"],"yoast_head":"<!-- This site is optimized with the Yoast SEO plugin v24.6 - https:\/\/yoast.com\/wordpress\/plugins\/seo\/ -->\n<title>Mentions l\u00e9gales - FSA Irrigation<\/title>\n<meta name=\"robots\" content=\"index, follow, max-snippet:-1, max-image-preview:large, max-video-preview:-1\" \/>\n<link rel=\"canonical\" href=\"https:\/\/www.fsa-irrigation.com\/fr\/mentions-legales\/\" \/>\n<meta property=\"og:locale\" content=\"fr_FR\" \/>\n<meta property=\"og:type\" content=\"article\" \/>\n<meta property=\"og:title\" content=\"Mentions l\u00e9gales - FSA Irrigation\" \/>\n<meta property=\"og:description\" content=\"Fluid Systems &amp; Automation GmbH Repr. d. Matthias Kr\u00fcgel Adresse Von-Drais-Stra\u00dfe 3577855 AchernAllemagne T\u00e9l\u00e9phone +49 (0) 7841 6307506 E-Mail info@fsa-irrigation.com Num\u00e9ro de TVA DE301531073 HRB HRB722525 Tribunal comp\u00e9tent Tribunal d&rsquo;instance de Mannheim Lieu d&rsquo;ex\u00e9cution Sasbach\" \/>\n<meta property=\"og:url\" content=\"https:\/\/www.fsa-irrigation.com\/fr\/mentions-legales\/\" \/>\n<meta property=\"og:site_name\" content=\"FSA Irrigation\" \/>\n<meta property=\"article:modified_time\" content=\"2026-02-18T14:29:31+00:00\" \/>\n<meta name=\"twitter:card\" content=\"summary_large_image\" \/>\n<script type=\"application\/ld+json\" class=\"yoast-schema-graph\">{\"@context\":\"https:\/\/schema.org\",\"@graph\":[{\"@type\":\"WebPage\",\"@id\":\"https:\/\/www.fsa-irrigation.com\/fr\/mentions-legales\/\",\"url\":\"https:\/\/www.fsa-irrigation.com\/fr\/mentions-legales\/\",\"name\":\"Mentions l\u00e9gales - FSA Irrigation\",\"isPartOf\":{\"@id\":\"https:\/\/www.fsa-irrigation.com\/fr\/#website\"},\"datePublished\":\"2024-11-15T21:02:14+00:00\",\"dateModified\":\"2026-02-18T14:29:31+00:00\",\"breadcrumb\":{\"@id\":\"https:\/\/www.fsa-irrigation.com\/fr\/mentions-legales\/#breadcrumb\"},\"inLanguage\":\"fr-FR\",\"potentialAction\":[{\"@type\":\"ReadAction\",\"target\":[\"https:\/\/www.fsa-irrigation.com\/fr\/mentions-legales\/\"]}]},{\"@type\":\"BreadcrumbList\",\"@id\":\"https:\/\/www.fsa-irrigation.com\/fr\/mentions-legales\/#breadcrumb\",\"itemListElement\":[{\"@type\":\"ListItem\",\"position\":1,\"name\":\"Startseite\",\"item\":\"https:\/\/www.fsa-irrigation.com\/fr\/produits\/\"},{\"@type\":\"ListItem\",\"position\":2,\"name\":\"Mentions l\u00e9gales\"}]},{\"@type\":\"WebSite\",\"@id\":\"https:\/\/www.fsa-irrigation.com\/fr\/#website\",\"url\":\"https:\/\/www.fsa-irrigation.com\/fr\/\",\"name\":\"FSA Irrigation\",\"description\":\"Des produits innovants et durables\",\"publisher\":{\"@id\":\"https:\/\/www.fsa-irrigation.com\/fr\/#organization\"},\"potentialAction\":[{\"@type\":\"SearchAction\",\"target\":{\"@type\":\"EntryPoint\",\"urlTemplate\":\"https:\/\/www.fsa-irrigation.com\/fr\/?s={search_term_string}\"},\"query-input\":{\"@type\":\"PropertyValueSpecification\",\"valueRequired\":true,\"valueName\":\"search_term_string\"}}],\"inLanguage\":\"fr-FR\"},{\"@type\":\"Organization\",\"@id\":\"https:\/\/www.fsa-irrigation.com\/fr\/#organization\",\"name\":\"Fluid Systems & Automation Irrigation\",\"url\":\"https:\/\/www.fsa-irrigation.com\/fr\/\",\"logo\":{\"@type\":\"ImageObject\",\"inLanguage\":\"fr-FR\",\"@id\":\"https:\/\/www.fsa-irrigation.com\/fr\/#\/schema\/logo\/image\/\",\"url\":\"https:\/\/www.fsa-irrigation.com\/wp-content\/uploads\/fsa-irrigation-grau.png\",\"contentUrl\":\"https:\/\/www.fsa-irrigation.com\/wp-content\/uploads\/fsa-irrigation-grau.png\",\"width\":600,\"height\":255,\"caption\":\"Fluid Systems & Automation Irrigation\"},\"image\":{\"@id\":\"https:\/\/www.fsa-irrigation.com\/fr\/#\/schema\/logo\/image\/\"},\"sameAs\":[\"https:\/\/de.linkedin.com\/company\/fluidsystems\"]}]}<\/script>\n<!-- \/ Yoast SEO plugin. -->","yoast_head_json":{"title":"Mentions l\u00e9gales - FSA Irrigation","robots":{"index":"index","follow":"follow","max-snippet":"max-snippet:-1","max-image-preview":"max-image-preview:large","max-video-preview":"max-video-preview:-1"},"canonical":"https:\/\/www.fsa-irrigation.com\/fr\/mentions-legales\/","og_locale":"fr_FR","og_type":"article","og_title":"Mentions l\u00e9gales - FSA Irrigation","og_description":"Fluid Systems &amp; Automation GmbH Repr. d. Matthias Kr\u00fcgel Adresse Von-Drais-Stra\u00dfe 3577855 AchernAllemagne T\u00e9l\u00e9phone +49 (0) 7841 6307506 E-Mail info@fsa-irrigation.com Num\u00e9ro de TVA DE301531073 HRB HRB722525 Tribunal comp\u00e9tent Tribunal d&rsquo;instance de Mannheim Lieu d&rsquo;ex\u00e9cution Sasbach","og_url":"https:\/\/www.fsa-irrigation.com\/fr\/mentions-legales\/","og_site_name":"FSA Irrigation","article_modified_time":"2026-02-18T14:29:31+00:00","twitter_card":"summary_large_image","schema":{"@context":"https:\/\/schema.org","@graph":[{"@type":"WebPage","@id":"https:\/\/www.fsa-irrigation.com\/fr\/mentions-legales\/","url":"https:\/\/www.fsa-irrigation.com\/fr\/mentions-legales\/","name":"Mentions l\u00e9gales - FSA Irrigation","isPartOf":{"@id":"https:\/\/www.fsa-irrigation.com\/fr\/#website"},"datePublished":"2024-11-15T21:02:14+00:00","dateModified":"2026-02-18T14:29:31+00:00","breadcrumb":{"@id":"https:\/\/www.fsa-irrigation.com\/fr\/mentions-legales\/#breadcrumb"},"inLanguage":"fr-FR","potentialAction":[{"@type":"ReadAction","target":["https:\/\/www.fsa-irrigation.com\/fr\/mentions-legales\/"]}]},{"@type":"BreadcrumbList","@id":"https:\/\/www.fsa-irrigation.com\/fr\/mentions-legales\/#breadcrumb","itemListElement":[{"@type":"ListItem","position":1,"name":"Startseite","item":"https:\/\/www.fsa-irrigation.com\/fr\/produits\/"},{"@type":"ListItem","position":2,"name":"Mentions l\u00e9gales"}]},{"@type":"WebSite","@id":"https:\/\/www.fsa-irrigation.com\/fr\/#website","url":"https:\/\/www.fsa-irrigation.com\/fr\/","name":"FSA Irrigation","description":"Des produits innovants et durables","publisher":{"@id":"https:\/\/www.fsa-irrigation.com\/fr\/#organization"},"potentialAction":[{"@type":"SearchAction","target":{"@type":"EntryPoint","urlTemplate":"https:\/\/www.fsa-irrigation.com\/fr\/?s={search_term_string}"},"query-input":{"@type":"PropertyValueSpecification","valueRequired":true,"valueName":"search_term_string"}}],"inLanguage":"fr-FR"},{"@type":"Organization","@id":"https:\/\/www.fsa-irrigation.com\/fr\/#organization","name":"Fluid Systems & Automation Irrigation","url":"https:\/\/www.fsa-irrigation.com\/fr\/","logo":{"@type":"ImageObject","inLanguage":"fr-FR","@id":"https:\/\/www.fsa-irrigation.com\/fr\/#\/schema\/logo\/image\/","url":"https:\/\/www.fsa-irrigation.com\/wp-content\/uploads\/fsa-irrigation-grau.png","contentUrl":"https:\/\/www.fsa-irrigation.com\/wp-content\/uploads\/fsa-irrigation-grau.png","width":600,"height":255,"caption":"Fluid Systems & Automation Irrigation"},"image":{"@id":"https:\/\/www.fsa-irrigation.com\/fr\/#\/schema\/logo\/image\/"},"sameAs":["https:\/\/de.linkedin.com\/company\/fluidsystems"]}]}},"_links":{"self":[{"href":"https:\/\/www.fsa-irrigation.com\/fr\/wp-json\/wp\/v2\/pages\/615"}],"collection":[{"href":"https:\/\/www.fsa-irrigation.com\/fr\/wp-json\/wp\/v2\/pages"}],"about":[{"href":"https:\/\/www.fsa-irrigation.com\/fr\/wp-json\/wp\/v2\/types\/page"}],"author":[{"embeddable":true,"href":"https:\/\/www.fsa-irrigation.com\/fr\/wp-json\/wp\/v2\/users\/1"}],"replies":[{"embeddable":true,"href":"https:\/\/www.fsa-irrigation.com\/fr\/wp-json\/wp\/v2\/comments?post=615"}],"version-history":[{"count":2,"href":"https:\/\/www.fsa-irrigation.com\/fr\/wp-json\/wp\/v2\/pages\/615\/revisions"}],"predecessor-version":[{"id":705,"href":"https:\/\/www.fsa-irrigation.com\/fr\/wp-json\/wp\/v2\/pages\/615\/revisions\/705"}],"wp:attachment":[{"href":"https:\/\/www.fsa-irrigation.com\/fr\/wp-json\/wp\/v2\/media?parent=615"}],"curies":[{"name":"wp","href":"https:\/\/api.w.org\/{rel}","templated":true}]}}