{"id":607,"date":"2024-11-15T22:01:01","date_gmt":"2024-11-15T21:01:01","guid":{"rendered":"https:\/\/www.fsa-irrigation.com\/logiciel\/"},"modified":"2025-01-30T21:45:51","modified_gmt":"2025-01-30T20:45:51","slug":"logiciel","status":"publish","type":"page","link":"https:\/\/www.fsa-irrigation.com\/fr\/logiciel\/","title":{"rendered":"Logiciel"},"content":{"rendered":"\n<p><strong>D\u00e9couvrez irrigation.cloud : votre solution SaaS pour une gestion de l&rsquo;irrigation connect\u00e9e et intelligente<\/strong><\/p>\n\n<figure class=\"wp-block-image size-full\"><img loading=\"lazy\" decoding=\"async\" width=\"1000\" height=\"512\" src=\"https:\/\/www.fsa-irrigation.com\/wp-content\/uploads\/APP1.png\" alt=\"Application d'irrigation sur diff&#xE9;rents appareils\" class=\"wp-image-169\" srcset=\"https:\/\/www.fsa-irrigation.com\/wp-content\/uploads\/APP1.png 1000w, https:\/\/www.fsa-irrigation.com\/wp-content\/uploads\/APP1-300x154.png 300w, https:\/\/www.fsa-irrigation.com\/wp-content\/uploads\/APP1-768x393.png 768w\" sizes=\"(max-width: 1000px) 100vw, 1000px\" \/><\/figure>\n\n<p>Simplifiez la gestion de vos syst\u00e8mes d&rsquo;irrigation avec <strong>irrigation.cloud<\/strong>, une plateforme en ligne innovante sp\u00e9cialement con\u00e7ue pour vous permettre de contr\u00f4ler enti\u00e8rement et en temps r\u00e9el votre irrigation. Compatible avec les produits <strong>irrigation.cloud<\/strong>, ce logiciel SaaS s&rsquo;adapte parfaitement aux besoins des particuliers et des professionnels en combinant facilit\u00e9 d&rsquo;utilisation, flexibilit\u00e9 et performance.<\/p>\n\n<p><strong>Principales caract\u00e9ristiques :<\/strong><\/p>\n\n<ul class=\"wp-block-list\">\n<li><strong>Contr\u00f4le \u00e0 distance et gestion en temps r\u00e9el :<\/strong> planifiez, contr\u00f4lez et surveillez vos cycles d&rsquo;irrigation o\u00f9 que vous soyez, \u00e0 partir de n&rsquo;importe quel appareil connect\u00e9 \u00e0 Internet.<\/li>\n\n\n\n<li><strong>Surveillance environnementale avanc\u00e9e :<\/strong> obtenez des donn\u00e9es en temps r\u00e9el sur des param\u00e8tres cl\u00e9s tels que la temp\u00e9rature, l&rsquo;humidit\u00e9 du sol, la conductivit\u00e9 et bien d&rsquo;autres, afin de g\u00e9rer vos syst\u00e8mes de mani\u00e8re optimale.<\/li>\n\n\n\n<li><strong>Interface utilisateur intuitive :<\/strong> profitez d&rsquo;une plate-forme conviviale con\u00e7ue pour les petits jardins comme pour les grands complexes d&rsquo;irrigation de plusieurs dizaines de zones.<\/li>\n\n\n\n<li><strong>Conception modulaire et flexible :<\/strong> adaptez le logiciel \u00e0 vos besoins sp\u00e9cifiques, que ce soit pour l&rsquo;arrosage de jardin, les r\u00e9servoirs d&rsquo;eau de pluie ou des processus plus complexes.<\/li>\n<\/ul>\n\n<p><strong>Les avantages d&rsquo;irrigation.cloud :<\/strong><\/p>\n\n<ul class=\"wp-block-list\">\n<li><strong>Gain de temps et d&rsquo;efficacit\u00e9 :<\/strong> automatisez et contr\u00f4lez vos syst\u00e8mes en quelques clics tout en optimisant votre consommation d&rsquo;eau.<\/li>\n\n\n\n<li><strong>Prendre des d\u00e9cisions bas\u00e9es sur les donn\u00e9es :<\/strong> Utilisez des donn\u00e9es de capteurs pr\u00e9cises pour prendre les meilleures d\u00e9cisions et obtenir des r\u00e9sultats optimaux.<\/li>\n\n\n\n<li><strong>Adaptabilit\u00e9 maximale :<\/strong> que vous g\u00e9riez un petit syst\u00e8me ou un r\u00e9seau complexe, <strong>irrigation.cloud<\/strong> \u00e9volue avec vos besoins gr\u00e2ce \u00e0 sa conception modulaire.<\/li>\n\n\n\n<li><strong>Durabilit\u00e9 et \u00e9conomies :<\/strong> r\u00e9duisez les pertes d&rsquo;eau et les co\u00fbts gr\u00e2ce \u00e0 une utilisation pr\u00e9cise et personnalis\u00e9e des ressources.<\/li>\n<\/ul>\n\n<p>Avec <strong>irrigation.cloud<\/strong>, vous b\u00e9n\u00e9ficiez d&rsquo;une technologie de pointe qui transforme la gestion de l&rsquo;irrigation en une exp\u00e9rience connect\u00e9e, intuitive et durable. Augmentez le contr\u00f4le et la performance et faites de l&rsquo;efficacit\u00e9 et de l&rsquo;innovation vos plus grands alli\u00e9s.  <strong>Essayez irrigation.cloud d\u00e8s aujourd&rsquo;hui et r\u00e9volutionnez votre gestion de l&rsquo;eau !<\/strong><\/p>\n\n<div style=\"height:var(--wp--preset--spacing--30)\" aria-hidden=\"true\" class=\"wp-block-spacer\"><\/div>\n\n<div class=\"wp-block-buttons is-content-justification-center is-layout-flex wp-container-core-buttons-is-layout-1 wp-block-buttons-is-layout-flex\">\n<div class=\"wp-block-button\"><a class=\"wp-block-button__link wp-element-button\" href=\"https:\/\/irrigation.cloud\/site\/#my.irriation.cloud\">Vers la page du logiciel<\/a><\/div>\n<\/div>\n\n<div style=\"height:var(--wp--preset--spacing--30)\" aria-hidden=\"true\" class=\"wp-block-spacer\"><\/div>\n\n<figure class=\"wp-block-embed is-type-video is-provider-youtube wp-block-embed-youtube wp-embed-aspect-16-9 wp-has-aspect-ratio\"><div class=\"wp-block-embed__wrapper\">\n<iframe loading=\"lazy\" hcb-fetch-image-from=\"https:\/\/www.youtube.com\/watch?v=sjlnyPfPWRs\" title=\"irrigation.cloud Registrierung und Programmierung [TUTORIAL]\" width=\"500\" height=\"281\" src=\"https:\/\/www.youtube.com\/embed\/sjlnyPfPWRs?feature=oembed\" frameborder=\"0\" allow=\"accelerometer; autoplay; clipboard-write; encrypted-media; gyroscope; picture-in-picture; web-share\" referrerpolicy=\"strict-origin-when-cross-origin\" allowfullscreen><\/iframe>\n<\/div><\/figure>\n","protected":false},"excerpt":{"rendered":"<p>D\u00e9couvrez irrigation.cloud : votre solution SaaS pour une gestion de l&rsquo;irrigation connect\u00e9e et intelligente Simplifiez la gestion de vos syst\u00e8mes d&rsquo;irrigation avec irrigation.cloud, une plateforme en ligne innovante sp\u00e9cialement con\u00e7ue pour vous permettre de contr\u00f4ler enti\u00e8rement et en temps r\u00e9el votre irrigation. Compatible avec les produits irrigation.cloud, ce logiciel SaaS s&rsquo;adapte parfaitement aux besoins des [&hellip;]<\/p>\n","protected":false},"author":1,"featured_media":0,"parent":0,"menu_order":2,"comment_status":"closed","ping_status":"closed","template":"","meta":{"footnotes":""},"class_list":["post-607","page","type-page","status-publish","hentry"],"yoast_head":"<!-- This site is optimized with the Yoast SEO plugin v24.6 - https:\/\/yoast.com\/wordpress\/plugins\/seo\/ -->\n<title>Logiciel - FSA Irrigation<\/title>\n<meta name=\"robots\" content=\"index, follow, max-snippet:-1, max-image-preview:large, max-video-preview:-1\" \/>\n<link rel=\"canonical\" href=\"https:\/\/www.fsa-irrigation.com\/fr\/logiciel\/\" \/>\n<meta property=\"og:locale\" content=\"fr_FR\" \/>\n<meta property=\"og:type\" content=\"article\" \/>\n<meta property=\"og:title\" content=\"Logiciel - FSA Irrigation\" \/>\n<meta property=\"og:description\" content=\"D\u00e9couvrez irrigation.cloud : votre solution SaaS pour une gestion de l&rsquo;irrigation connect\u00e9e et intelligente Simplifiez la gestion de vos syst\u00e8mes d&rsquo;irrigation avec irrigation.cloud, une plateforme en ligne innovante sp\u00e9cialement con\u00e7ue pour vous permettre de contr\u00f4ler enti\u00e8rement et en temps r\u00e9el votre irrigation. Compatible avec les produits irrigation.cloud, ce logiciel SaaS s&rsquo;adapte parfaitement aux besoins des [&hellip;]\" \/>\n<meta property=\"og:url\" content=\"https:\/\/www.fsa-irrigation.com\/fr\/logiciel\/\" \/>\n<meta property=\"og:site_name\" content=\"FSA Irrigation\" \/>\n<meta property=\"article:modified_time\" content=\"2025-01-30T20:45:51+00:00\" \/>\n<meta property=\"og:image\" content=\"https:\/\/www.fsa-irrigation.com\/wp-content\/uploads\/APP1.png\" \/>\n\t<meta property=\"og:image:width\" content=\"1000\" \/>\n\t<meta property=\"og:image:height\" content=\"512\" \/>\n\t<meta property=\"og:image:type\" content=\"image\/png\" \/>\n<meta name=\"twitter:card\" content=\"summary_large_image\" \/>\n<meta name=\"twitter:label1\" content=\"Dur\u00e9e de lecture estim\u00e9e\" \/>\n\t<meta name=\"twitter:data1\" content=\"2 minutes\" \/>\n<script type=\"application\/ld+json\" class=\"yoast-schema-graph\">{\"@context\":\"https:\/\/schema.org\",\"@graph\":[{\"@type\":\"WebPage\",\"@id\":\"https:\/\/www.fsa-irrigation.com\/fr\/logiciel\/\",\"url\":\"https:\/\/www.fsa-irrigation.com\/fr\/logiciel\/\",\"name\":\"Logiciel - FSA Irrigation\",\"isPartOf\":{\"@id\":\"https:\/\/www.fsa-irrigation.com\/fr\/#website\"},\"primaryImageOfPage\":{\"@id\":\"https:\/\/www.fsa-irrigation.com\/fr\/logiciel\/#primaryimage\"},\"image\":{\"@id\":\"https:\/\/www.fsa-irrigation.com\/fr\/logiciel\/#primaryimage\"},\"thumbnailUrl\":\"https:\/\/www.fsa-irrigation.com\/wp-content\/uploads\/APP1.png\",\"datePublished\":\"2024-11-15T21:01:01+00:00\",\"dateModified\":\"2025-01-30T20:45:51+00:00\",\"breadcrumb\":{\"@id\":\"https:\/\/www.fsa-irrigation.com\/fr\/logiciel\/#breadcrumb\"},\"inLanguage\":\"fr-FR\",\"potentialAction\":[{\"@type\":\"ReadAction\",\"target\":[\"https:\/\/www.fsa-irrigation.com\/fr\/logiciel\/\"]}]},{\"@type\":\"ImageObject\",\"inLanguage\":\"fr-FR\",\"@id\":\"https:\/\/www.fsa-irrigation.com\/fr\/logiciel\/#primaryimage\",\"url\":\"https:\/\/www.fsa-irrigation.com\/wp-content\/uploads\/APP1.png\",\"contentUrl\":\"https:\/\/www.fsa-irrigation.com\/wp-content\/uploads\/APP1.png\"},{\"@type\":\"BreadcrumbList\",\"@id\":\"https:\/\/www.fsa-irrigation.com\/fr\/logiciel\/#breadcrumb\",\"itemListElement\":[{\"@type\":\"ListItem\",\"position\":1,\"name\":\"Startseite\",\"item\":\"https:\/\/www.fsa-irrigation.com\/fr\/produits\/\"},{\"@type\":\"ListItem\",\"position\":2,\"name\":\"Logiciel\"}]},{\"@type\":\"WebSite\",\"@id\":\"https:\/\/www.fsa-irrigation.com\/fr\/#website\",\"url\":\"https:\/\/www.fsa-irrigation.com\/fr\/\",\"name\":\"FSA Irrigation\",\"description\":\"Des produits innovants et durables\",\"publisher\":{\"@id\":\"https:\/\/www.fsa-irrigation.com\/fr\/#organization\"},\"potentialAction\":[{\"@type\":\"SearchAction\",\"target\":{\"@type\":\"EntryPoint\",\"urlTemplate\":\"https:\/\/www.fsa-irrigation.com\/fr\/?s={search_term_string}\"},\"query-input\":{\"@type\":\"PropertyValueSpecification\",\"valueRequired\":true,\"valueName\":\"search_term_string\"}}],\"inLanguage\":\"fr-FR\"},{\"@type\":\"Organization\",\"@id\":\"https:\/\/www.fsa-irrigation.com\/fr\/#organization\",\"name\":\"Fluid Systems & Automation Irrigation\",\"url\":\"https:\/\/www.fsa-irrigation.com\/fr\/\",\"logo\":{\"@type\":\"ImageObject\",\"inLanguage\":\"fr-FR\",\"@id\":\"https:\/\/www.fsa-irrigation.com\/fr\/#\/schema\/logo\/image\/\",\"url\":\"https:\/\/www.fsa-irrigation.com\/wp-content\/uploads\/fsa-irrigation-grau.png\",\"contentUrl\":\"https:\/\/www.fsa-irrigation.com\/wp-content\/uploads\/fsa-irrigation-grau.png\",\"width\":600,\"height\":255,\"caption\":\"Fluid Systems & Automation Irrigation\"},\"image\":{\"@id\":\"https:\/\/www.fsa-irrigation.com\/fr\/#\/schema\/logo\/image\/\"},\"sameAs\":[\"https:\/\/de.linkedin.com\/company\/fluidsystems\"]}]}<\/script>\n<!-- \/ Yoast SEO plugin. -->","yoast_head_json":{"title":"Logiciel - FSA Irrigation","robots":{"index":"index","follow":"follow","max-snippet":"max-snippet:-1","max-image-preview":"max-image-preview:large","max-video-preview":"max-video-preview:-1"},"canonical":"https:\/\/www.fsa-irrigation.com\/fr\/logiciel\/","og_locale":"fr_FR","og_type":"article","og_title":"Logiciel - FSA Irrigation","og_description":"D\u00e9couvrez irrigation.cloud : votre solution SaaS pour une gestion de l&rsquo;irrigation connect\u00e9e et intelligente Simplifiez la gestion de vos syst\u00e8mes d&rsquo;irrigation avec irrigation.cloud, une plateforme en ligne innovante sp\u00e9cialement con\u00e7ue pour vous permettre de contr\u00f4ler enti\u00e8rement et en temps r\u00e9el votre irrigation. Compatible avec les produits irrigation.cloud, ce logiciel SaaS s&rsquo;adapte parfaitement aux besoins des [&hellip;]","og_url":"https:\/\/www.fsa-irrigation.com\/fr\/logiciel\/","og_site_name":"FSA Irrigation","article_modified_time":"2025-01-30T20:45:51+00:00","og_image":[{"width":1000,"height":512,"url":"https:\/\/www.fsa-irrigation.com\/wp-content\/uploads\/APP1.png","type":"image\/png"}],"twitter_card":"summary_large_image","twitter_misc":{"Dur\u00e9e de lecture estim\u00e9e":"2 minutes"},"schema":{"@context":"https:\/\/schema.org","@graph":[{"@type":"WebPage","@id":"https:\/\/www.fsa-irrigation.com\/fr\/logiciel\/","url":"https:\/\/www.fsa-irrigation.com\/fr\/logiciel\/","name":"Logiciel - FSA Irrigation","isPartOf":{"@id":"https:\/\/www.fsa-irrigation.com\/fr\/#website"},"primaryImageOfPage":{"@id":"https:\/\/www.fsa-irrigation.com\/fr\/logiciel\/#primaryimage"},"image":{"@id":"https:\/\/www.fsa-irrigation.com\/fr\/logiciel\/#primaryimage"},"thumbnailUrl":"https:\/\/www.fsa-irrigation.com\/wp-content\/uploads\/APP1.png","datePublished":"2024-11-15T21:01:01+00:00","dateModified":"2025-01-30T20:45:51+00:00","breadcrumb":{"@id":"https:\/\/www.fsa-irrigation.com\/fr\/logiciel\/#breadcrumb"},"inLanguage":"fr-FR","potentialAction":[{"@type":"ReadAction","target":["https:\/\/www.fsa-irrigation.com\/fr\/logiciel\/"]}]},{"@type":"ImageObject","inLanguage":"fr-FR","@id":"https:\/\/www.fsa-irrigation.com\/fr\/logiciel\/#primaryimage","url":"https:\/\/www.fsa-irrigation.com\/wp-content\/uploads\/APP1.png","contentUrl":"https:\/\/www.fsa-irrigation.com\/wp-content\/uploads\/APP1.png"},{"@type":"BreadcrumbList","@id":"https:\/\/www.fsa-irrigation.com\/fr\/logiciel\/#breadcrumb","itemListElement":[{"@type":"ListItem","position":1,"name":"Startseite","item":"https:\/\/www.fsa-irrigation.com\/fr\/produits\/"},{"@type":"ListItem","position":2,"name":"Logiciel"}]},{"@type":"WebSite","@id":"https:\/\/www.fsa-irrigation.com\/fr\/#website","url":"https:\/\/www.fsa-irrigation.com\/fr\/","name":"FSA Irrigation","description":"Des produits innovants et durables","publisher":{"@id":"https:\/\/www.fsa-irrigation.com\/fr\/#organization"},"potentialAction":[{"@type":"SearchAction","target":{"@type":"EntryPoint","urlTemplate":"https:\/\/www.fsa-irrigation.com\/fr\/?s={search_term_string}"},"query-input":{"@type":"PropertyValueSpecification","valueRequired":true,"valueName":"search_term_string"}}],"inLanguage":"fr-FR"},{"@type":"Organization","@id":"https:\/\/www.fsa-irrigation.com\/fr\/#organization","name":"Fluid Systems & Automation Irrigation","url":"https:\/\/www.fsa-irrigation.com\/fr\/","logo":{"@type":"ImageObject","inLanguage":"fr-FR","@id":"https:\/\/www.fsa-irrigation.com\/fr\/#\/schema\/logo\/image\/","url":"https:\/\/www.fsa-irrigation.com\/wp-content\/uploads\/fsa-irrigation-grau.png","contentUrl":"https:\/\/www.fsa-irrigation.com\/wp-content\/uploads\/fsa-irrigation-grau.png","width":600,"height":255,"caption":"Fluid Systems & Automation Irrigation"},"image":{"@id":"https:\/\/www.fsa-irrigation.com\/fr\/#\/schema\/logo\/image\/"},"sameAs":["https:\/\/de.linkedin.com\/company\/fluidsystems"]}]}},"_links":{"self":[{"href":"https:\/\/www.fsa-irrigation.com\/fr\/wp-json\/wp\/v2\/pages\/607"}],"collection":[{"href":"https:\/\/www.fsa-irrigation.com\/fr\/wp-json\/wp\/v2\/pages"}],"about":[{"href":"https:\/\/www.fsa-irrigation.com\/fr\/wp-json\/wp\/v2\/types\/page"}],"author":[{"embeddable":true,"href":"https:\/\/www.fsa-irrigation.com\/fr\/wp-json\/wp\/v2\/users\/1"}],"replies":[{"embeddable":true,"href":"https:\/\/www.fsa-irrigation.com\/fr\/wp-json\/wp\/v2\/comments?post=607"}],"version-history":[{"count":1,"href":"https:\/\/www.fsa-irrigation.com\/fr\/wp-json\/wp\/v2\/pages\/607\/revisions"}],"predecessor-version":[{"id":608,"href":"https:\/\/www.fsa-irrigation.com\/fr\/wp-json\/wp\/v2\/pages\/607\/revisions\/608"}],"wp:attachment":[{"href":"https:\/\/www.fsa-irrigation.com\/fr\/wp-json\/wp\/v2\/media?parent=607"}],"curies":[{"name":"wp","href":"https:\/\/api.w.org\/{rel}","templated":true}]}}