{"id":588,"date":"2024-11-15T22:01:28","date_gmt":"2024-11-15T21:01:28","guid":{"rendered":"https:\/\/www.fsa-irrigation.com\/service\/"},"modified":"2025-01-30T21:45:32","modified_gmt":"2025-01-30T20:45:32","slug":"service","status":"publish","type":"page","link":"https:\/\/www.fsa-irrigation.com\/fr\/service\/","title":{"rendered":"Service"},"content":{"rendered":"\n<h4 class=\"wp-block-heading\"><strong>Le service FSA : Votre partenaire pour les projets de gestion des fluides dans l&rsquo;industrie et l&rsquo;irrigation<\/strong><\/h4>\n\n<p>FSA-Service s&rsquo;engage activement dans le suivi et la mise en \u0153uvre de projets dans le domaine de la gestion des fluides, tant dans l&rsquo;industrie que dans l&rsquo;irrigation. Avec une unit\u00e9 sp\u00e9cialis\u00e9e et une expertise reconnue, l&rsquo;entreprise propose des solutions compl\u00e8tes et sur mesure, adapt\u00e9es aux besoins sp\u00e9cifiques de ses clients.<\/p>\n\n<h5 class=\"wp-block-heading\"><strong>Une approche holistique et personnalis\u00e9e<\/strong><\/h5>\n\n<p>Fluid Systems &amp; Automation GmbH vous accompagne \u00e0 chaque \u00e9tape d\u00e9cisive de vos projets afin d&rsquo;en assurer le succ\u00e8s :<\/p>\n\n<ul class=\"wp-block-list\">\n<li><strong>Planification<\/strong>: analyse approfondie des besoins, aide \u00e0 la s\u00e9lection des technologies les plus appropri\u00e9es, dimensionnement pr\u00e9cis des installations et d\u00e9veloppement de solutions sur mesure r\u00e9pondant aux exigences op\u00e9rationnelles.<\/li>\n\n\n\n<li><strong>Gestion de projet<\/strong>: suivi rigoureux de toutes les phases, respect des calendriers, contr\u00f4le des co\u00fbts et coordination efficace entre les parties prenantes.<\/li>\n\n\n\n<li><strong>Approvisionnement<\/strong>: s\u00e9lection et fourniture de mat\u00e9riaux et d&rsquo;\u00e9quipements de haute qualit\u00e9 r\u00e9pondant aux exigences de fiabilit\u00e9 et de qualit\u00e9.<\/li>\n\n\n\n<li><strong>Mise en \u0153uvre<\/strong>: ex\u00e9cution sur site par des \u00e9quipes exp\u00e9riment\u00e9es qui garantissent des installations conformes aux normes et performantes.<\/li>\n<\/ul>\n\n<h5 class=\"wp-block-heading\"><strong>Formation et assistance pour une utilisation optimale<\/strong><\/h5>\n\n<p>Outre la mise en \u0153uvre des projets, Fluid Systems &amp; Automation GmbH propose une assistance compl\u00e8te afin de maximiser l&rsquo;efficacit\u00e9 et la long\u00e9vit\u00e9 des solutions propos\u00e9es :<\/p>\n\n<ul class=\"wp-block-list\">\n<li><strong>Formations<\/strong>: Des formations sur mesure pour familiariser vos \u00e9quipes avec l&rsquo;utilisation et la maintenance des \u00e9quipements.<\/li>\n\n\n\n<li><strong>Conseil pratique<\/strong>: assistance continue pour optimiser les performances du syst\u00e8me et relever les d\u00e9fis op\u00e9rationnels.<\/li>\n\n\n\n<li><strong>Support technique<\/strong>: un service apr\u00e8s-vente r\u00e9actif qui garantit le bon fonctionnement des installations \u00e0 long terme.<\/li>\n<\/ul>\n\n<p>FSA-Service est votre partenaire de confiance pour des solutions innovantes et durables en mati\u00e8re de gestion des fluides. Ensemble, nous ferons de vos projets un succ\u00e8s.<\/p>\n\n<div style=\"height:var(--wp--preset--spacing--10)\" aria-hidden=\"true\" class=\"wp-block-spacer\"><\/div>\n\n<div class=\"wp-block-buttons is-content-justification-center is-layout-flex wp-container-core-buttons-is-layout-1 wp-block-buttons-is-layout-flex\">\n<div class=\"wp-block-button\"><a class=\"wp-block-button__link has-text-align-center wp-element-button\" href=\"https:\/\/www.fsa-service.de\">sur le service FSA<\/a><\/div>\n<\/div>\n\n<div style=\"height:var(--wp--preset--spacing--30)\" aria-hidden=\"true\" class=\"wp-block-spacer\"><\/div>\n\n<figure class=\"wp-block-embed is-type-video is-provider-youtube wp-block-embed-youtube wp-embed-aspect-16-9 wp-has-aspect-ratio\"><div class=\"wp-block-embed__wrapper\">\n<iframe loading=\"lazy\" hcb-fetch-image-from=\"https:\/\/www.youtube.com\/watch?v=3G6sIFtTcZk\" title=\"Referenzprojekt - Automatisierte Bew\u00e4sserung Erlenbad\" width=\"500\" height=\"281\" src=\"https:\/\/www.youtube.com\/embed\/3G6sIFtTcZk?feature=oembed\" frameborder=\"0\" allow=\"accelerometer; autoplay; clipboard-write; encrypted-media; gyroscope; picture-in-picture; web-share\" referrerpolicy=\"strict-origin-when-cross-origin\" allowfullscreen><\/iframe>\n<\/div><\/figure>\n","protected":false},"excerpt":{"rendered":"<p>Le service FSA : Votre partenaire pour les projets de gestion des fluides dans l&rsquo;industrie et l&rsquo;irrigation FSA-Service s&rsquo;engage activement dans le suivi et la mise en \u0153uvre de projets dans le domaine de la gestion des fluides, tant dans l&rsquo;industrie que dans l&rsquo;irrigation. Avec une unit\u00e9 sp\u00e9cialis\u00e9e et une expertise reconnue, l&rsquo;entreprise propose des [&hellip;]<\/p>\n","protected":false},"author":1,"featured_media":0,"parent":0,"menu_order":3,"comment_status":"closed","ping_status":"closed","template":"","meta":{"footnotes":""},"class_list":["post-588","page","type-page","status-publish","hentry"],"yoast_head":"<!-- This site is optimized with the Yoast SEO plugin v24.6 - https:\/\/yoast.com\/wordpress\/plugins\/seo\/ -->\n<title>Service - FSA Irrigation<\/title>\n<meta name=\"robots\" content=\"index, follow, max-snippet:-1, max-image-preview:large, max-video-preview:-1\" \/>\n<link rel=\"canonical\" href=\"https:\/\/www.fsa-irrigation.com\/fr\/service\/\" \/>\n<meta property=\"og:locale\" content=\"fr_FR\" \/>\n<meta property=\"og:type\" content=\"article\" \/>\n<meta property=\"og:title\" content=\"Service - FSA Irrigation\" \/>\n<meta property=\"og:description\" content=\"Le service FSA : Votre partenaire pour les projets de gestion des fluides dans l&rsquo;industrie et l&rsquo;irrigation FSA-Service s&rsquo;engage activement dans le suivi et la mise en \u0153uvre de projets dans le domaine de la gestion des fluides, tant dans l&rsquo;industrie que dans l&rsquo;irrigation. Avec une unit\u00e9 sp\u00e9cialis\u00e9e et une expertise reconnue, l&rsquo;entreprise propose des [&hellip;]\" \/>\n<meta property=\"og:url\" content=\"https:\/\/www.fsa-irrigation.com\/fr\/service\/\" \/>\n<meta property=\"og:site_name\" content=\"FSA Irrigation\" \/>\n<meta property=\"article:modified_time\" content=\"2025-01-30T20:45:32+00:00\" \/>\n<meta name=\"twitter:card\" content=\"summary_large_image\" \/>\n<meta name=\"twitter:label1\" content=\"Dur\u00e9e de lecture estim\u00e9e\" \/>\n\t<meta name=\"twitter:data1\" content=\"2 minutes\" \/>\n<script type=\"application\/ld+json\" class=\"yoast-schema-graph\">{\"@context\":\"https:\/\/schema.org\",\"@graph\":[{\"@type\":\"WebPage\",\"@id\":\"https:\/\/www.fsa-irrigation.com\/fr\/service\/\",\"url\":\"https:\/\/www.fsa-irrigation.com\/fr\/service\/\",\"name\":\"Service - FSA Irrigation\",\"isPartOf\":{\"@id\":\"https:\/\/www.fsa-irrigation.com\/fr\/#website\"},\"datePublished\":\"2024-11-15T21:01:28+00:00\",\"dateModified\":\"2025-01-30T20:45:32+00:00\",\"breadcrumb\":{\"@id\":\"https:\/\/www.fsa-irrigation.com\/fr\/service\/#breadcrumb\"},\"inLanguage\":\"fr-FR\",\"potentialAction\":[{\"@type\":\"ReadAction\",\"target\":[\"https:\/\/www.fsa-irrigation.com\/fr\/service\/\"]}]},{\"@type\":\"BreadcrumbList\",\"@id\":\"https:\/\/www.fsa-irrigation.com\/fr\/service\/#breadcrumb\",\"itemListElement\":[{\"@type\":\"ListItem\",\"position\":1,\"name\":\"Startseite\",\"item\":\"https:\/\/www.fsa-irrigation.com\/fr\/produits\/\"},{\"@type\":\"ListItem\",\"position\":2,\"name\":\"Service\"}]},{\"@type\":\"WebSite\",\"@id\":\"https:\/\/www.fsa-irrigation.com\/fr\/#website\",\"url\":\"https:\/\/www.fsa-irrigation.com\/fr\/\",\"name\":\"FSA Irrigation\",\"description\":\"Des produits innovants et durables\",\"publisher\":{\"@id\":\"https:\/\/www.fsa-irrigation.com\/fr\/#organization\"},\"potentialAction\":[{\"@type\":\"SearchAction\",\"target\":{\"@type\":\"EntryPoint\",\"urlTemplate\":\"https:\/\/www.fsa-irrigation.com\/fr\/?s={search_term_string}\"},\"query-input\":{\"@type\":\"PropertyValueSpecification\",\"valueRequired\":true,\"valueName\":\"search_term_string\"}}],\"inLanguage\":\"fr-FR\"},{\"@type\":\"Organization\",\"@id\":\"https:\/\/www.fsa-irrigation.com\/fr\/#organization\",\"name\":\"Fluid Systems & Automation Irrigation\",\"url\":\"https:\/\/www.fsa-irrigation.com\/fr\/\",\"logo\":{\"@type\":\"ImageObject\",\"inLanguage\":\"fr-FR\",\"@id\":\"https:\/\/www.fsa-irrigation.com\/fr\/#\/schema\/logo\/image\/\",\"url\":\"https:\/\/www.fsa-irrigation.com\/wp-content\/uploads\/fsa-irrigation-grau.png\",\"contentUrl\":\"https:\/\/www.fsa-irrigation.com\/wp-content\/uploads\/fsa-irrigation-grau.png\",\"width\":600,\"height\":255,\"caption\":\"Fluid Systems & Automation Irrigation\"},\"image\":{\"@id\":\"https:\/\/www.fsa-irrigation.com\/fr\/#\/schema\/logo\/image\/\"},\"sameAs\":[\"https:\/\/de.linkedin.com\/company\/fluidsystems\"]}]}<\/script>\n<!-- \/ Yoast SEO plugin. -->","yoast_head_json":{"title":"Service - FSA Irrigation","robots":{"index":"index","follow":"follow","max-snippet":"max-snippet:-1","max-image-preview":"max-image-preview:large","max-video-preview":"max-video-preview:-1"},"canonical":"https:\/\/www.fsa-irrigation.com\/fr\/service\/","og_locale":"fr_FR","og_type":"article","og_title":"Service - FSA Irrigation","og_description":"Le service FSA : Votre partenaire pour les projets de gestion des fluides dans l&rsquo;industrie et l&rsquo;irrigation FSA-Service s&rsquo;engage activement dans le suivi et la mise en \u0153uvre de projets dans le domaine de la gestion des fluides, tant dans l&rsquo;industrie que dans l&rsquo;irrigation. Avec une unit\u00e9 sp\u00e9cialis\u00e9e et une expertise reconnue, l&rsquo;entreprise propose des [&hellip;]","og_url":"https:\/\/www.fsa-irrigation.com\/fr\/service\/","og_site_name":"FSA Irrigation","article_modified_time":"2025-01-30T20:45:32+00:00","twitter_card":"summary_large_image","twitter_misc":{"Dur\u00e9e de lecture estim\u00e9e":"2 minutes"},"schema":{"@context":"https:\/\/schema.org","@graph":[{"@type":"WebPage","@id":"https:\/\/www.fsa-irrigation.com\/fr\/service\/","url":"https:\/\/www.fsa-irrigation.com\/fr\/service\/","name":"Service - FSA Irrigation","isPartOf":{"@id":"https:\/\/www.fsa-irrigation.com\/fr\/#website"},"datePublished":"2024-11-15T21:01:28+00:00","dateModified":"2025-01-30T20:45:32+00:00","breadcrumb":{"@id":"https:\/\/www.fsa-irrigation.com\/fr\/service\/#breadcrumb"},"inLanguage":"fr-FR","potentialAction":[{"@type":"ReadAction","target":["https:\/\/www.fsa-irrigation.com\/fr\/service\/"]}]},{"@type":"BreadcrumbList","@id":"https:\/\/www.fsa-irrigation.com\/fr\/service\/#breadcrumb","itemListElement":[{"@type":"ListItem","position":1,"name":"Startseite","item":"https:\/\/www.fsa-irrigation.com\/fr\/produits\/"},{"@type":"ListItem","position":2,"name":"Service"}]},{"@type":"WebSite","@id":"https:\/\/www.fsa-irrigation.com\/fr\/#website","url":"https:\/\/www.fsa-irrigation.com\/fr\/","name":"FSA Irrigation","description":"Des produits innovants et durables","publisher":{"@id":"https:\/\/www.fsa-irrigation.com\/fr\/#organization"},"potentialAction":[{"@type":"SearchAction","target":{"@type":"EntryPoint","urlTemplate":"https:\/\/www.fsa-irrigation.com\/fr\/?s={search_term_string}"},"query-input":{"@type":"PropertyValueSpecification","valueRequired":true,"valueName":"search_term_string"}}],"inLanguage":"fr-FR"},{"@type":"Organization","@id":"https:\/\/www.fsa-irrigation.com\/fr\/#organization","name":"Fluid Systems & Automation Irrigation","url":"https:\/\/www.fsa-irrigation.com\/fr\/","logo":{"@type":"ImageObject","inLanguage":"fr-FR","@id":"https:\/\/www.fsa-irrigation.com\/fr\/#\/schema\/logo\/image\/","url":"https:\/\/www.fsa-irrigation.com\/wp-content\/uploads\/fsa-irrigation-grau.png","contentUrl":"https:\/\/www.fsa-irrigation.com\/wp-content\/uploads\/fsa-irrigation-grau.png","width":600,"height":255,"caption":"Fluid Systems & Automation Irrigation"},"image":{"@id":"https:\/\/www.fsa-irrigation.com\/fr\/#\/schema\/logo\/image\/"},"sameAs":["https:\/\/de.linkedin.com\/company\/fluidsystems"]}]}},"_links":{"self":[{"href":"https:\/\/www.fsa-irrigation.com\/fr\/wp-json\/wp\/v2\/pages\/588"}],"collection":[{"href":"https:\/\/www.fsa-irrigation.com\/fr\/wp-json\/wp\/v2\/pages"}],"about":[{"href":"https:\/\/www.fsa-irrigation.com\/fr\/wp-json\/wp\/v2\/types\/page"}],"author":[{"embeddable":true,"href":"https:\/\/www.fsa-irrigation.com\/fr\/wp-json\/wp\/v2\/users\/1"}],"replies":[{"embeddable":true,"href":"https:\/\/www.fsa-irrigation.com\/fr\/wp-json\/wp\/v2\/comments?post=588"}],"version-history":[{"count":1,"href":"https:\/\/www.fsa-irrigation.com\/fr\/wp-json\/wp\/v2\/pages\/588\/revisions"}],"predecessor-version":[{"id":589,"href":"https:\/\/www.fsa-irrigation.com\/fr\/wp-json\/wp\/v2\/pages\/588\/revisions\/589"}],"wp:attachment":[{"href":"https:\/\/www.fsa-irrigation.com\/fr\/wp-json\/wp\/v2\/media?parent=588"}],"curies":[{"name":"wp","href":"https:\/\/api.w.org\/{rel}","templated":true}]}}