{"id":587,"date":"2024-11-15T21:48:08","date_gmt":"2024-11-15T20:48:08","guid":{"rendered":"https:\/\/www.fsa-irrigation.com\/produits\/"},"modified":"2025-01-30T21:45:39","modified_gmt":"2025-01-30T20:45:39","slug":"produits","status":"publish","type":"page","link":"https:\/\/www.fsa-irrigation.com\/fr\/","title":{"rendered":"Produits"},"content":{"rendered":"\n<div class=\"wp-block-group is-layout-grid wp-container-core-group-is-layout-9 wp-block-group-is-layout-grid\">\n<div class=\"wp-block-group is-vertical is-content-justification-center is-layout-flex wp-container-core-group-is-layout-1 wp-block-group-is-layout-flex\">\n<figure class=\"wp-block-image size-full\"><a href=\"https:\/\/www.fsa-irrigation.com\/fr\/produits\/controles\/\"><img loading=\"lazy\" decoding=\"async\" width=\"750\" height=\"750\" src=\"https:\/\/www.fsa-irrigation.com\/wp-content\/uploads\/irrigationcloud_controller.png\" alt=\"Contr&#xF4;le\" class=\"wp-image-46\" srcset=\"https:\/\/www.fsa-irrigation.com\/wp-content\/uploads\/irrigationcloud_controller.png 750w, https:\/\/www.fsa-irrigation.com\/wp-content\/uploads\/irrigationcloud_controller-300x300.png 300w, https:\/\/www.fsa-irrigation.com\/wp-content\/uploads\/irrigationcloud_controller-150x150.png 150w\" sizes=\"(max-width: 750px) 100vw, 750px\" \/><\/a><\/figure>\n\n\n\n<p class=\"has-text-align-center\"><a href=\"https:\/\/www.fsa-irrigation.com\/fr\/produits\/controles\/\">Contr\u00f4les<\/a><\/p>\n<\/div>\n\n\n\n<div class=\"wp-block-group is-vertical is-content-justification-center is-layout-flex wp-container-core-group-is-layout-2 wp-block-group-is-layout-flex\">\n<figure class=\"wp-block-image size-full\"><a href=\"https:\/\/www.fsa-irrigation.com\/fr\/produits\/arroseurs\/\"><img loading=\"lazy\" decoding=\"async\" width=\"750\" height=\"750\" src=\"https:\/\/www.fsa-irrigation.com\/wp-content\/uploads\/bew_sprinklerduesen.png\" alt=\"Arroseurs\" class=\"wp-image-47\" srcset=\"https:\/\/www.fsa-irrigation.com\/wp-content\/uploads\/bew_sprinklerduesen.png 750w, https:\/\/www.fsa-irrigation.com\/wp-content\/uploads\/bew_sprinklerduesen-300x300.png 300w, https:\/\/www.fsa-irrigation.com\/wp-content\/uploads\/bew_sprinklerduesen-150x150.png 150w\" sizes=\"(max-width: 750px) 100vw, 750px\" \/><\/a><\/figure>\n\n\n\n<p class=\"has-text-align-center\"><a href=\"https:\/\/www.fsa-irrigation.com\/fr\/produits\/arroseurs\/\">Arroseurs<\/a><\/p>\n<\/div>\n\n\n\n<div class=\"wp-block-group wp-container-content-1 is-vertical is-content-justification-center is-layout-flex wp-container-core-group-is-layout-3 wp-block-group-is-layout-flex\">\n<figure class=\"wp-block-image size-full\"><a href=\"https:\/\/www.fsa-irrigation.com\/fr\/produits\/vannes-boites-a-vannes\/\"><img loading=\"lazy\" decoding=\"async\" width=\"750\" height=\"722\" src=\"https:\/\/www.fsa-irrigation.com\/wp-content\/uploads\/bew_ventile_box.png\" alt=\"Vannes et bo&#xEE;tiers de vannes\" class=\"wp-image-48\" srcset=\"https:\/\/www.fsa-irrigation.com\/wp-content\/uploads\/bew_ventile_box.png 750w, https:\/\/www.fsa-irrigation.com\/wp-content\/uploads\/bew_ventile_box-300x289.png 300w\" sizes=\"(max-width: 750px) 100vw, 750px\" \/><\/a><\/figure>\n\n\n\n<p class=\"has-text-align-center\"><a href=\"https:\/\/www.fsa-irrigation.com\/fr\/produits\/vannes-boites-a-vannes\/\">Vannes &amp; bo\u00eetes \u00e0 vannes<\/a><\/p>\n<\/div>\n\n\n\n<div class=\"wp-block-group is-vertical is-content-justification-center is-layout-flex wp-container-core-group-is-layout-4 wp-block-group-is-layout-flex\">\n<figure class=\"wp-block-image size-full\"><a href=\"https:\/\/www.fsa-irrigation.com\/fr\/produits\/tuyaux-raccords\/\"><img loading=\"lazy\" decoding=\"async\" width=\"750\" height=\"750\" src=\"https:\/\/www.fsa-irrigation.com\/wp-content\/uploads\/bew_schlauch_fittings.png\" alt=\"Tuyaux et raccords\" class=\"wp-image-49\" srcset=\"https:\/\/www.fsa-irrigation.com\/wp-content\/uploads\/bew_schlauch_fittings.png 750w, https:\/\/www.fsa-irrigation.com\/wp-content\/uploads\/bew_schlauch_fittings-300x300.png 300w, https:\/\/www.fsa-irrigation.com\/wp-content\/uploads\/bew_schlauch_fittings-150x150.png 150w\" sizes=\"(max-width: 750px) 100vw, 750px\" \/><\/a><\/figure>\n\n\n\n<p class=\"has-text-align-center\"><a href=\"https:\/\/www.fsa-irrigation.com\/fr\/produits\/tuyaux-raccords\/\">Tuyaux &amp; raccords<\/a><\/p>\n<\/div>\n\n\n\n<div class=\"wp-block-group is-vertical is-content-justification-center is-layout-flex wp-container-core-group-is-layout-5 wp-block-group-is-layout-flex\">\n<figure class=\"wp-block-image size-full\"><a href=\"https:\/\/www.fsa-irrigation.com\/fr\/produits\/filtres-et-detendeurs\/\"><img loading=\"lazy\" decoding=\"async\" width=\"750\" height=\"750\" src=\"https:\/\/www.fsa-irrigation.com\/wp-content\/uploads\/bew_filter_druckminderer.png\" alt=\"Filtres et d&#xE9;tendeurs\" class=\"wp-image-50\" srcset=\"https:\/\/www.fsa-irrigation.com\/wp-content\/uploads\/bew_filter_druckminderer.png 750w, https:\/\/www.fsa-irrigation.com\/wp-content\/uploads\/bew_filter_druckminderer-300x300.png 300w, https:\/\/www.fsa-irrigation.com\/wp-content\/uploads\/bew_filter_druckminderer-150x150.png 150w\" sizes=\"(max-width: 750px) 100vw, 750px\" \/><\/a><\/figure>\n\n\n\n<p class=\"has-text-align-center\"><a href=\"https:\/\/www.fsa-irrigation.com\/fr\/produits\/filtres-et-detendeurs\/\">Filtres et d\u00e9tendeurs<\/a><\/p>\n<\/div>\n\n\n\n<div class=\"wp-block-group is-vertical is-content-justification-center is-layout-flex wp-container-core-group-is-layout-6 wp-block-group-is-layout-flex\">\n<figure class=\"wp-block-image size-full\"><a href=\"https:\/\/www.fsa-irrigation.com\/fr\/produits\/outils\/\"><img loading=\"lazy\" decoding=\"async\" width=\"750\" height=\"750\" src=\"https:\/\/www.fsa-irrigation.com\/wp-content\/uploads\/bew_werkzeuge.png\" alt=\"Outils\" class=\"wp-image-51\" srcset=\"https:\/\/www.fsa-irrigation.com\/wp-content\/uploads\/bew_werkzeuge.png 750w, https:\/\/www.fsa-irrigation.com\/wp-content\/uploads\/bew_werkzeuge-300x300.png 300w, https:\/\/www.fsa-irrigation.com\/wp-content\/uploads\/bew_werkzeuge-150x150.png 150w\" sizes=\"(max-width: 750px) 100vw, 750px\" \/><\/a><\/figure>\n\n\n\n<p class=\"has-text-align-center\"><a href=\"https:\/\/www.fsa-irrigation.com\/fr\/produits\/outils\/\">Outils<\/a><\/p>\n<\/div>\n\n\n\n<div class=\"wp-block-group is-vertical is-content-justification-center is-layout-flex wp-container-core-group-is-layout-7 wp-block-group-is-layout-flex\">\n<figure class=\"wp-block-image size-full\"><a href=\"https:\/\/www.fsa-irrigation.com\/fr\/produits\/pompes-et-citernes\/\"><img loading=\"lazy\" decoding=\"async\" width=\"750\" height=\"750\" src=\"https:\/\/www.fsa-irrigation.com\/wp-content\/uploads\/pumpe.png\" alt=\"Pompes et citernes\" class=\"wp-image-52\" srcset=\"https:\/\/www.fsa-irrigation.com\/wp-content\/uploads\/pumpe.png 750w, https:\/\/www.fsa-irrigation.com\/wp-content\/uploads\/pumpe-300x300.png 300w, https:\/\/www.fsa-irrigation.com\/wp-content\/uploads\/pumpe-150x150.png 150w\" sizes=\"(max-width: 750px) 100vw, 750px\" \/><\/a><\/figure>\n\n\n\n<p class=\"has-text-align-center\"><a href=\"https:\/\/www.fsa-irrigation.com\/fr\/produits\/pompes-et-citernes\/\">Pompes et citernes<\/a><\/p>\n<\/div>\n\n\n\n<div class=\"wp-block-group is-vertical is-content-justification-center is-layout-flex wp-container-core-group-is-layout-8 wp-block-group-is-layout-flex\">\n<figure class=\"wp-block-image size-full\"><a href=\"https:\/\/www.fsa-irrigation.com\/fr\/produits\/esylock\/\"><img loading=\"lazy\" decoding=\"async\" width=\"640\" height=\"640\" src=\"https:\/\/www.fsa-irrigation.com\/wp-content\/uploads\/Z2007-321_1000x1000.jpg\" alt=\"\" class=\"wp-image-179\" srcset=\"https:\/\/www.fsa-irrigation.com\/wp-content\/uploads\/Z2007-321_1000x1000.jpg 640w, https:\/\/www.fsa-irrigation.com\/wp-content\/uploads\/Z2007-321_1000x1000-300x300.jpg 300w, https:\/\/www.fsa-irrigation.com\/wp-content\/uploads\/Z2007-321_1000x1000-150x150.jpg 150w\" sizes=\"(max-width: 640px) 100vw, 640px\" \/><\/a><\/figure>\n\n\n\n<p class=\"has-text-align-center\"><a href=\"https:\/\/www.fsa-irrigation.com\/fr\/produits\/esylock\/\">esyLOCK<\/a><\/p>\n<\/div>\n<\/div>\n\n<div style=\"height:var(--wp--preset--spacing--40)\" aria-hidden=\"true\" class=\"wp-block-spacer\"><\/div>\n","protected":false},"excerpt":{"rendered":"<p>Contr\u00f4les Arroseurs Vannes &amp; bo\u00eetes \u00e0 vannes Tuyaux &amp; raccords Filtres et d\u00e9tendeurs Outils Pompes et citernes esyLOCK<\/p>\n","protected":false},"author":1,"featured_media":0,"parent":0,"menu_order":0,"comment_status":"closed","ping_status":"closed","template":"","meta":{"footnotes":""},"class_list":["post-587","page","type-page","status-publish","hentry"],"yoast_head":"<!-- This site is optimized with the Yoast SEO plugin v24.6 - https:\/\/yoast.com\/wordpress\/plugins\/seo\/ -->\n<title>Produits - FSA Irrigation<\/title>\n<meta name=\"robots\" content=\"index, follow, max-snippet:-1, max-image-preview:large, max-video-preview:-1\" \/>\n<link rel=\"canonical\" href=\"https:\/\/www.fsa-irrigation.com\/fr\/\" \/>\n<meta property=\"og:locale\" content=\"fr_FR\" \/>\n<meta property=\"og:type\" content=\"article\" \/>\n<meta property=\"og:title\" content=\"Produits - FSA Irrigation\" \/>\n<meta property=\"og:description\" content=\"Contr\u00f4les Arroseurs Vannes &amp; bo\u00eetes \u00e0 vannes Tuyaux &amp; raccords Filtres et d\u00e9tendeurs Outils Pompes et citernes esyLOCK\" \/>\n<meta property=\"og:url\" content=\"https:\/\/www.fsa-irrigation.com\/fr\/\" \/>\n<meta property=\"og:site_name\" content=\"FSA Irrigation\" \/>\n<meta property=\"article:modified_time\" content=\"2025-01-30T20:45:39+00:00\" \/>\n<meta property=\"og:image\" content=\"https:\/\/www.fsa-irrigation.com\/wp-content\/uploads\/irrigationcloud_controller.png\" \/>\n\t<meta property=\"og:image:width\" content=\"750\" \/>\n\t<meta property=\"og:image:height\" content=\"750\" \/>\n\t<meta property=\"og:image:type\" content=\"image\/png\" \/>\n<meta name=\"twitter:card\" content=\"summary_large_image\" \/>\n<script type=\"application\/ld+json\" class=\"yoast-schema-graph\">{\"@context\":\"https:\/\/schema.org\",\"@graph\":[{\"@type\":\"WebPage\",\"@id\":\"https:\/\/www.fsa-irrigation.com\/fr\/\",\"url\":\"https:\/\/www.fsa-irrigation.com\/fr\/\",\"name\":\"Produits - FSA Irrigation\",\"isPartOf\":{\"@id\":\"https:\/\/www.fsa-irrigation.com\/fr\/#website\"},\"primaryImageOfPage\":{\"@id\":\"https:\/\/www.fsa-irrigation.com\/fr\/#primaryimage\"},\"image\":{\"@id\":\"https:\/\/www.fsa-irrigation.com\/fr\/#primaryimage\"},\"thumbnailUrl\":\"https:\/\/www.fsa-irrigation.com\/wp-content\/uploads\/irrigationcloud_controller.png\",\"datePublished\":\"2024-11-15T20:48:08+00:00\",\"dateModified\":\"2025-01-30T20:45:39+00:00\",\"breadcrumb\":{\"@id\":\"https:\/\/www.fsa-irrigation.com\/fr\/#breadcrumb\"},\"inLanguage\":\"fr-FR\",\"potentialAction\":[{\"@type\":\"ReadAction\",\"target\":[\"https:\/\/www.fsa-irrigation.com\/fr\/\"]}]},{\"@type\":\"ImageObject\",\"inLanguage\":\"fr-FR\",\"@id\":\"https:\/\/www.fsa-irrigation.com\/fr\/#primaryimage\",\"url\":\"https:\/\/www.fsa-irrigation.com\/wp-content\/uploads\/irrigationcloud_controller.png\",\"contentUrl\":\"https:\/\/www.fsa-irrigation.com\/wp-content\/uploads\/irrigationcloud_controller.png\"},{\"@type\":\"BreadcrumbList\",\"@id\":\"https:\/\/www.fsa-irrigation.com\/fr\/#breadcrumb\",\"itemListElement\":[{\"@type\":\"ListItem\",\"position\":1,\"name\":\"Startseite\",\"item\":\"https:\/\/www.fsa-irrigation.com\/fr\/produits\/\"},{\"@type\":\"ListItem\",\"position\":2,\"name\":\"Produits\"}]},{\"@type\":\"WebSite\",\"@id\":\"https:\/\/www.fsa-irrigation.com\/fr\/#website\",\"url\":\"https:\/\/www.fsa-irrigation.com\/fr\/\",\"name\":\"FSA Irrigation\",\"description\":\"Des produits innovants et durables\",\"publisher\":{\"@id\":\"https:\/\/www.fsa-irrigation.com\/fr\/#organization\"},\"potentialAction\":[{\"@type\":\"SearchAction\",\"target\":{\"@type\":\"EntryPoint\",\"urlTemplate\":\"https:\/\/www.fsa-irrigation.com\/fr\/?s={search_term_string}\"},\"query-input\":{\"@type\":\"PropertyValueSpecification\",\"valueRequired\":true,\"valueName\":\"search_term_string\"}}],\"inLanguage\":\"fr-FR\"},{\"@type\":\"Organization\",\"@id\":\"https:\/\/www.fsa-irrigation.com\/fr\/#organization\",\"name\":\"Fluid Systems & Automation Irrigation\",\"url\":\"https:\/\/www.fsa-irrigation.com\/fr\/\",\"logo\":{\"@type\":\"ImageObject\",\"inLanguage\":\"fr-FR\",\"@id\":\"https:\/\/www.fsa-irrigation.com\/fr\/#\/schema\/logo\/image\/\",\"url\":\"https:\/\/www.fsa-irrigation.com\/wp-content\/uploads\/fsa-irrigation-grau.png\",\"contentUrl\":\"https:\/\/www.fsa-irrigation.com\/wp-content\/uploads\/fsa-irrigation-grau.png\",\"width\":600,\"height\":255,\"caption\":\"Fluid Systems & Automation Irrigation\"},\"image\":{\"@id\":\"https:\/\/www.fsa-irrigation.com\/fr\/#\/schema\/logo\/image\/\"},\"sameAs\":[\"https:\/\/de.linkedin.com\/company\/fluidsystems\"]}]}<\/script>\n<!-- \/ Yoast SEO plugin. -->","yoast_head_json":{"title":"Produits - FSA Irrigation","robots":{"index":"index","follow":"follow","max-snippet":"max-snippet:-1","max-image-preview":"max-image-preview:large","max-video-preview":"max-video-preview:-1"},"canonical":"https:\/\/www.fsa-irrigation.com\/fr\/","og_locale":"fr_FR","og_type":"article","og_title":"Produits - FSA Irrigation","og_description":"Contr\u00f4les Arroseurs Vannes &amp; bo\u00eetes \u00e0 vannes Tuyaux &amp; raccords Filtres et d\u00e9tendeurs Outils Pompes et citernes esyLOCK","og_url":"https:\/\/www.fsa-irrigation.com\/fr\/","og_site_name":"FSA Irrigation","article_modified_time":"2025-01-30T20:45:39+00:00","og_image":[{"width":750,"height":750,"url":"https:\/\/www.fsa-irrigation.com\/wp-content\/uploads\/irrigationcloud_controller.png","type":"image\/png"}],"twitter_card":"summary_large_image","schema":{"@context":"https:\/\/schema.org","@graph":[{"@type":"WebPage","@id":"https:\/\/www.fsa-irrigation.com\/fr\/","url":"https:\/\/www.fsa-irrigation.com\/fr\/","name":"Produits - FSA Irrigation","isPartOf":{"@id":"https:\/\/www.fsa-irrigation.com\/fr\/#website"},"primaryImageOfPage":{"@id":"https:\/\/www.fsa-irrigation.com\/fr\/#primaryimage"},"image":{"@id":"https:\/\/www.fsa-irrigation.com\/fr\/#primaryimage"},"thumbnailUrl":"https:\/\/www.fsa-irrigation.com\/wp-content\/uploads\/irrigationcloud_controller.png","datePublished":"2024-11-15T20:48:08+00:00","dateModified":"2025-01-30T20:45:39+00:00","breadcrumb":{"@id":"https:\/\/www.fsa-irrigation.com\/fr\/#breadcrumb"},"inLanguage":"fr-FR","potentialAction":[{"@type":"ReadAction","target":["https:\/\/www.fsa-irrigation.com\/fr\/"]}]},{"@type":"ImageObject","inLanguage":"fr-FR","@id":"https:\/\/www.fsa-irrigation.com\/fr\/#primaryimage","url":"https:\/\/www.fsa-irrigation.com\/wp-content\/uploads\/irrigationcloud_controller.png","contentUrl":"https:\/\/www.fsa-irrigation.com\/wp-content\/uploads\/irrigationcloud_controller.png"},{"@type":"BreadcrumbList","@id":"https:\/\/www.fsa-irrigation.com\/fr\/#breadcrumb","itemListElement":[{"@type":"ListItem","position":1,"name":"Startseite","item":"https:\/\/www.fsa-irrigation.com\/fr\/produits\/"},{"@type":"ListItem","position":2,"name":"Produits"}]},{"@type":"WebSite","@id":"https:\/\/www.fsa-irrigation.com\/fr\/#website","url":"https:\/\/www.fsa-irrigation.com\/fr\/","name":"FSA Irrigation","description":"Des produits innovants et durables","publisher":{"@id":"https:\/\/www.fsa-irrigation.com\/fr\/#organization"},"potentialAction":[{"@type":"SearchAction","target":{"@type":"EntryPoint","urlTemplate":"https:\/\/www.fsa-irrigation.com\/fr\/?s={search_term_string}"},"query-input":{"@type":"PropertyValueSpecification","valueRequired":true,"valueName":"search_term_string"}}],"inLanguage":"fr-FR"},{"@type":"Organization","@id":"https:\/\/www.fsa-irrigation.com\/fr\/#organization","name":"Fluid Systems & Automation Irrigation","url":"https:\/\/www.fsa-irrigation.com\/fr\/","logo":{"@type":"ImageObject","inLanguage":"fr-FR","@id":"https:\/\/www.fsa-irrigation.com\/fr\/#\/schema\/logo\/image\/","url":"https:\/\/www.fsa-irrigation.com\/wp-content\/uploads\/fsa-irrigation-grau.png","contentUrl":"https:\/\/www.fsa-irrigation.com\/wp-content\/uploads\/fsa-irrigation-grau.png","width":600,"height":255,"caption":"Fluid Systems & Automation Irrigation"},"image":{"@id":"https:\/\/www.fsa-irrigation.com\/fr\/#\/schema\/logo\/image\/"},"sameAs":["https:\/\/de.linkedin.com\/company\/fluidsystems"]}]}},"_links":{"self":[{"href":"https:\/\/www.fsa-irrigation.com\/fr\/wp-json\/wp\/v2\/pages\/587"}],"collection":[{"href":"https:\/\/www.fsa-irrigation.com\/fr\/wp-json\/wp\/v2\/pages"}],"about":[{"href":"https:\/\/www.fsa-irrigation.com\/fr\/wp-json\/wp\/v2\/types\/page"}],"author":[{"embeddable":true,"href":"https:\/\/www.fsa-irrigation.com\/fr\/wp-json\/wp\/v2\/users\/1"}],"replies":[{"embeddable":true,"href":"https:\/\/www.fsa-irrigation.com\/fr\/wp-json\/wp\/v2\/comments?post=587"}],"version-history":[{"count":2,"href":"https:\/\/www.fsa-irrigation.com\/fr\/wp-json\/wp\/v2\/pages\/587\/revisions"}],"predecessor-version":[{"id":598,"href":"https:\/\/www.fsa-irrigation.com\/fr\/wp-json\/wp\/v2\/pages\/587\/revisions\/598"}],"wp:attachment":[{"href":"https:\/\/www.fsa-irrigation.com\/fr\/wp-json\/wp\/v2\/media?parent=587"}],"curies":[{"name":"wp","href":"https:\/\/api.w.org\/{rel}","templated":true}]}}