{"id":525,"date":"2024-12-23T15:59:29","date_gmt":"2024-12-23T14:59:29","guid":{"rendered":"https:\/\/www.fsa-irrigation.com\/pompes-et-citernes\/"},"modified":"2025-01-30T21:45:29","modified_gmt":"2025-01-30T20:45:29","slug":"pompes-et-citernes","status":"publish","type":"page","link":"https:\/\/www.fsa-irrigation.com\/fr\/produits\/pompes-et-citernes\/","title":{"rendered":"Pompes et citernes"},"content":{"rendered":"\n<div class=\"wp-block-columns is-layout-flex wp-container-core-columns-is-layout-1 wp-block-columns-is-layout-flex\">\n<div class=\"wp-block-column is-layout-flow wp-block-column-is-layout-flow\" style=\"flex-basis:25%\">\n<figure class=\"wp-block-image size-full has-custom-border\"><img loading=\"lazy\" decoding=\"async\" width=\"500\" height=\"500\" src=\"https:\/\/www.fsa-irrigation.com\/wp-content\/uploads\/zisternenpumpe.png\" alt=\"\" class=\"wp-image-278\" style=\"border-style:none;border-width:0px\" srcset=\"https:\/\/www.fsa-irrigation.com\/wp-content\/uploads\/zisternenpumpe.png 500w, https:\/\/www.fsa-irrigation.com\/wp-content\/uploads\/zisternenpumpe-300x300.png 300w, https:\/\/www.fsa-irrigation.com\/wp-content\/uploads\/zisternenpumpe-150x150.png 150w\" sizes=\"(max-width: 500px) 100vw, 500px\" \/><\/figure>\n\n\n\n<p class=\"has-text-align-center\" style=\"margin-top:0;margin-bottom:0\">Pompe de citerne<\/p>\n\n\n\n<figure class=\"wp-block-image size-full has-custom-border\"><img loading=\"lazy\" decoding=\"async\" width=\"500\" height=\"500\" src=\"https:\/\/www.fsa-irrigation.com\/wp-content\/uploads\/wasserversorgungspumpe.png\" alt=\"\" class=\"wp-image-277\" style=\"border-style:none;border-width:0px;border-radius:0px;object-fit:cover\" srcset=\"https:\/\/www.fsa-irrigation.com\/wp-content\/uploads\/wasserversorgungspumpe.png 500w, https:\/\/www.fsa-irrigation.com\/wp-content\/uploads\/wasserversorgungspumpe-300x300.png 300w, https:\/\/www.fsa-irrigation.com\/wp-content\/uploads\/wasserversorgungspumpe-150x150.png 150w\" sizes=\"(max-width: 500px) 100vw, 500px\" \/><\/figure>\n\n\n\n<p class=\"has-text-align-center\" style=\"margin-top:0;margin-bottom:0\">Pompe d&rsquo;alimentation en eau auto-amor\u00e7ante<\/p>\n<\/div>\n\n\n\n<div class=\"wp-block-column is-layout-flow wp-block-column-is-layout-flow\" style=\"flex-basis:60%\">\n<p>Notre <strong>gamme Pompes &amp; Citernes<\/strong> offre un <strong>large choix de pompes<\/strong> pour r\u00e9pondre aux besoins des <strong>professionnels<\/strong> et <strong>des particuliers<\/strong>.<\/p>\n\n\n\n<p>La gamme comprend<\/p>\n\n\n\n<ul class=\"wp-block-list\">\n<li><strong>Pompes \u00e0 grand d\u00e9bit<\/strong> pour les applications agricoles et industrielles,<\/li>\n\n\n\n<li><strong>Pompes 12V<\/strong> pour les installations sp\u00e9ciales telles que <strong>les murs v\u00e9g\u00e9taux<\/strong>, qui peuvent \u00eatre aliment\u00e9es par <strong>des panneaux solaires<\/strong>.<\/li>\n<\/ul>\n\n\n\n<p><strong>Notre entreprise aide chaque client<\/strong> \u00e0 trouver le produit le plus adapt\u00e9 \u00e0 son projet. Gr\u00e2ce \u00e0 notre <strong>longue exp\u00e9rience en mati\u00e8re de sourcing<\/strong> et \u00e0 notre <strong>r\u00e9seau mondial de fournisseurs<\/strong>, nous fournissons des solutions sur mesure, performantes et durables.  <\/p>\n<\/div>\n<\/div>\n","protected":false},"excerpt":{"rendered":"<p>Pompe de citerne Pompe d&rsquo;alimentation en eau auto-amor\u00e7ante Notre gamme Pompes &amp; Citernes offre un large choix de pompes pour r\u00e9pondre aux besoins des professionnels et des particuliers. La gamme comprend Notre entreprise aide chaque client \u00e0 trouver le produit le plus adapt\u00e9 \u00e0 son projet. Gr\u00e2ce \u00e0 notre longue exp\u00e9rience en mati\u00e8re de sourcing [&hellip;]<\/p>\n","protected":false},"author":1,"featured_media":0,"parent":587,"menu_order":8,"comment_status":"closed","ping_status":"closed","template":"","meta":{"footnotes":""},"class_list":["post-525","page","type-page","status-publish","hentry"],"yoast_head":"<!-- This site is optimized with the Yoast SEO plugin v24.6 - https:\/\/yoast.com\/wordpress\/plugins\/seo\/ -->\n<title>Pompes et citernes - FSA Irrigation<\/title>\n<meta name=\"robots\" content=\"index, follow, max-snippet:-1, max-image-preview:large, max-video-preview:-1\" \/>\n<link rel=\"canonical\" href=\"https:\/\/www.fsa-irrigation.com\/fr\/produits\/pompes-et-citernes\/\" \/>\n<meta property=\"og:locale\" content=\"fr_FR\" \/>\n<meta property=\"og:type\" content=\"article\" \/>\n<meta property=\"og:title\" content=\"Pompes et citernes - FSA Irrigation\" \/>\n<meta property=\"og:description\" content=\"Pompe de citerne Pompe d&rsquo;alimentation en eau auto-amor\u00e7ante Notre gamme Pompes &amp; Citernes offre un large choix de pompes pour r\u00e9pondre aux besoins des professionnels et des particuliers. La gamme comprend Notre entreprise aide chaque client \u00e0 trouver le produit le plus adapt\u00e9 \u00e0 son projet. Gr\u00e2ce \u00e0 notre longue exp\u00e9rience en mati\u00e8re de sourcing [&hellip;]\" \/>\n<meta property=\"og:url\" content=\"https:\/\/www.fsa-irrigation.com\/fr\/produits\/pompes-et-citernes\/\" \/>\n<meta property=\"og:site_name\" content=\"FSA Irrigation\" \/>\n<meta property=\"article:modified_time\" content=\"2025-01-30T20:45:29+00:00\" \/>\n<meta property=\"og:image\" content=\"https:\/\/www.fsa-irrigation.com\/wp-content\/uploads\/zisternenpumpe.png\" \/>\n\t<meta property=\"og:image:width\" content=\"500\" \/>\n\t<meta property=\"og:image:height\" content=\"500\" \/>\n\t<meta property=\"og:image:type\" content=\"image\/png\" \/>\n<meta name=\"twitter:card\" content=\"summary_large_image\" \/>\n<meta name=\"twitter:label1\" content=\"Dur\u00e9e de lecture estim\u00e9e\" \/>\n\t<meta name=\"twitter:data1\" content=\"1 minute\" \/>\n<script type=\"application\/ld+json\" class=\"yoast-schema-graph\">{\"@context\":\"https:\/\/schema.org\",\"@graph\":[{\"@type\":\"WebPage\",\"@id\":\"https:\/\/www.fsa-irrigation.com\/fr\/produits\/pompes-et-citernes\/\",\"url\":\"https:\/\/www.fsa-irrigation.com\/fr\/produits\/pompes-et-citernes\/\",\"name\":\"Pompes et citernes - FSA Irrigation\",\"isPartOf\":{\"@id\":\"https:\/\/www.fsa-irrigation.com\/fr\/#website\"},\"primaryImageOfPage\":{\"@id\":\"https:\/\/www.fsa-irrigation.com\/fr\/produits\/pompes-et-citernes\/#primaryimage\"},\"image\":{\"@id\":\"https:\/\/www.fsa-irrigation.com\/fr\/produits\/pompes-et-citernes\/#primaryimage\"},\"thumbnailUrl\":\"https:\/\/www.fsa-irrigation.com\/wp-content\/uploads\/zisternenpumpe.png\",\"datePublished\":\"2024-12-23T14:59:29+00:00\",\"dateModified\":\"2025-01-30T20:45:29+00:00\",\"breadcrumb\":{\"@id\":\"https:\/\/www.fsa-irrigation.com\/fr\/produits\/pompes-et-citernes\/#breadcrumb\"},\"inLanguage\":\"fr-FR\",\"potentialAction\":[{\"@type\":\"ReadAction\",\"target\":[\"https:\/\/www.fsa-irrigation.com\/fr\/produits\/pompes-et-citernes\/\"]}]},{\"@type\":\"ImageObject\",\"inLanguage\":\"fr-FR\",\"@id\":\"https:\/\/www.fsa-irrigation.com\/fr\/produits\/pompes-et-citernes\/#primaryimage\",\"url\":\"https:\/\/www.fsa-irrigation.com\/wp-content\/uploads\/zisternenpumpe.png\",\"contentUrl\":\"https:\/\/www.fsa-irrigation.com\/wp-content\/uploads\/zisternenpumpe.png\"},{\"@type\":\"BreadcrumbList\",\"@id\":\"https:\/\/www.fsa-irrigation.com\/fr\/produits\/pompes-et-citernes\/#breadcrumb\",\"itemListElement\":[{\"@type\":\"ListItem\",\"position\":1,\"name\":\"Startseite\",\"item\":\"https:\/\/www.fsa-irrigation.com\/fr\/produits\/\"},{\"@type\":\"ListItem\",\"position\":2,\"name\":\"Produits\",\"item\":\"https:\/\/www.fsa-irrigation.com\/fr\/produits\/\"},{\"@type\":\"ListItem\",\"position\":3,\"name\":\"Pompes et citernes\"}]},{\"@type\":\"WebSite\",\"@id\":\"https:\/\/www.fsa-irrigation.com\/fr\/#website\",\"url\":\"https:\/\/www.fsa-irrigation.com\/fr\/\",\"name\":\"FSA Irrigation\",\"description\":\"Des produits innovants et durables\",\"publisher\":{\"@id\":\"https:\/\/www.fsa-irrigation.com\/fr\/#organization\"},\"potentialAction\":[{\"@type\":\"SearchAction\",\"target\":{\"@type\":\"EntryPoint\",\"urlTemplate\":\"https:\/\/www.fsa-irrigation.com\/fr\/?s={search_term_string}\"},\"query-input\":{\"@type\":\"PropertyValueSpecification\",\"valueRequired\":true,\"valueName\":\"search_term_string\"}}],\"inLanguage\":\"fr-FR\"},{\"@type\":\"Organization\",\"@id\":\"https:\/\/www.fsa-irrigation.com\/fr\/#organization\",\"name\":\"Fluid Systems & Automation Irrigation\",\"url\":\"https:\/\/www.fsa-irrigation.com\/fr\/\",\"logo\":{\"@type\":\"ImageObject\",\"inLanguage\":\"fr-FR\",\"@id\":\"https:\/\/www.fsa-irrigation.com\/fr\/#\/schema\/logo\/image\/\",\"url\":\"https:\/\/www.fsa-irrigation.com\/wp-content\/uploads\/fsa-irrigation-grau.png\",\"contentUrl\":\"https:\/\/www.fsa-irrigation.com\/wp-content\/uploads\/fsa-irrigation-grau.png\",\"width\":600,\"height\":255,\"caption\":\"Fluid Systems & Automation Irrigation\"},\"image\":{\"@id\":\"https:\/\/www.fsa-irrigation.com\/fr\/#\/schema\/logo\/image\/\"},\"sameAs\":[\"https:\/\/de.linkedin.com\/company\/fluidsystems\"]}]}<\/script>\n<!-- \/ Yoast SEO plugin. -->","yoast_head_json":{"title":"Pompes et citernes - FSA Irrigation","robots":{"index":"index","follow":"follow","max-snippet":"max-snippet:-1","max-image-preview":"max-image-preview:large","max-video-preview":"max-video-preview:-1"},"canonical":"https:\/\/www.fsa-irrigation.com\/fr\/produits\/pompes-et-citernes\/","og_locale":"fr_FR","og_type":"article","og_title":"Pompes et citernes - FSA Irrigation","og_description":"Pompe de citerne Pompe d&rsquo;alimentation en eau auto-amor\u00e7ante Notre gamme Pompes &amp; Citernes offre un large choix de pompes pour r\u00e9pondre aux besoins des professionnels et des particuliers. La gamme comprend Notre entreprise aide chaque client \u00e0 trouver le produit le plus adapt\u00e9 \u00e0 son projet. Gr\u00e2ce \u00e0 notre longue exp\u00e9rience en mati\u00e8re de sourcing [&hellip;]","og_url":"https:\/\/www.fsa-irrigation.com\/fr\/produits\/pompes-et-citernes\/","og_site_name":"FSA Irrigation","article_modified_time":"2025-01-30T20:45:29+00:00","og_image":[{"width":500,"height":500,"url":"https:\/\/www.fsa-irrigation.com\/wp-content\/uploads\/zisternenpumpe.png","type":"image\/png"}],"twitter_card":"summary_large_image","twitter_misc":{"Dur\u00e9e de lecture estim\u00e9e":"1 minute"},"schema":{"@context":"https:\/\/schema.org","@graph":[{"@type":"WebPage","@id":"https:\/\/www.fsa-irrigation.com\/fr\/produits\/pompes-et-citernes\/","url":"https:\/\/www.fsa-irrigation.com\/fr\/produits\/pompes-et-citernes\/","name":"Pompes et citernes - FSA Irrigation","isPartOf":{"@id":"https:\/\/www.fsa-irrigation.com\/fr\/#website"},"primaryImageOfPage":{"@id":"https:\/\/www.fsa-irrigation.com\/fr\/produits\/pompes-et-citernes\/#primaryimage"},"image":{"@id":"https:\/\/www.fsa-irrigation.com\/fr\/produits\/pompes-et-citernes\/#primaryimage"},"thumbnailUrl":"https:\/\/www.fsa-irrigation.com\/wp-content\/uploads\/zisternenpumpe.png","datePublished":"2024-12-23T14:59:29+00:00","dateModified":"2025-01-30T20:45:29+00:00","breadcrumb":{"@id":"https:\/\/www.fsa-irrigation.com\/fr\/produits\/pompes-et-citernes\/#breadcrumb"},"inLanguage":"fr-FR","potentialAction":[{"@type":"ReadAction","target":["https:\/\/www.fsa-irrigation.com\/fr\/produits\/pompes-et-citernes\/"]}]},{"@type":"ImageObject","inLanguage":"fr-FR","@id":"https:\/\/www.fsa-irrigation.com\/fr\/produits\/pompes-et-citernes\/#primaryimage","url":"https:\/\/www.fsa-irrigation.com\/wp-content\/uploads\/zisternenpumpe.png","contentUrl":"https:\/\/www.fsa-irrigation.com\/wp-content\/uploads\/zisternenpumpe.png"},{"@type":"BreadcrumbList","@id":"https:\/\/www.fsa-irrigation.com\/fr\/produits\/pompes-et-citernes\/#breadcrumb","itemListElement":[{"@type":"ListItem","position":1,"name":"Startseite","item":"https:\/\/www.fsa-irrigation.com\/fr\/produits\/"},{"@type":"ListItem","position":2,"name":"Produits","item":"https:\/\/www.fsa-irrigation.com\/fr\/produits\/"},{"@type":"ListItem","position":3,"name":"Pompes et citernes"}]},{"@type":"WebSite","@id":"https:\/\/www.fsa-irrigation.com\/fr\/#website","url":"https:\/\/www.fsa-irrigation.com\/fr\/","name":"FSA Irrigation","description":"Des produits innovants et durables","publisher":{"@id":"https:\/\/www.fsa-irrigation.com\/fr\/#organization"},"potentialAction":[{"@type":"SearchAction","target":{"@type":"EntryPoint","urlTemplate":"https:\/\/www.fsa-irrigation.com\/fr\/?s={search_term_string}"},"query-input":{"@type":"PropertyValueSpecification","valueRequired":true,"valueName":"search_term_string"}}],"inLanguage":"fr-FR"},{"@type":"Organization","@id":"https:\/\/www.fsa-irrigation.com\/fr\/#organization","name":"Fluid Systems & Automation Irrigation","url":"https:\/\/www.fsa-irrigation.com\/fr\/","logo":{"@type":"ImageObject","inLanguage":"fr-FR","@id":"https:\/\/www.fsa-irrigation.com\/fr\/#\/schema\/logo\/image\/","url":"https:\/\/www.fsa-irrigation.com\/wp-content\/uploads\/fsa-irrigation-grau.png","contentUrl":"https:\/\/www.fsa-irrigation.com\/wp-content\/uploads\/fsa-irrigation-grau.png","width":600,"height":255,"caption":"Fluid Systems & Automation Irrigation"},"image":{"@id":"https:\/\/www.fsa-irrigation.com\/fr\/#\/schema\/logo\/image\/"},"sameAs":["https:\/\/de.linkedin.com\/company\/fluidsystems"]}]}},"_links":{"self":[{"href":"https:\/\/www.fsa-irrigation.com\/fr\/wp-json\/wp\/v2\/pages\/525"}],"collection":[{"href":"https:\/\/www.fsa-irrigation.com\/fr\/wp-json\/wp\/v2\/pages"}],"about":[{"href":"https:\/\/www.fsa-irrigation.com\/fr\/wp-json\/wp\/v2\/types\/page"}],"author":[{"embeddable":true,"href":"https:\/\/www.fsa-irrigation.com\/fr\/wp-json\/wp\/v2\/users\/1"}],"replies":[{"embeddable":true,"href":"https:\/\/www.fsa-irrigation.com\/fr\/wp-json\/wp\/v2\/comments?post=525"}],"version-history":[{"count":1,"href":"https:\/\/www.fsa-irrigation.com\/fr\/wp-json\/wp\/v2\/pages\/525\/revisions"}],"predecessor-version":[{"id":526,"href":"https:\/\/www.fsa-irrigation.com\/fr\/wp-json\/wp\/v2\/pages\/525\/revisions\/526"}],"up":[{"embeddable":true,"href":"https:\/\/www.fsa-irrigation.com\/fr\/wp-json\/wp\/v2\/pages\/587"}],"wp:attachment":[{"href":"https:\/\/www.fsa-irrigation.com\/fr\/wp-json\/wp\/v2\/media?parent=525"}],"curies":[{"name":"wp","href":"https:\/\/api.w.org\/{rel}","templated":true}]}}