{"id":510,"date":"2024-12-23T15:58:16","date_gmt":"2024-12-23T14:58:16","guid":{"rendered":"https:\/\/www.fsa-irrigation.com\/filtres-et-detendeurs\/"},"modified":"2025-01-30T21:45:29","modified_gmt":"2025-01-30T20:45:29","slug":"filtres-et-detendeurs","status":"publish","type":"page","link":"https:\/\/www.fsa-irrigation.com\/fr\/produits\/filtres-et-detendeurs\/","title":{"rendered":"Filtres et d\u00e9tendeurs"},"content":{"rendered":"\n<div class=\"wp-block-columns is-layout-flex wp-container-core-columns-is-layout-1 wp-block-columns-is-layout-flex\">\n<div class=\"wp-block-column is-layout-flow wp-block-column-is-layout-flow\" style=\"flex-basis:25%\">\n<figure class=\"wp-block-image size-full has-custom-border\"><img loading=\"lazy\" decoding=\"async\" width=\"500\" height=\"500\" src=\"https:\/\/www.fsa-irrigation.com\/wp-content\/uploads\/dripfilter.png\" alt=\"\" class=\"wp-image-280\" style=\"border-style:none;border-width:0px\" srcset=\"https:\/\/www.fsa-irrigation.com\/wp-content\/uploads\/dripfilter.png 500w, https:\/\/www.fsa-irrigation.com\/wp-content\/uploads\/dripfilter-300x300.png 300w, https:\/\/www.fsa-irrigation.com\/wp-content\/uploads\/dripfilter-150x150.png 150w\" sizes=\"(max-width: 500px) 100vw, 500px\" \/><\/figure>\n\n\n\n<p class=\"has-text-align-center\" style=\"margin-top:0;margin-bottom:0\">Filtre \u00e0 goutte<\/p>\n\n\n\n<figure class=\"wp-block-image size-full has-custom-border\"><img loading=\"lazy\" decoding=\"async\" width=\"500\" height=\"500\" src=\"https:\/\/www.fsa-irrigation.com\/wp-content\/uploads\/druckregler1.png\" alt=\"\" class=\"wp-image-279\" style=\"border-style:none;border-width:0px;border-radius:0px;object-fit:cover\" srcset=\"https:\/\/www.fsa-irrigation.com\/wp-content\/uploads\/druckregler1.png 500w, https:\/\/www.fsa-irrigation.com\/wp-content\/uploads\/druckregler1-300x300.png 300w, https:\/\/www.fsa-irrigation.com\/wp-content\/uploads\/druckregler1-150x150.png 150w\" sizes=\"(max-width: 500px) 100vw, 500px\" \/><\/figure>\n\n\n\n<p class=\"has-text-align-center\" style=\"margin-top:0;margin-bottom:0\">R\u00e9gulateur de pression<\/p>\n<\/div>\n\n\n\n<div class=\"wp-block-column is-layout-flow wp-block-column-is-layout-flow\" style=\"flex-basis:60%\">\n<p>Notre <strong>gamme de filtres et de d\u00e9tendeurs<\/strong> est <strong>tr\u00e8s compl\u00e8te<\/strong> et offre un large choix de <strong>filtres<\/strong> et <strong>de d\u00e9tendeurs<\/strong> qui conviennent aussi bien aux professionnels qu&rsquo;aux particuliers.<\/p>\n\n\n\n<p>Elle assure<\/p>\n\n\n\n<ul class=\"wp-block-list\">\n<li>Une <strong>protection optimale<\/strong> des syst\u00e8mes d&rsquo;irrigation en \u00e9liminant les contaminants,<\/li>\n\n\n\n<li>Une <strong>r\u00e9gulation pr\u00e9cise de la pression<\/strong> pour garantir un fonctionnement fiable et constant.<\/li>\n<\/ul>\n\n\n\n<p><strong>Notre entreprise aide chaque client<\/strong> \u00e0 trouver le produit qui lui convient. Gr\u00e2ce \u00e0 notre <strong>longue exp\u00e9rience en mati\u00e8re de sourcing<\/strong> et \u00e0 notre <strong>r\u00e9seau mondial de fournisseurs<\/strong>, nous fournissons des solutions durables et efficaces pour les applications les plus diverses. <\/p>\n<\/div>\n<\/div>\n","protected":false},"excerpt":{"rendered":"<p>Filtre \u00e0 goutte R\u00e9gulateur de pression Notre gamme de filtres et de d\u00e9tendeurs est tr\u00e8s compl\u00e8te et offre un large choix de filtres et de d\u00e9tendeurs qui conviennent aussi bien aux professionnels qu&rsquo;aux particuliers. Elle assure Notre entreprise aide chaque client \u00e0 trouver le produit qui lui convient. Gr\u00e2ce \u00e0 notre longue exp\u00e9rience en mati\u00e8re [&hellip;]<\/p>\n","protected":false},"author":1,"featured_media":0,"parent":587,"menu_order":6,"comment_status":"closed","ping_status":"closed","template":"","meta":{"footnotes":""},"class_list":["post-510","page","type-page","status-publish","hentry"],"yoast_head":"<!-- This site is optimized with the Yoast SEO plugin v24.6 - https:\/\/yoast.com\/wordpress\/plugins\/seo\/ -->\n<title>Filtres et d\u00e9tendeurs - FSA Irrigation<\/title>\n<meta name=\"robots\" content=\"index, follow, max-snippet:-1, max-image-preview:large, max-video-preview:-1\" \/>\n<link rel=\"canonical\" href=\"https:\/\/www.fsa-irrigation.com\/fr\/produits\/filtres-et-detendeurs\/\" \/>\n<meta property=\"og:locale\" content=\"fr_FR\" \/>\n<meta property=\"og:type\" content=\"article\" \/>\n<meta property=\"og:title\" content=\"Filtres et d\u00e9tendeurs - FSA Irrigation\" \/>\n<meta property=\"og:description\" content=\"Filtre \u00e0 goutte R\u00e9gulateur de pression Notre gamme de filtres et de d\u00e9tendeurs est tr\u00e8s compl\u00e8te et offre un large choix de filtres et de d\u00e9tendeurs qui conviennent aussi bien aux professionnels qu&rsquo;aux particuliers. Elle assure Notre entreprise aide chaque client \u00e0 trouver le produit qui lui convient. Gr\u00e2ce \u00e0 notre longue exp\u00e9rience en mati\u00e8re [&hellip;]\" \/>\n<meta property=\"og:url\" content=\"https:\/\/www.fsa-irrigation.com\/fr\/produits\/filtres-et-detendeurs\/\" \/>\n<meta property=\"og:site_name\" content=\"FSA Irrigation\" \/>\n<meta property=\"article:modified_time\" content=\"2025-01-30T20:45:29+00:00\" \/>\n<meta property=\"og:image\" content=\"https:\/\/www.fsa-irrigation.com\/wp-content\/uploads\/dripfilter.png\" \/>\n\t<meta property=\"og:image:width\" content=\"500\" \/>\n\t<meta property=\"og:image:height\" content=\"500\" \/>\n\t<meta property=\"og:image:type\" content=\"image\/png\" \/>\n<meta name=\"twitter:card\" content=\"summary_large_image\" \/>\n<meta name=\"twitter:label1\" content=\"Dur\u00e9e de lecture estim\u00e9e\" \/>\n\t<meta name=\"twitter:data1\" content=\"1 minute\" \/>\n<script type=\"application\/ld+json\" class=\"yoast-schema-graph\">{\"@context\":\"https:\/\/schema.org\",\"@graph\":[{\"@type\":\"WebPage\",\"@id\":\"https:\/\/www.fsa-irrigation.com\/fr\/produits\/filtres-et-detendeurs\/\",\"url\":\"https:\/\/www.fsa-irrigation.com\/fr\/produits\/filtres-et-detendeurs\/\",\"name\":\"Filtres et d\u00e9tendeurs - FSA Irrigation\",\"isPartOf\":{\"@id\":\"https:\/\/www.fsa-irrigation.com\/fr\/#website\"},\"primaryImageOfPage\":{\"@id\":\"https:\/\/www.fsa-irrigation.com\/fr\/produits\/filtres-et-detendeurs\/#primaryimage\"},\"image\":{\"@id\":\"https:\/\/www.fsa-irrigation.com\/fr\/produits\/filtres-et-detendeurs\/#primaryimage\"},\"thumbnailUrl\":\"https:\/\/www.fsa-irrigation.com\/wp-content\/uploads\/dripfilter.png\",\"datePublished\":\"2024-12-23T14:58:16+00:00\",\"dateModified\":\"2025-01-30T20:45:29+00:00\",\"breadcrumb\":{\"@id\":\"https:\/\/www.fsa-irrigation.com\/fr\/produits\/filtres-et-detendeurs\/#breadcrumb\"},\"inLanguage\":\"fr-FR\",\"potentialAction\":[{\"@type\":\"ReadAction\",\"target\":[\"https:\/\/www.fsa-irrigation.com\/fr\/produits\/filtres-et-detendeurs\/\"]}]},{\"@type\":\"ImageObject\",\"inLanguage\":\"fr-FR\",\"@id\":\"https:\/\/www.fsa-irrigation.com\/fr\/produits\/filtres-et-detendeurs\/#primaryimage\",\"url\":\"https:\/\/www.fsa-irrigation.com\/wp-content\/uploads\/dripfilter.png\",\"contentUrl\":\"https:\/\/www.fsa-irrigation.com\/wp-content\/uploads\/dripfilter.png\"},{\"@type\":\"BreadcrumbList\",\"@id\":\"https:\/\/www.fsa-irrigation.com\/fr\/produits\/filtres-et-detendeurs\/#breadcrumb\",\"itemListElement\":[{\"@type\":\"ListItem\",\"position\":1,\"name\":\"Startseite\",\"item\":\"https:\/\/www.fsa-irrigation.com\/fr\/produits\/\"},{\"@type\":\"ListItem\",\"position\":2,\"name\":\"Produits\",\"item\":\"https:\/\/www.fsa-irrigation.com\/fr\/produits\/\"},{\"@type\":\"ListItem\",\"position\":3,\"name\":\"Filtres et d\u00e9tendeurs\"}]},{\"@type\":\"WebSite\",\"@id\":\"https:\/\/www.fsa-irrigation.com\/fr\/#website\",\"url\":\"https:\/\/www.fsa-irrigation.com\/fr\/\",\"name\":\"FSA Irrigation\",\"description\":\"Des produits innovants et durables\",\"publisher\":{\"@id\":\"https:\/\/www.fsa-irrigation.com\/fr\/#organization\"},\"potentialAction\":[{\"@type\":\"SearchAction\",\"target\":{\"@type\":\"EntryPoint\",\"urlTemplate\":\"https:\/\/www.fsa-irrigation.com\/fr\/?s={search_term_string}\"},\"query-input\":{\"@type\":\"PropertyValueSpecification\",\"valueRequired\":true,\"valueName\":\"search_term_string\"}}],\"inLanguage\":\"fr-FR\"},{\"@type\":\"Organization\",\"@id\":\"https:\/\/www.fsa-irrigation.com\/fr\/#organization\",\"name\":\"Fluid Systems & Automation Irrigation\",\"url\":\"https:\/\/www.fsa-irrigation.com\/fr\/\",\"logo\":{\"@type\":\"ImageObject\",\"inLanguage\":\"fr-FR\",\"@id\":\"https:\/\/www.fsa-irrigation.com\/fr\/#\/schema\/logo\/image\/\",\"url\":\"https:\/\/www.fsa-irrigation.com\/wp-content\/uploads\/fsa-irrigation-grau.png\",\"contentUrl\":\"https:\/\/www.fsa-irrigation.com\/wp-content\/uploads\/fsa-irrigation-grau.png\",\"width\":600,\"height\":255,\"caption\":\"Fluid Systems & Automation Irrigation\"},\"image\":{\"@id\":\"https:\/\/www.fsa-irrigation.com\/fr\/#\/schema\/logo\/image\/\"},\"sameAs\":[\"https:\/\/de.linkedin.com\/company\/fluidsystems\"]}]}<\/script>\n<!-- \/ Yoast SEO plugin. -->","yoast_head_json":{"title":"Filtres et d\u00e9tendeurs - FSA Irrigation","robots":{"index":"index","follow":"follow","max-snippet":"max-snippet:-1","max-image-preview":"max-image-preview:large","max-video-preview":"max-video-preview:-1"},"canonical":"https:\/\/www.fsa-irrigation.com\/fr\/produits\/filtres-et-detendeurs\/","og_locale":"fr_FR","og_type":"article","og_title":"Filtres et d\u00e9tendeurs - FSA Irrigation","og_description":"Filtre \u00e0 goutte R\u00e9gulateur de pression Notre gamme de filtres et de d\u00e9tendeurs est tr\u00e8s compl\u00e8te et offre un large choix de filtres et de d\u00e9tendeurs qui conviennent aussi bien aux professionnels qu&rsquo;aux particuliers. Elle assure Notre entreprise aide chaque client \u00e0 trouver le produit qui lui convient. Gr\u00e2ce \u00e0 notre longue exp\u00e9rience en mati\u00e8re [&hellip;]","og_url":"https:\/\/www.fsa-irrigation.com\/fr\/produits\/filtres-et-detendeurs\/","og_site_name":"FSA Irrigation","article_modified_time":"2025-01-30T20:45:29+00:00","og_image":[{"width":500,"height":500,"url":"https:\/\/www.fsa-irrigation.com\/wp-content\/uploads\/dripfilter.png","type":"image\/png"}],"twitter_card":"summary_large_image","twitter_misc":{"Dur\u00e9e de lecture estim\u00e9e":"1 minute"},"schema":{"@context":"https:\/\/schema.org","@graph":[{"@type":"WebPage","@id":"https:\/\/www.fsa-irrigation.com\/fr\/produits\/filtres-et-detendeurs\/","url":"https:\/\/www.fsa-irrigation.com\/fr\/produits\/filtres-et-detendeurs\/","name":"Filtres et d\u00e9tendeurs - FSA Irrigation","isPartOf":{"@id":"https:\/\/www.fsa-irrigation.com\/fr\/#website"},"primaryImageOfPage":{"@id":"https:\/\/www.fsa-irrigation.com\/fr\/produits\/filtres-et-detendeurs\/#primaryimage"},"image":{"@id":"https:\/\/www.fsa-irrigation.com\/fr\/produits\/filtres-et-detendeurs\/#primaryimage"},"thumbnailUrl":"https:\/\/www.fsa-irrigation.com\/wp-content\/uploads\/dripfilter.png","datePublished":"2024-12-23T14:58:16+00:00","dateModified":"2025-01-30T20:45:29+00:00","breadcrumb":{"@id":"https:\/\/www.fsa-irrigation.com\/fr\/produits\/filtres-et-detendeurs\/#breadcrumb"},"inLanguage":"fr-FR","potentialAction":[{"@type":"ReadAction","target":["https:\/\/www.fsa-irrigation.com\/fr\/produits\/filtres-et-detendeurs\/"]}]},{"@type":"ImageObject","inLanguage":"fr-FR","@id":"https:\/\/www.fsa-irrigation.com\/fr\/produits\/filtres-et-detendeurs\/#primaryimage","url":"https:\/\/www.fsa-irrigation.com\/wp-content\/uploads\/dripfilter.png","contentUrl":"https:\/\/www.fsa-irrigation.com\/wp-content\/uploads\/dripfilter.png"},{"@type":"BreadcrumbList","@id":"https:\/\/www.fsa-irrigation.com\/fr\/produits\/filtres-et-detendeurs\/#breadcrumb","itemListElement":[{"@type":"ListItem","position":1,"name":"Startseite","item":"https:\/\/www.fsa-irrigation.com\/fr\/produits\/"},{"@type":"ListItem","position":2,"name":"Produits","item":"https:\/\/www.fsa-irrigation.com\/fr\/produits\/"},{"@type":"ListItem","position":3,"name":"Filtres et d\u00e9tendeurs"}]},{"@type":"WebSite","@id":"https:\/\/www.fsa-irrigation.com\/fr\/#website","url":"https:\/\/www.fsa-irrigation.com\/fr\/","name":"FSA Irrigation","description":"Des produits innovants et durables","publisher":{"@id":"https:\/\/www.fsa-irrigation.com\/fr\/#organization"},"potentialAction":[{"@type":"SearchAction","target":{"@type":"EntryPoint","urlTemplate":"https:\/\/www.fsa-irrigation.com\/fr\/?s={search_term_string}"},"query-input":{"@type":"PropertyValueSpecification","valueRequired":true,"valueName":"search_term_string"}}],"inLanguage":"fr-FR"},{"@type":"Organization","@id":"https:\/\/www.fsa-irrigation.com\/fr\/#organization","name":"Fluid Systems & Automation Irrigation","url":"https:\/\/www.fsa-irrigation.com\/fr\/","logo":{"@type":"ImageObject","inLanguage":"fr-FR","@id":"https:\/\/www.fsa-irrigation.com\/fr\/#\/schema\/logo\/image\/","url":"https:\/\/www.fsa-irrigation.com\/wp-content\/uploads\/fsa-irrigation-grau.png","contentUrl":"https:\/\/www.fsa-irrigation.com\/wp-content\/uploads\/fsa-irrigation-grau.png","width":600,"height":255,"caption":"Fluid Systems & Automation Irrigation"},"image":{"@id":"https:\/\/www.fsa-irrigation.com\/fr\/#\/schema\/logo\/image\/"},"sameAs":["https:\/\/de.linkedin.com\/company\/fluidsystems"]}]}},"_links":{"self":[{"href":"https:\/\/www.fsa-irrigation.com\/fr\/wp-json\/wp\/v2\/pages\/510"}],"collection":[{"href":"https:\/\/www.fsa-irrigation.com\/fr\/wp-json\/wp\/v2\/pages"}],"about":[{"href":"https:\/\/www.fsa-irrigation.com\/fr\/wp-json\/wp\/v2\/types\/page"}],"author":[{"embeddable":true,"href":"https:\/\/www.fsa-irrigation.com\/fr\/wp-json\/wp\/v2\/users\/1"}],"replies":[{"embeddable":true,"href":"https:\/\/www.fsa-irrigation.com\/fr\/wp-json\/wp\/v2\/comments?post=510"}],"version-history":[{"count":1,"href":"https:\/\/www.fsa-irrigation.com\/fr\/wp-json\/wp\/v2\/pages\/510\/revisions"}],"predecessor-version":[{"id":512,"href":"https:\/\/www.fsa-irrigation.com\/fr\/wp-json\/wp\/v2\/pages\/510\/revisions\/512"}],"up":[{"embeddable":true,"href":"https:\/\/www.fsa-irrigation.com\/fr\/wp-json\/wp\/v2\/pages\/587"}],"wp:attachment":[{"href":"https:\/\/www.fsa-irrigation.com\/fr\/wp-json\/wp\/v2\/media?parent=510"}],"curies":[{"name":"wp","href":"https:\/\/api.w.org\/{rel}","templated":true}]}}