{"id":507,"date":"2024-12-23T15:56:11","date_gmt":"2024-12-23T14:56:11","guid":{"rendered":"https:\/\/www.fsa-irrigation.com\/arroseurs\/"},"modified":"2025-01-30T21:45:28","modified_gmt":"2025-01-30T20:45:28","slug":"arroseurs","status":"publish","type":"page","link":"https:\/\/www.fsa-irrigation.com\/fr\/produits\/arroseurs\/","title":{"rendered":"Arroseurs"},"content":{"rendered":"\n<div class=\"wp-block-columns is-layout-flex wp-container-core-columns-is-layout-1 wp-block-columns-is-layout-flex\">\n<div class=\"wp-block-column is-layout-flow wp-block-column-is-layout-flow\" style=\"flex-basis:25%\">\n<figure class=\"wp-block-image size-full has-custom-border\"><img loading=\"lazy\" decoding=\"async\" width=\"500\" height=\"507\" src=\"https:\/\/www.fsa-irrigation.com\/wp-content\/uploads\/getriebesprinkler.png\" alt=\"\" class=\"wp-image-285\" style=\"border-style:none;border-width:0px\" srcset=\"https:\/\/www.fsa-irrigation.com\/wp-content\/uploads\/getriebesprinkler.png 500w, https:\/\/www.fsa-irrigation.com\/wp-content\/uploads\/getriebesprinkler-296x300.png 296w\" sizes=\"(max-width: 500px) 100vw, 500px\" \/><\/figure>\n\n\n\n<p class=\"has-text-align-center\" style=\"margin-top:0;margin-bottom:0\">Arroseur \u00e0 engrenages<\/p>\n\n\n\n<figure class=\"wp-block-image size-full has-custom-border\"><img loading=\"lazy\" decoding=\"async\" width=\"500\" height=\"507\" src=\"https:\/\/www.fsa-irrigation.com\/wp-content\/uploads\/spruehkopf-prinkler.png\" alt=\"\" class=\"wp-image-284\" style=\"border-style:none;border-width:0px;border-radius:0px;object-fit:cover\" srcset=\"https:\/\/www.fsa-irrigation.com\/wp-content\/uploads\/spruehkopf-prinkler.png 500w, https:\/\/www.fsa-irrigation.com\/wp-content\/uploads\/spruehkopf-prinkler-296x300.png 296w\" sizes=\"(max-width: 500px) 100vw, 500px\" \/><\/figure>\n\n\n\n<p class=\"has-text-align-center\" style=\"margin-top:0;margin-bottom:0\">T\u00eate d&rsquo;arrosage<\/p>\n<\/div>\n\n\n\n<div class=\"wp-block-column is-layout-flow wp-block-column-is-layout-flow\" style=\"flex-basis:60%\">\n<p>Notre <strong>gamme de sprinklers<\/strong> est particuli\u00e8rement <strong>\u00e9tendue<\/strong> et couvre les besoins les plus divers :<\/p>\n\n\n\n<ul class=\"wp-block-list\">\n<li><strong>Syst\u00e8mes \u00e0 haut d\u00e9bit<\/strong> pour les grandes surfaces,<\/li>\n\n\n\n<li><strong>Arroseurs plus petits<\/strong> pour les jardins priv\u00e9s.<\/li>\n<\/ul>\n\n\n\n<p>Nous proposons \u00e9galement <strong>des arroseurs sp\u00e9ciaux<\/strong> pour des applications particuli\u00e8res telles que l&rsquo;<strong>agriculture<\/strong> ou <strong>les courts de tennis<\/strong>.<\/p>\n\n\n\n<p>Gr\u00e2ce \u00e0 notre <strong>longue exp\u00e9rience en mati\u00e8re de sourcing de produits<\/strong> et \u00e0 notre <strong>r\u00e9seau mondial de fournisseurs<\/strong>, nous accompagnons nos clients dans le choix de solutions adapt\u00e9es qui garantissent les meilleures performances et la plus grande fiabilit\u00e9.ments et offrent un niveau d <strong>&lsquo;optimisation<\/strong> sans pr\u00e9c\u00e9dent en termes d&rsquo;efficacit\u00e9 et d&rsquo;\u00e9conomie d&rsquo;eau.<\/p>\n<\/div>\n<\/div>\n","protected":false},"excerpt":{"rendered":"<p>Arroseur \u00e0 engrenages T\u00eate d&rsquo;arrosage Notre gamme de sprinklers est particuli\u00e8rement \u00e9tendue et couvre les besoins les plus divers : Nous proposons \u00e9galement des arroseurs sp\u00e9ciaux pour des applications particuli\u00e8res telles que l&rsquo;agriculture ou les courts de tennis. Gr\u00e2ce \u00e0 notre longue exp\u00e9rience en mati\u00e8re de sourcing de produits et \u00e0 notre r\u00e9seau mondial de [&hellip;]<\/p>\n","protected":false},"author":1,"featured_media":0,"parent":587,"menu_order":3,"comment_status":"closed","ping_status":"closed","template":"","meta":{"footnotes":""},"class_list":["post-507","page","type-page","status-publish","hentry"],"yoast_head":"<!-- This site is optimized with the Yoast SEO plugin v24.6 - https:\/\/yoast.com\/wordpress\/plugins\/seo\/ -->\n<title>Arroseurs - FSA Irrigation<\/title>\n<meta name=\"robots\" content=\"index, follow, max-snippet:-1, max-image-preview:large, max-video-preview:-1\" \/>\n<link rel=\"canonical\" href=\"https:\/\/www.fsa-irrigation.com\/fr\/produits\/arroseurs\/\" \/>\n<meta property=\"og:locale\" content=\"fr_FR\" \/>\n<meta property=\"og:type\" content=\"article\" \/>\n<meta property=\"og:title\" content=\"Arroseurs - FSA Irrigation\" \/>\n<meta property=\"og:description\" content=\"Arroseur \u00e0 engrenages T\u00eate d&rsquo;arrosage Notre gamme de sprinklers est particuli\u00e8rement \u00e9tendue et couvre les besoins les plus divers : Nous proposons \u00e9galement des arroseurs sp\u00e9ciaux pour des applications particuli\u00e8res telles que l&rsquo;agriculture ou les courts de tennis. Gr\u00e2ce \u00e0 notre longue exp\u00e9rience en mati\u00e8re de sourcing de produits et \u00e0 notre r\u00e9seau mondial de [&hellip;]\" \/>\n<meta property=\"og:url\" content=\"https:\/\/www.fsa-irrigation.com\/fr\/produits\/arroseurs\/\" \/>\n<meta property=\"og:site_name\" content=\"FSA Irrigation\" \/>\n<meta property=\"article:modified_time\" content=\"2025-01-30T20:45:28+00:00\" \/>\n<meta property=\"og:image\" content=\"https:\/\/www.fsa-irrigation.com\/wp-content\/uploads\/getriebesprinkler.png\" \/>\n\t<meta property=\"og:image:width\" content=\"500\" \/>\n\t<meta property=\"og:image:height\" content=\"507\" \/>\n\t<meta property=\"og:image:type\" content=\"image\/png\" \/>\n<meta name=\"twitter:card\" content=\"summary_large_image\" \/>\n<meta name=\"twitter:label1\" content=\"Dur\u00e9e de lecture estim\u00e9e\" \/>\n\t<meta name=\"twitter:data1\" content=\"1 minute\" \/>\n<script type=\"application\/ld+json\" class=\"yoast-schema-graph\">{\"@context\":\"https:\/\/schema.org\",\"@graph\":[{\"@type\":\"WebPage\",\"@id\":\"https:\/\/www.fsa-irrigation.com\/fr\/produits\/arroseurs\/\",\"url\":\"https:\/\/www.fsa-irrigation.com\/fr\/produits\/arroseurs\/\",\"name\":\"Arroseurs - FSA Irrigation\",\"isPartOf\":{\"@id\":\"https:\/\/www.fsa-irrigation.com\/fr\/#website\"},\"primaryImageOfPage\":{\"@id\":\"https:\/\/www.fsa-irrigation.com\/fr\/produits\/arroseurs\/#primaryimage\"},\"image\":{\"@id\":\"https:\/\/www.fsa-irrigation.com\/fr\/produits\/arroseurs\/#primaryimage\"},\"thumbnailUrl\":\"https:\/\/www.fsa-irrigation.com\/wp-content\/uploads\/getriebesprinkler.png\",\"datePublished\":\"2024-12-23T14:56:11+00:00\",\"dateModified\":\"2025-01-30T20:45:28+00:00\",\"breadcrumb\":{\"@id\":\"https:\/\/www.fsa-irrigation.com\/fr\/produits\/arroseurs\/#breadcrumb\"},\"inLanguage\":\"fr-FR\",\"potentialAction\":[{\"@type\":\"ReadAction\",\"target\":[\"https:\/\/www.fsa-irrigation.com\/fr\/produits\/arroseurs\/\"]}]},{\"@type\":\"ImageObject\",\"inLanguage\":\"fr-FR\",\"@id\":\"https:\/\/www.fsa-irrigation.com\/fr\/produits\/arroseurs\/#primaryimage\",\"url\":\"https:\/\/www.fsa-irrigation.com\/wp-content\/uploads\/getriebesprinkler.png\",\"contentUrl\":\"https:\/\/www.fsa-irrigation.com\/wp-content\/uploads\/getriebesprinkler.png\"},{\"@type\":\"BreadcrumbList\",\"@id\":\"https:\/\/www.fsa-irrigation.com\/fr\/produits\/arroseurs\/#breadcrumb\",\"itemListElement\":[{\"@type\":\"ListItem\",\"position\":1,\"name\":\"Startseite\",\"item\":\"https:\/\/www.fsa-irrigation.com\/fr\/produits\/\"},{\"@type\":\"ListItem\",\"position\":2,\"name\":\"Produits\",\"item\":\"https:\/\/www.fsa-irrigation.com\/fr\/produits\/\"},{\"@type\":\"ListItem\",\"position\":3,\"name\":\"Arroseurs\"}]},{\"@type\":\"WebSite\",\"@id\":\"https:\/\/www.fsa-irrigation.com\/fr\/#website\",\"url\":\"https:\/\/www.fsa-irrigation.com\/fr\/\",\"name\":\"FSA Irrigation\",\"description\":\"Des produits innovants et durables\",\"publisher\":{\"@id\":\"https:\/\/www.fsa-irrigation.com\/fr\/#organization\"},\"potentialAction\":[{\"@type\":\"SearchAction\",\"target\":{\"@type\":\"EntryPoint\",\"urlTemplate\":\"https:\/\/www.fsa-irrigation.com\/fr\/?s={search_term_string}\"},\"query-input\":{\"@type\":\"PropertyValueSpecification\",\"valueRequired\":true,\"valueName\":\"search_term_string\"}}],\"inLanguage\":\"fr-FR\"},{\"@type\":\"Organization\",\"@id\":\"https:\/\/www.fsa-irrigation.com\/fr\/#organization\",\"name\":\"Fluid Systems & Automation Irrigation\",\"url\":\"https:\/\/www.fsa-irrigation.com\/fr\/\",\"logo\":{\"@type\":\"ImageObject\",\"inLanguage\":\"fr-FR\",\"@id\":\"https:\/\/www.fsa-irrigation.com\/fr\/#\/schema\/logo\/image\/\",\"url\":\"https:\/\/www.fsa-irrigation.com\/wp-content\/uploads\/fsa-irrigation-grau.png\",\"contentUrl\":\"https:\/\/www.fsa-irrigation.com\/wp-content\/uploads\/fsa-irrigation-grau.png\",\"width\":600,\"height\":255,\"caption\":\"Fluid Systems & Automation Irrigation\"},\"image\":{\"@id\":\"https:\/\/www.fsa-irrigation.com\/fr\/#\/schema\/logo\/image\/\"},\"sameAs\":[\"https:\/\/de.linkedin.com\/company\/fluidsystems\"]}]}<\/script>\n<!-- \/ Yoast SEO plugin. -->","yoast_head_json":{"title":"Arroseurs - FSA Irrigation","robots":{"index":"index","follow":"follow","max-snippet":"max-snippet:-1","max-image-preview":"max-image-preview:large","max-video-preview":"max-video-preview:-1"},"canonical":"https:\/\/www.fsa-irrigation.com\/fr\/produits\/arroseurs\/","og_locale":"fr_FR","og_type":"article","og_title":"Arroseurs - FSA Irrigation","og_description":"Arroseur \u00e0 engrenages T\u00eate d&rsquo;arrosage Notre gamme de sprinklers est particuli\u00e8rement \u00e9tendue et couvre les besoins les plus divers : Nous proposons \u00e9galement des arroseurs sp\u00e9ciaux pour des applications particuli\u00e8res telles que l&rsquo;agriculture ou les courts de tennis. Gr\u00e2ce \u00e0 notre longue exp\u00e9rience en mati\u00e8re de sourcing de produits et \u00e0 notre r\u00e9seau mondial de [&hellip;]","og_url":"https:\/\/www.fsa-irrigation.com\/fr\/produits\/arroseurs\/","og_site_name":"FSA Irrigation","article_modified_time":"2025-01-30T20:45:28+00:00","og_image":[{"width":500,"height":507,"url":"https:\/\/www.fsa-irrigation.com\/wp-content\/uploads\/getriebesprinkler.png","type":"image\/png"}],"twitter_card":"summary_large_image","twitter_misc":{"Dur\u00e9e de lecture estim\u00e9e":"1 minute"},"schema":{"@context":"https:\/\/schema.org","@graph":[{"@type":"WebPage","@id":"https:\/\/www.fsa-irrigation.com\/fr\/produits\/arroseurs\/","url":"https:\/\/www.fsa-irrigation.com\/fr\/produits\/arroseurs\/","name":"Arroseurs - FSA Irrigation","isPartOf":{"@id":"https:\/\/www.fsa-irrigation.com\/fr\/#website"},"primaryImageOfPage":{"@id":"https:\/\/www.fsa-irrigation.com\/fr\/produits\/arroseurs\/#primaryimage"},"image":{"@id":"https:\/\/www.fsa-irrigation.com\/fr\/produits\/arroseurs\/#primaryimage"},"thumbnailUrl":"https:\/\/www.fsa-irrigation.com\/wp-content\/uploads\/getriebesprinkler.png","datePublished":"2024-12-23T14:56:11+00:00","dateModified":"2025-01-30T20:45:28+00:00","breadcrumb":{"@id":"https:\/\/www.fsa-irrigation.com\/fr\/produits\/arroseurs\/#breadcrumb"},"inLanguage":"fr-FR","potentialAction":[{"@type":"ReadAction","target":["https:\/\/www.fsa-irrigation.com\/fr\/produits\/arroseurs\/"]}]},{"@type":"ImageObject","inLanguage":"fr-FR","@id":"https:\/\/www.fsa-irrigation.com\/fr\/produits\/arroseurs\/#primaryimage","url":"https:\/\/www.fsa-irrigation.com\/wp-content\/uploads\/getriebesprinkler.png","contentUrl":"https:\/\/www.fsa-irrigation.com\/wp-content\/uploads\/getriebesprinkler.png"},{"@type":"BreadcrumbList","@id":"https:\/\/www.fsa-irrigation.com\/fr\/produits\/arroseurs\/#breadcrumb","itemListElement":[{"@type":"ListItem","position":1,"name":"Startseite","item":"https:\/\/www.fsa-irrigation.com\/fr\/produits\/"},{"@type":"ListItem","position":2,"name":"Produits","item":"https:\/\/www.fsa-irrigation.com\/fr\/produits\/"},{"@type":"ListItem","position":3,"name":"Arroseurs"}]},{"@type":"WebSite","@id":"https:\/\/www.fsa-irrigation.com\/fr\/#website","url":"https:\/\/www.fsa-irrigation.com\/fr\/","name":"FSA Irrigation","description":"Des produits innovants et durables","publisher":{"@id":"https:\/\/www.fsa-irrigation.com\/fr\/#organization"},"potentialAction":[{"@type":"SearchAction","target":{"@type":"EntryPoint","urlTemplate":"https:\/\/www.fsa-irrigation.com\/fr\/?s={search_term_string}"},"query-input":{"@type":"PropertyValueSpecification","valueRequired":true,"valueName":"search_term_string"}}],"inLanguage":"fr-FR"},{"@type":"Organization","@id":"https:\/\/www.fsa-irrigation.com\/fr\/#organization","name":"Fluid Systems & Automation Irrigation","url":"https:\/\/www.fsa-irrigation.com\/fr\/","logo":{"@type":"ImageObject","inLanguage":"fr-FR","@id":"https:\/\/www.fsa-irrigation.com\/fr\/#\/schema\/logo\/image\/","url":"https:\/\/www.fsa-irrigation.com\/wp-content\/uploads\/fsa-irrigation-grau.png","contentUrl":"https:\/\/www.fsa-irrigation.com\/wp-content\/uploads\/fsa-irrigation-grau.png","width":600,"height":255,"caption":"Fluid Systems & Automation Irrigation"},"image":{"@id":"https:\/\/www.fsa-irrigation.com\/fr\/#\/schema\/logo\/image\/"},"sameAs":["https:\/\/de.linkedin.com\/company\/fluidsystems"]}]}},"_links":{"self":[{"href":"https:\/\/www.fsa-irrigation.com\/fr\/wp-json\/wp\/v2\/pages\/507"}],"collection":[{"href":"https:\/\/www.fsa-irrigation.com\/fr\/wp-json\/wp\/v2\/pages"}],"about":[{"href":"https:\/\/www.fsa-irrigation.com\/fr\/wp-json\/wp\/v2\/types\/page"}],"author":[{"embeddable":true,"href":"https:\/\/www.fsa-irrigation.com\/fr\/wp-json\/wp\/v2\/users\/1"}],"replies":[{"embeddable":true,"href":"https:\/\/www.fsa-irrigation.com\/fr\/wp-json\/wp\/v2\/comments?post=507"}],"version-history":[{"count":1,"href":"https:\/\/www.fsa-irrigation.com\/fr\/wp-json\/wp\/v2\/pages\/507\/revisions"}],"predecessor-version":[{"id":508,"href":"https:\/\/www.fsa-irrigation.com\/fr\/wp-json\/wp\/v2\/pages\/507\/revisions\/508"}],"up":[{"embeddable":true,"href":"https:\/\/www.fsa-irrigation.com\/fr\/wp-json\/wp\/v2\/pages\/587"}],"wp:attachment":[{"href":"https:\/\/www.fsa-irrigation.com\/fr\/wp-json\/wp\/v2\/media?parent=507"}],"curies":[{"name":"wp","href":"https:\/\/api.w.org\/{rel}","templated":true}]}}