{"id":498,"date":"2024-12-23T15:55:33","date_gmt":"2024-12-23T14:55:33","guid":{"rendered":"https:\/\/www.fsa-irrigation.com\/controles\/"},"modified":"2025-01-30T21:45:28","modified_gmt":"2025-01-30T20:45:28","slug":"controles","status":"publish","type":"page","link":"https:\/\/www.fsa-irrigation.com\/fr\/produits\/controles\/","title":{"rendered":"Contr\u00f4les"},"content":{"rendered":"\n<div class=\"wp-block-columns is-layout-flex wp-container-core-columns-is-layout-1 wp-block-columns-is-layout-flex\">\n<div class=\"wp-block-column is-layout-flow wp-block-column-is-layout-flow\" style=\"flex-basis:25%\">\n<figure class=\"wp-block-image size-full has-custom-border\"><img loading=\"lazy\" decoding=\"async\" width=\"500\" height=\"500\" src=\"https:\/\/www.fsa-irrigation.com\/wp-content\/uploads\/v-box-wifi-controller-i.png\" alt=\"V-BOX WIFI CONTROLLER\" class=\"wp-image-112\" style=\"border-style:none;border-width:0px\" srcset=\"https:\/\/www.fsa-irrigation.com\/wp-content\/uploads\/v-box-wifi-controller-i.png 500w, https:\/\/www.fsa-irrigation.com\/wp-content\/uploads\/v-box-wifi-controller-i-300x300.png 300w, https:\/\/www.fsa-irrigation.com\/wp-content\/uploads\/v-box-wifi-controller-i-150x150.png 150w\" sizes=\"(max-width: 500px) 100vw, 500px\" \/><\/figure>\n\n\n\n<p class=\"has-text-align-center\" style=\"margin-top:0;margin-right:0;margin-bottom:0;margin-left:0\">V-BOX Contr\u00f4leur WIFI<\/p>\n\n\n\n<figure class=\"wp-block-image size-full has-custom-border\"><img loading=\"lazy\" decoding=\"async\" width=\"500\" height=\"500\" src=\"https:\/\/www.fsa-irrigation.com\/wp-content\/uploads\/motorkugelhahn-steuerkopf.png\" alt=\"\" class=\"wp-image-276\" style=\"border-style:none;border-width:0px;border-radius:0px;object-fit:cover\" srcset=\"https:\/\/www.fsa-irrigation.com\/wp-content\/uploads\/motorkugelhahn-steuerkopf.png 500w, https:\/\/www.fsa-irrigation.com\/wp-content\/uploads\/motorkugelhahn-steuerkopf-300x300.png 300w, https:\/\/www.fsa-irrigation.com\/wp-content\/uploads\/motorkugelhahn-steuerkopf-150x150.png 150w\" sizes=\"(max-width: 500px) 100vw, 500px\" \/><\/figure>\n\n\n\n<p class=\"has-text-align-center\" style=\"margin-top:0;margin-right:0;margin-bottom:0;margin-left:0\">Irrigation.cloud Robinet \u00e0 boisseau sph\u00e9rique motoris\u00e9 Intellivalve Actionneur<\/p>\n<\/div>\n\n\n\n<div class=\"wp-block-column is-layout-flow wp-block-column-is-layout-flow\" style=\"flex-basis:60%\">\n<p><strong>Fluid Systems Automation GmbH<\/strong> propose une gamme compl\u00e8te de <strong>solutions de contr\u00f4le<\/strong> adapt\u00e9es aux projets de toutes tailles :<\/p>\n\n\n\n<ul class=\"wp-block-list\">\n<li>Pour les <strong>professionnels<\/strong>: syst\u00e8mes complexes pouvant g\u00e9rer plusieurs dizaines de zones d&rsquo;irrigation.<\/li>\n\n\n\n<li>Pour les <strong>particuliers<\/strong>: des solutions plus simples et plus faciles \u00e0 utiliser pour automatiser l&rsquo;arrosage du jardin.<\/li>\n<\/ul>\n\n\n\n<p>L&rsquo;offre est compl\u00e9t\u00e9e par des <strong>capteurs intelligents<\/strong> qui mesurent des param\u00e8tres importants, tels que :<\/p>\n\n\n\n<ul class=\"wp-block-list\">\n<li><strong>temp\u00e9rature<\/strong>,<\/li>\n\n\n\n<li><strong>l&rsquo;humidit\u00e9 du sol<\/strong>,<\/li>\n\n\n\n<li><strong>Niveau de remplissage des citernes<\/strong>.<\/li>\n<\/ul>\n\n\n\n<p>Ces capteurs permettent une <strong>automatisation intelligente<\/strong> des syst\u00e8mes d&rsquo;irrigation et offrent un niveau d&rsquo;<strong>optimisation<\/strong> sans pr\u00e9c\u00e9dent en termes d&rsquo;efficacit\u00e9 et d&rsquo;\u00e9conomie d&rsquo;eau.<\/p>\n<\/div>\n<\/div>\n","protected":false},"excerpt":{"rendered":"<p>V-BOX Contr\u00f4leur WIFI Irrigation.cloud Robinet \u00e0 boisseau sph\u00e9rique motoris\u00e9 Intellivalve Actionneur Fluid Systems Automation GmbH propose une gamme compl\u00e8te de solutions de contr\u00f4le adapt\u00e9es aux projets de toutes tailles : L&rsquo;offre est compl\u00e9t\u00e9e par des capteurs intelligents qui mesurent des param\u00e8tres importants, tels que : Ces capteurs permettent une automatisation intelligente des syst\u00e8mes d&rsquo;irrigation et [&hellip;]<\/p>\n","protected":false},"author":1,"featured_media":0,"parent":587,"menu_order":2,"comment_status":"closed","ping_status":"closed","template":"","meta":{"footnotes":""},"class_list":["post-498","page","type-page","status-publish","hentry"],"yoast_head":"<!-- This site is optimized with the Yoast SEO plugin v24.6 - https:\/\/yoast.com\/wordpress\/plugins\/seo\/ -->\n<title>Contr\u00f4les - FSA Irrigation<\/title>\n<meta name=\"robots\" content=\"index, follow, max-snippet:-1, max-image-preview:large, max-video-preview:-1\" \/>\n<link rel=\"canonical\" href=\"https:\/\/www.fsa-irrigation.com\/fr\/produits\/controles\/\" \/>\n<meta property=\"og:locale\" content=\"fr_FR\" \/>\n<meta property=\"og:type\" content=\"article\" \/>\n<meta property=\"og:title\" content=\"Contr\u00f4les - FSA Irrigation\" \/>\n<meta property=\"og:description\" content=\"V-BOX Contr\u00f4leur WIFI Irrigation.cloud Robinet \u00e0 boisseau sph\u00e9rique motoris\u00e9 Intellivalve Actionneur Fluid Systems Automation GmbH propose une gamme compl\u00e8te de solutions de contr\u00f4le adapt\u00e9es aux projets de toutes tailles : L&rsquo;offre est compl\u00e9t\u00e9e par des capteurs intelligents qui mesurent des param\u00e8tres importants, tels que : Ces capteurs permettent une automatisation intelligente des syst\u00e8mes d&rsquo;irrigation et [&hellip;]\" \/>\n<meta property=\"og:url\" content=\"https:\/\/www.fsa-irrigation.com\/fr\/produits\/controles\/\" \/>\n<meta property=\"og:site_name\" content=\"FSA Irrigation\" \/>\n<meta property=\"article:modified_time\" content=\"2025-01-30T20:45:28+00:00\" \/>\n<meta property=\"og:image\" content=\"https:\/\/www.fsa-irrigation.com\/wp-content\/uploads\/v-box-wifi-controller-i.png\" \/>\n\t<meta property=\"og:image:width\" content=\"500\" \/>\n\t<meta property=\"og:image:height\" content=\"500\" \/>\n\t<meta property=\"og:image:type\" content=\"image\/png\" \/>\n<meta name=\"twitter:card\" content=\"summary_large_image\" \/>\n<meta name=\"twitter:label1\" content=\"Dur\u00e9e de lecture estim\u00e9e\" \/>\n\t<meta name=\"twitter:data1\" content=\"1 minute\" \/>\n<script type=\"application\/ld+json\" class=\"yoast-schema-graph\">{\"@context\":\"https:\/\/schema.org\",\"@graph\":[{\"@type\":\"WebPage\",\"@id\":\"https:\/\/www.fsa-irrigation.com\/fr\/produits\/controles\/\",\"url\":\"https:\/\/www.fsa-irrigation.com\/fr\/produits\/controles\/\",\"name\":\"Contr\u00f4les - FSA Irrigation\",\"isPartOf\":{\"@id\":\"https:\/\/www.fsa-irrigation.com\/fr\/#website\"},\"primaryImageOfPage\":{\"@id\":\"https:\/\/www.fsa-irrigation.com\/fr\/produits\/controles\/#primaryimage\"},\"image\":{\"@id\":\"https:\/\/www.fsa-irrigation.com\/fr\/produits\/controles\/#primaryimage\"},\"thumbnailUrl\":\"https:\/\/www.fsa-irrigation.com\/wp-content\/uploads\/v-box-wifi-controller-i.png\",\"datePublished\":\"2024-12-23T14:55:33+00:00\",\"dateModified\":\"2025-01-30T20:45:28+00:00\",\"breadcrumb\":{\"@id\":\"https:\/\/www.fsa-irrigation.com\/fr\/produits\/controles\/#breadcrumb\"},\"inLanguage\":\"fr-FR\",\"potentialAction\":[{\"@type\":\"ReadAction\",\"target\":[\"https:\/\/www.fsa-irrigation.com\/fr\/produits\/controles\/\"]}]},{\"@type\":\"ImageObject\",\"inLanguage\":\"fr-FR\",\"@id\":\"https:\/\/www.fsa-irrigation.com\/fr\/produits\/controles\/#primaryimage\",\"url\":\"https:\/\/www.fsa-irrigation.com\/wp-content\/uploads\/v-box-wifi-controller-i.png\",\"contentUrl\":\"https:\/\/www.fsa-irrigation.com\/wp-content\/uploads\/v-box-wifi-controller-i.png\"},{\"@type\":\"BreadcrumbList\",\"@id\":\"https:\/\/www.fsa-irrigation.com\/fr\/produits\/controles\/#breadcrumb\",\"itemListElement\":[{\"@type\":\"ListItem\",\"position\":1,\"name\":\"Startseite\",\"item\":\"https:\/\/www.fsa-irrigation.com\/fr\/produits\/\"},{\"@type\":\"ListItem\",\"position\":2,\"name\":\"Produits\",\"item\":\"https:\/\/www.fsa-irrigation.com\/fr\/produits\/\"},{\"@type\":\"ListItem\",\"position\":3,\"name\":\"Contr\u00f4les\"}]},{\"@type\":\"WebSite\",\"@id\":\"https:\/\/www.fsa-irrigation.com\/fr\/#website\",\"url\":\"https:\/\/www.fsa-irrigation.com\/fr\/\",\"name\":\"FSA Irrigation\",\"description\":\"Des produits innovants et durables\",\"publisher\":{\"@id\":\"https:\/\/www.fsa-irrigation.com\/fr\/#organization\"},\"potentialAction\":[{\"@type\":\"SearchAction\",\"target\":{\"@type\":\"EntryPoint\",\"urlTemplate\":\"https:\/\/www.fsa-irrigation.com\/fr\/?s={search_term_string}\"},\"query-input\":{\"@type\":\"PropertyValueSpecification\",\"valueRequired\":true,\"valueName\":\"search_term_string\"}}],\"inLanguage\":\"fr-FR\"},{\"@type\":\"Organization\",\"@id\":\"https:\/\/www.fsa-irrigation.com\/fr\/#organization\",\"name\":\"Fluid Systems & Automation Irrigation\",\"url\":\"https:\/\/www.fsa-irrigation.com\/fr\/\",\"logo\":{\"@type\":\"ImageObject\",\"inLanguage\":\"fr-FR\",\"@id\":\"https:\/\/www.fsa-irrigation.com\/fr\/#\/schema\/logo\/image\/\",\"url\":\"https:\/\/www.fsa-irrigation.com\/wp-content\/uploads\/fsa-irrigation-grau.png\",\"contentUrl\":\"https:\/\/www.fsa-irrigation.com\/wp-content\/uploads\/fsa-irrigation-grau.png\",\"width\":600,\"height\":255,\"caption\":\"Fluid Systems & Automation Irrigation\"},\"image\":{\"@id\":\"https:\/\/www.fsa-irrigation.com\/fr\/#\/schema\/logo\/image\/\"},\"sameAs\":[\"https:\/\/de.linkedin.com\/company\/fluidsystems\"]}]}<\/script>\n<!-- \/ Yoast SEO plugin. -->","yoast_head_json":{"title":"Contr\u00f4les - FSA Irrigation","robots":{"index":"index","follow":"follow","max-snippet":"max-snippet:-1","max-image-preview":"max-image-preview:large","max-video-preview":"max-video-preview:-1"},"canonical":"https:\/\/www.fsa-irrigation.com\/fr\/produits\/controles\/","og_locale":"fr_FR","og_type":"article","og_title":"Contr\u00f4les - FSA Irrigation","og_description":"V-BOX Contr\u00f4leur WIFI Irrigation.cloud Robinet \u00e0 boisseau sph\u00e9rique motoris\u00e9 Intellivalve Actionneur Fluid Systems Automation GmbH propose une gamme compl\u00e8te de solutions de contr\u00f4le adapt\u00e9es aux projets de toutes tailles : L&rsquo;offre est compl\u00e9t\u00e9e par des capteurs intelligents qui mesurent des param\u00e8tres importants, tels que : Ces capteurs permettent une automatisation intelligente des syst\u00e8mes d&rsquo;irrigation et [&hellip;]","og_url":"https:\/\/www.fsa-irrigation.com\/fr\/produits\/controles\/","og_site_name":"FSA Irrigation","article_modified_time":"2025-01-30T20:45:28+00:00","og_image":[{"width":500,"height":500,"url":"https:\/\/www.fsa-irrigation.com\/wp-content\/uploads\/v-box-wifi-controller-i.png","type":"image\/png"}],"twitter_card":"summary_large_image","twitter_misc":{"Dur\u00e9e de lecture estim\u00e9e":"1 minute"},"schema":{"@context":"https:\/\/schema.org","@graph":[{"@type":"WebPage","@id":"https:\/\/www.fsa-irrigation.com\/fr\/produits\/controles\/","url":"https:\/\/www.fsa-irrigation.com\/fr\/produits\/controles\/","name":"Contr\u00f4les - FSA Irrigation","isPartOf":{"@id":"https:\/\/www.fsa-irrigation.com\/fr\/#website"},"primaryImageOfPage":{"@id":"https:\/\/www.fsa-irrigation.com\/fr\/produits\/controles\/#primaryimage"},"image":{"@id":"https:\/\/www.fsa-irrigation.com\/fr\/produits\/controles\/#primaryimage"},"thumbnailUrl":"https:\/\/www.fsa-irrigation.com\/wp-content\/uploads\/v-box-wifi-controller-i.png","datePublished":"2024-12-23T14:55:33+00:00","dateModified":"2025-01-30T20:45:28+00:00","breadcrumb":{"@id":"https:\/\/www.fsa-irrigation.com\/fr\/produits\/controles\/#breadcrumb"},"inLanguage":"fr-FR","potentialAction":[{"@type":"ReadAction","target":["https:\/\/www.fsa-irrigation.com\/fr\/produits\/controles\/"]}]},{"@type":"ImageObject","inLanguage":"fr-FR","@id":"https:\/\/www.fsa-irrigation.com\/fr\/produits\/controles\/#primaryimage","url":"https:\/\/www.fsa-irrigation.com\/wp-content\/uploads\/v-box-wifi-controller-i.png","contentUrl":"https:\/\/www.fsa-irrigation.com\/wp-content\/uploads\/v-box-wifi-controller-i.png"},{"@type":"BreadcrumbList","@id":"https:\/\/www.fsa-irrigation.com\/fr\/produits\/controles\/#breadcrumb","itemListElement":[{"@type":"ListItem","position":1,"name":"Startseite","item":"https:\/\/www.fsa-irrigation.com\/fr\/produits\/"},{"@type":"ListItem","position":2,"name":"Produits","item":"https:\/\/www.fsa-irrigation.com\/fr\/produits\/"},{"@type":"ListItem","position":3,"name":"Contr\u00f4les"}]},{"@type":"WebSite","@id":"https:\/\/www.fsa-irrigation.com\/fr\/#website","url":"https:\/\/www.fsa-irrigation.com\/fr\/","name":"FSA Irrigation","description":"Des produits innovants et durables","publisher":{"@id":"https:\/\/www.fsa-irrigation.com\/fr\/#organization"},"potentialAction":[{"@type":"SearchAction","target":{"@type":"EntryPoint","urlTemplate":"https:\/\/www.fsa-irrigation.com\/fr\/?s={search_term_string}"},"query-input":{"@type":"PropertyValueSpecification","valueRequired":true,"valueName":"search_term_string"}}],"inLanguage":"fr-FR"},{"@type":"Organization","@id":"https:\/\/www.fsa-irrigation.com\/fr\/#organization","name":"Fluid Systems & Automation Irrigation","url":"https:\/\/www.fsa-irrigation.com\/fr\/","logo":{"@type":"ImageObject","inLanguage":"fr-FR","@id":"https:\/\/www.fsa-irrigation.com\/fr\/#\/schema\/logo\/image\/","url":"https:\/\/www.fsa-irrigation.com\/wp-content\/uploads\/fsa-irrigation-grau.png","contentUrl":"https:\/\/www.fsa-irrigation.com\/wp-content\/uploads\/fsa-irrigation-grau.png","width":600,"height":255,"caption":"Fluid Systems & Automation Irrigation"},"image":{"@id":"https:\/\/www.fsa-irrigation.com\/fr\/#\/schema\/logo\/image\/"},"sameAs":["https:\/\/de.linkedin.com\/company\/fluidsystems"]}]}},"_links":{"self":[{"href":"https:\/\/www.fsa-irrigation.com\/fr\/wp-json\/wp\/v2\/pages\/498"}],"collection":[{"href":"https:\/\/www.fsa-irrigation.com\/fr\/wp-json\/wp\/v2\/pages"}],"about":[{"href":"https:\/\/www.fsa-irrigation.com\/fr\/wp-json\/wp\/v2\/types\/page"}],"author":[{"embeddable":true,"href":"https:\/\/www.fsa-irrigation.com\/fr\/wp-json\/wp\/v2\/users\/1"}],"replies":[{"embeddable":true,"href":"https:\/\/www.fsa-irrigation.com\/fr\/wp-json\/wp\/v2\/comments?post=498"}],"version-history":[{"count":1,"href":"https:\/\/www.fsa-irrigation.com\/fr\/wp-json\/wp\/v2\/pages\/498\/revisions"}],"predecessor-version":[{"id":501,"href":"https:\/\/www.fsa-irrigation.com\/fr\/wp-json\/wp\/v2\/pages\/498\/revisions\/501"}],"up":[{"embeddable":true,"href":"https:\/\/www.fsa-irrigation.com\/fr\/wp-json\/wp\/v2\/pages\/587"}],"wp:attachment":[{"href":"https:\/\/www.fsa-irrigation.com\/fr\/wp-json\/wp\/v2\/media?parent=498"}],"curies":[{"name":"wp","href":"https:\/\/api.w.org\/{rel}","templated":true}]}}