{"id":493,"date":"2024-12-23T15:56:51","date_gmt":"2024-12-23T14:56:51","guid":{"rendered":"https:\/\/www.fsa-irrigation.com\/vannes-boites-a-vannes\/"},"modified":"2025-01-30T21:45:28","modified_gmt":"2025-01-30T20:45:28","slug":"vannes-boites-a-vannes","status":"publish","type":"page","link":"https:\/\/www.fsa-irrigation.com\/fr\/produits\/vannes-boites-a-vannes\/","title":{"rendered":"Vannes &amp; bo\u00eetes \u00e0 vannes"},"content":{"rendered":"\n<div class=\"wp-block-columns is-layout-flex wp-container-core-columns-is-layout-1 wp-block-columns-is-layout-flex\">\n<div class=\"wp-block-column is-layout-flow wp-block-column-is-layout-flow\" style=\"flex-basis:25%\">\n<figure class=\"wp-block-image size-full has-custom-border\"><img loading=\"lazy\" decoding=\"async\" width=\"500\" height=\"507\" src=\"https:\/\/www.fsa-irrigation.com\/wp-content\/uploads\/ventilbog-m-durchl-kontrolle.png\" alt=\"\" class=\"wp-image-283\" style=\"border-style:none;border-width:0px\" srcset=\"https:\/\/www.fsa-irrigation.com\/wp-content\/uploads\/ventilbog-m-durchl-kontrolle.png 500w, https:\/\/www.fsa-irrigation.com\/wp-content\/uploads\/ventilbog-m-durchl-kontrolle-296x300.png 296w\" sizes=\"(max-width: 500px) 100vw, 500px\" \/><\/figure>\n\n\n\n<p class=\"has-text-align-center\" style=\"margin-top:0;margin-right:0;margin-bottom:0;margin-left:0\">Bo\u00eete \u00e0 soupape<\/p>\n\n\n\n<p class=\"has-text-align-center\" style=\"margin-top:0;margin-right:0;margin-bottom:0;margin-left:0\"><\/p>\n<\/div>\n\n\n\n<div class=\"wp-block-column is-layout-flow wp-block-column-is-layout-flow\" style=\"flex-basis:60%\">\n<p>Notre <strong>s\u00e9rie de vannes et de bo\u00eetes \u00e0 vannes<\/strong> offre un large choix de <strong>bo\u00eetes \u00e0 vannes<\/strong> de diff\u00e9rentes tailles, ainsi que <strong>des vannes manuelles et \u00e9lectriques<\/strong> adapt\u00e9es \u00e0 chaque projet.<\/p>\n\n\n\n<p>Les vannes disponibles peuvent \u00eatre livr\u00e9es <strong>avec ou sans contr\u00f4le du d\u00e9bit<\/strong>. Nous proposons en outre des vannes combin\u00e9es \u00e0 des <strong>collecteurs \u00e0 2, 4, 6 ou 8 voies<\/strong>, qui permettent une gestion optimale de plusieurs zones d&rsquo;irrigation \u00e0 partir d&rsquo;une seule unit\u00e9. <\/p>\n\n\n\n<p><strong>Notre entreprise aide chaque client<\/strong> \u00e0 trouver les produits les plus adapt\u00e9s \u00e0 ses besoins sp\u00e9cifiques. Gr\u00e2ce \u00e0 notre <strong>longue exp\u00e9rience en mati\u00e8re de sourcing<\/strong> et \u00e0 notre <strong>r\u00e9seau mondial de fournisseurs<\/strong>, nous proposons des solutions fiables et performantes pour toutes les installations. <\/p>\n<\/div>\n<\/div>\n","protected":false},"excerpt":{"rendered":"<p>Bo\u00eete \u00e0 soupape Notre s\u00e9rie de vannes et de bo\u00eetes \u00e0 vannes offre un large choix de bo\u00eetes \u00e0 vannes de diff\u00e9rentes tailles, ainsi que des vannes manuelles et \u00e9lectriques adapt\u00e9es \u00e0 chaque projet. Les vannes disponibles peuvent \u00eatre livr\u00e9es avec ou sans contr\u00f4le du d\u00e9bit. Nous proposons en outre des vannes combin\u00e9es \u00e0 des [&hellip;]<\/p>\n","protected":false},"author":1,"featured_media":0,"parent":587,"menu_order":4,"comment_status":"closed","ping_status":"closed","template":"","meta":{"footnotes":""},"class_list":["post-493","page","type-page","status-publish","hentry"],"yoast_head":"<!-- This site is optimized with the Yoast SEO plugin v24.6 - https:\/\/yoast.com\/wordpress\/plugins\/seo\/ -->\n<title>Vannes &amp; bo\u00eetes \u00e0 vannes - FSA Irrigation<\/title>\n<meta name=\"robots\" content=\"index, follow, max-snippet:-1, max-image-preview:large, max-video-preview:-1\" \/>\n<link rel=\"canonical\" href=\"https:\/\/www.fsa-irrigation.com\/fr\/produits\/vannes-boites-a-vannes\/\" \/>\n<meta property=\"og:locale\" content=\"fr_FR\" \/>\n<meta property=\"og:type\" content=\"article\" \/>\n<meta property=\"og:title\" content=\"Vannes &amp; bo\u00eetes \u00e0 vannes - FSA Irrigation\" \/>\n<meta property=\"og:description\" content=\"Bo\u00eete \u00e0 soupape Notre s\u00e9rie de vannes et de bo\u00eetes \u00e0 vannes offre un large choix de bo\u00eetes \u00e0 vannes de diff\u00e9rentes tailles, ainsi que des vannes manuelles et \u00e9lectriques adapt\u00e9es \u00e0 chaque projet. Les vannes disponibles peuvent \u00eatre livr\u00e9es avec ou sans contr\u00f4le du d\u00e9bit. Nous proposons en outre des vannes combin\u00e9es \u00e0 des [&hellip;]\" \/>\n<meta property=\"og:url\" content=\"https:\/\/www.fsa-irrigation.com\/fr\/produits\/vannes-boites-a-vannes\/\" \/>\n<meta property=\"og:site_name\" content=\"FSA Irrigation\" \/>\n<meta property=\"article:modified_time\" content=\"2025-01-30T20:45:28+00:00\" \/>\n<meta property=\"og:image\" content=\"https:\/\/www.fsa-irrigation.com\/wp-content\/uploads\/ventilbog-m-durchl-kontrolle.png\" \/>\n\t<meta property=\"og:image:width\" content=\"500\" \/>\n\t<meta property=\"og:image:height\" content=\"507\" \/>\n\t<meta property=\"og:image:type\" content=\"image\/png\" \/>\n<meta name=\"twitter:card\" content=\"summary_large_image\" \/>\n<meta name=\"twitter:label1\" content=\"Dur\u00e9e de lecture estim\u00e9e\" \/>\n\t<meta name=\"twitter:data1\" content=\"1 minute\" \/>\n<script type=\"application\/ld+json\" class=\"yoast-schema-graph\">{\"@context\":\"https:\/\/schema.org\",\"@graph\":[{\"@type\":\"WebPage\",\"@id\":\"https:\/\/www.fsa-irrigation.com\/fr\/produits\/vannes-boites-a-vannes\/\",\"url\":\"https:\/\/www.fsa-irrigation.com\/fr\/produits\/vannes-boites-a-vannes\/\",\"name\":\"Vannes &amp; bo\u00eetes \u00e0 vannes - FSA Irrigation\",\"isPartOf\":{\"@id\":\"https:\/\/www.fsa-irrigation.com\/fr\/#website\"},\"primaryImageOfPage\":{\"@id\":\"https:\/\/www.fsa-irrigation.com\/fr\/produits\/vannes-boites-a-vannes\/#primaryimage\"},\"image\":{\"@id\":\"https:\/\/www.fsa-irrigation.com\/fr\/produits\/vannes-boites-a-vannes\/#primaryimage\"},\"thumbnailUrl\":\"https:\/\/www.fsa-irrigation.com\/wp-content\/uploads\/ventilbog-m-durchl-kontrolle.png\",\"datePublished\":\"2024-12-23T14:56:51+00:00\",\"dateModified\":\"2025-01-30T20:45:28+00:00\",\"breadcrumb\":{\"@id\":\"https:\/\/www.fsa-irrigation.com\/fr\/produits\/vannes-boites-a-vannes\/#breadcrumb\"},\"inLanguage\":\"fr-FR\",\"potentialAction\":[{\"@type\":\"ReadAction\",\"target\":[\"https:\/\/www.fsa-irrigation.com\/fr\/produits\/vannes-boites-a-vannes\/\"]}]},{\"@type\":\"ImageObject\",\"inLanguage\":\"fr-FR\",\"@id\":\"https:\/\/www.fsa-irrigation.com\/fr\/produits\/vannes-boites-a-vannes\/#primaryimage\",\"url\":\"https:\/\/www.fsa-irrigation.com\/wp-content\/uploads\/ventilbog-m-durchl-kontrolle.png\",\"contentUrl\":\"https:\/\/www.fsa-irrigation.com\/wp-content\/uploads\/ventilbog-m-durchl-kontrolle.png\"},{\"@type\":\"BreadcrumbList\",\"@id\":\"https:\/\/www.fsa-irrigation.com\/fr\/produits\/vannes-boites-a-vannes\/#breadcrumb\",\"itemListElement\":[{\"@type\":\"ListItem\",\"position\":1,\"name\":\"Startseite\",\"item\":\"https:\/\/www.fsa-irrigation.com\/fr\/produits\/\"},{\"@type\":\"ListItem\",\"position\":2,\"name\":\"Produits\",\"item\":\"https:\/\/www.fsa-irrigation.com\/fr\/produits\/\"},{\"@type\":\"ListItem\",\"position\":3,\"name\":\"Vannes &amp; bo\u00eetes \u00e0 vannes\"}]},{\"@type\":\"WebSite\",\"@id\":\"https:\/\/www.fsa-irrigation.com\/fr\/#website\",\"url\":\"https:\/\/www.fsa-irrigation.com\/fr\/\",\"name\":\"FSA Irrigation\",\"description\":\"Des produits innovants et durables\",\"publisher\":{\"@id\":\"https:\/\/www.fsa-irrigation.com\/fr\/#organization\"},\"potentialAction\":[{\"@type\":\"SearchAction\",\"target\":{\"@type\":\"EntryPoint\",\"urlTemplate\":\"https:\/\/www.fsa-irrigation.com\/fr\/?s={search_term_string}\"},\"query-input\":{\"@type\":\"PropertyValueSpecification\",\"valueRequired\":true,\"valueName\":\"search_term_string\"}}],\"inLanguage\":\"fr-FR\"},{\"@type\":\"Organization\",\"@id\":\"https:\/\/www.fsa-irrigation.com\/fr\/#organization\",\"name\":\"Fluid Systems & Automation Irrigation\",\"url\":\"https:\/\/www.fsa-irrigation.com\/fr\/\",\"logo\":{\"@type\":\"ImageObject\",\"inLanguage\":\"fr-FR\",\"@id\":\"https:\/\/www.fsa-irrigation.com\/fr\/#\/schema\/logo\/image\/\",\"url\":\"https:\/\/www.fsa-irrigation.com\/wp-content\/uploads\/fsa-irrigation-grau.png\",\"contentUrl\":\"https:\/\/www.fsa-irrigation.com\/wp-content\/uploads\/fsa-irrigation-grau.png\",\"width\":600,\"height\":255,\"caption\":\"Fluid Systems & Automation Irrigation\"},\"image\":{\"@id\":\"https:\/\/www.fsa-irrigation.com\/fr\/#\/schema\/logo\/image\/\"},\"sameAs\":[\"https:\/\/de.linkedin.com\/company\/fluidsystems\"]}]}<\/script>\n<!-- \/ Yoast SEO plugin. -->","yoast_head_json":{"title":"Vannes &amp; bo\u00eetes \u00e0 vannes - FSA Irrigation","robots":{"index":"index","follow":"follow","max-snippet":"max-snippet:-1","max-image-preview":"max-image-preview:large","max-video-preview":"max-video-preview:-1"},"canonical":"https:\/\/www.fsa-irrigation.com\/fr\/produits\/vannes-boites-a-vannes\/","og_locale":"fr_FR","og_type":"article","og_title":"Vannes &amp; bo\u00eetes \u00e0 vannes - FSA Irrigation","og_description":"Bo\u00eete \u00e0 soupape Notre s\u00e9rie de vannes et de bo\u00eetes \u00e0 vannes offre un large choix de bo\u00eetes \u00e0 vannes de diff\u00e9rentes tailles, ainsi que des vannes manuelles et \u00e9lectriques adapt\u00e9es \u00e0 chaque projet. Les vannes disponibles peuvent \u00eatre livr\u00e9es avec ou sans contr\u00f4le du d\u00e9bit. Nous proposons en outre des vannes combin\u00e9es \u00e0 des [&hellip;]","og_url":"https:\/\/www.fsa-irrigation.com\/fr\/produits\/vannes-boites-a-vannes\/","og_site_name":"FSA Irrigation","article_modified_time":"2025-01-30T20:45:28+00:00","og_image":[{"width":500,"height":507,"url":"https:\/\/www.fsa-irrigation.com\/wp-content\/uploads\/ventilbog-m-durchl-kontrolle.png","type":"image\/png"}],"twitter_card":"summary_large_image","twitter_misc":{"Dur\u00e9e de lecture estim\u00e9e":"1 minute"},"schema":{"@context":"https:\/\/schema.org","@graph":[{"@type":"WebPage","@id":"https:\/\/www.fsa-irrigation.com\/fr\/produits\/vannes-boites-a-vannes\/","url":"https:\/\/www.fsa-irrigation.com\/fr\/produits\/vannes-boites-a-vannes\/","name":"Vannes &amp; bo\u00eetes \u00e0 vannes - FSA Irrigation","isPartOf":{"@id":"https:\/\/www.fsa-irrigation.com\/fr\/#website"},"primaryImageOfPage":{"@id":"https:\/\/www.fsa-irrigation.com\/fr\/produits\/vannes-boites-a-vannes\/#primaryimage"},"image":{"@id":"https:\/\/www.fsa-irrigation.com\/fr\/produits\/vannes-boites-a-vannes\/#primaryimage"},"thumbnailUrl":"https:\/\/www.fsa-irrigation.com\/wp-content\/uploads\/ventilbog-m-durchl-kontrolle.png","datePublished":"2024-12-23T14:56:51+00:00","dateModified":"2025-01-30T20:45:28+00:00","breadcrumb":{"@id":"https:\/\/www.fsa-irrigation.com\/fr\/produits\/vannes-boites-a-vannes\/#breadcrumb"},"inLanguage":"fr-FR","potentialAction":[{"@type":"ReadAction","target":["https:\/\/www.fsa-irrigation.com\/fr\/produits\/vannes-boites-a-vannes\/"]}]},{"@type":"ImageObject","inLanguage":"fr-FR","@id":"https:\/\/www.fsa-irrigation.com\/fr\/produits\/vannes-boites-a-vannes\/#primaryimage","url":"https:\/\/www.fsa-irrigation.com\/wp-content\/uploads\/ventilbog-m-durchl-kontrolle.png","contentUrl":"https:\/\/www.fsa-irrigation.com\/wp-content\/uploads\/ventilbog-m-durchl-kontrolle.png"},{"@type":"BreadcrumbList","@id":"https:\/\/www.fsa-irrigation.com\/fr\/produits\/vannes-boites-a-vannes\/#breadcrumb","itemListElement":[{"@type":"ListItem","position":1,"name":"Startseite","item":"https:\/\/www.fsa-irrigation.com\/fr\/produits\/"},{"@type":"ListItem","position":2,"name":"Produits","item":"https:\/\/www.fsa-irrigation.com\/fr\/produits\/"},{"@type":"ListItem","position":3,"name":"Vannes &amp; bo\u00eetes \u00e0 vannes"}]},{"@type":"WebSite","@id":"https:\/\/www.fsa-irrigation.com\/fr\/#website","url":"https:\/\/www.fsa-irrigation.com\/fr\/","name":"FSA Irrigation","description":"Des produits innovants et durables","publisher":{"@id":"https:\/\/www.fsa-irrigation.com\/fr\/#organization"},"potentialAction":[{"@type":"SearchAction","target":{"@type":"EntryPoint","urlTemplate":"https:\/\/www.fsa-irrigation.com\/fr\/?s={search_term_string}"},"query-input":{"@type":"PropertyValueSpecification","valueRequired":true,"valueName":"search_term_string"}}],"inLanguage":"fr-FR"},{"@type":"Organization","@id":"https:\/\/www.fsa-irrigation.com\/fr\/#organization","name":"Fluid Systems & Automation Irrigation","url":"https:\/\/www.fsa-irrigation.com\/fr\/","logo":{"@type":"ImageObject","inLanguage":"fr-FR","@id":"https:\/\/www.fsa-irrigation.com\/fr\/#\/schema\/logo\/image\/","url":"https:\/\/www.fsa-irrigation.com\/wp-content\/uploads\/fsa-irrigation-grau.png","contentUrl":"https:\/\/www.fsa-irrigation.com\/wp-content\/uploads\/fsa-irrigation-grau.png","width":600,"height":255,"caption":"Fluid Systems & Automation Irrigation"},"image":{"@id":"https:\/\/www.fsa-irrigation.com\/fr\/#\/schema\/logo\/image\/"},"sameAs":["https:\/\/de.linkedin.com\/company\/fluidsystems"]}]}},"_links":{"self":[{"href":"https:\/\/www.fsa-irrigation.com\/fr\/wp-json\/wp\/v2\/pages\/493"}],"collection":[{"href":"https:\/\/www.fsa-irrigation.com\/fr\/wp-json\/wp\/v2\/pages"}],"about":[{"href":"https:\/\/www.fsa-irrigation.com\/fr\/wp-json\/wp\/v2\/types\/page"}],"author":[{"embeddable":true,"href":"https:\/\/www.fsa-irrigation.com\/fr\/wp-json\/wp\/v2\/users\/1"}],"replies":[{"embeddable":true,"href":"https:\/\/www.fsa-irrigation.com\/fr\/wp-json\/wp\/v2\/comments?post=493"}],"version-history":[{"count":1,"href":"https:\/\/www.fsa-irrigation.com\/fr\/wp-json\/wp\/v2\/pages\/493\/revisions"}],"predecessor-version":[{"id":495,"href":"https:\/\/www.fsa-irrigation.com\/fr\/wp-json\/wp\/v2\/pages\/493\/revisions\/495"}],"up":[{"embeddable":true,"href":"https:\/\/www.fsa-irrigation.com\/fr\/wp-json\/wp\/v2\/pages\/587"}],"wp:attachment":[{"href":"https:\/\/www.fsa-irrigation.com\/fr\/wp-json\/wp\/v2\/media?parent=493"}],"curies":[{"name":"wp","href":"https:\/\/api.w.org\/{rel}","templated":true}]}}