{"id":489,"date":"2024-12-23T15:54:25","date_gmt":"2024-12-23T14:54:25","guid":{"rendered":"https:\/\/www.fsa-irrigation.com\/esylock\/"},"modified":"2025-01-30T21:45:28","modified_gmt":"2025-01-30T20:45:28","slug":"esylock","status":"publish","type":"page","link":"https:\/\/www.fsa-irrigation.com\/fr\/produits\/esylock\/","title":{"rendered":"esyLOCK"},"content":{"rendered":"\n<div class=\"wp-block-columns is-layout-flex wp-container-core-columns-is-layout-1 wp-block-columns-is-layout-flex\">\n<div class=\"wp-block-column is-layout-flow wp-block-column-is-layout-flow\" style=\"flex-basis:25%\">\n<figure class=\"wp-block-image size-full has-custom-border\"><img loading=\"lazy\" decoding=\"async\" width=\"500\" height=\"500\" src=\"https:\/\/www.fsa-irrigation.com\/wp-content\/uploads\/esylock_merkmale.png\" alt=\"\" class=\"wp-image-286\" style=\"border-style:none;border-width:0px\" srcset=\"https:\/\/www.fsa-irrigation.com\/wp-content\/uploads\/esylock_merkmale.png 500w, https:\/\/www.fsa-irrigation.com\/wp-content\/uploads\/esylock_merkmale-300x300.png 300w, https:\/\/www.fsa-irrigation.com\/wp-content\/uploads\/esylock_merkmale-150x150.png 150w\" sizes=\"(max-width: 500px) 100vw, 500px\" \/><\/figure>\n\n\n\n<p class=\"has-text-align-center\" style=\"margin-top:0;margin-bottom:0\">Connecteurs esyLOCK<\/p>\n<\/div>\n\n\n\n<div class=\"wp-block-column is-layout-flow wp-block-column-is-layout-flow\" style=\"flex-basis:60%\">\n<p>La <strong>s\u00e9rie Esylock<\/strong> propose des raccords rapides de <strong>1\/2&Prime; \u00e0 1&Prime;<\/strong>, avec un large choix d&rsquo;adaptateurs pour r\u00e9pondre aux besoins les plus divers.<\/p>\n\n\n\n<p>Ce syst\u00e8me innovant utilise un <strong>raccord rapide avec fixation par serrage<\/strong> qui ne n\u00e9cessite <strong>ni collage ni pr\u00e9paration des tuyaux<\/strong>.<\/p>\n\n\n\n<ul class=\"wp-block-list\">\n<li><strong>Avantages pour les professionnels<\/strong>: gain de temps consid\u00e9rable lors de l&rsquo;installation gr\u00e2ce \u00e0 une manipulation simple et rapide.<\/li>\n\n\n\n<li><strong>Avantages pour les particuliers<\/strong>: Aucune connaissance technique pr\u00e9alable n&rsquo;est requise. Le montage est intuitif et rapide, ce qui rend ce syst\u00e8me id\u00e9al pour les particuliers. <\/li>\n<\/ul>\n\n\n\n<p>De plus, les connexions peuvent \u00eatre <strong>facilement d\u00e9mont\u00e9es<\/strong> \u00e0 l&rsquo;aide d&rsquo;un <strong>outil<\/strong> de d\u00e9montage sp\u00e9cial, ce qui facilite consid\u00e9rablement la modification ou l&rsquo;entretien de l&rsquo;installation.<\/p>\n<\/div>\n<\/div>\n\n<div style=\"height:100px\" aria-hidden=\"true\" class=\"wp-block-spacer\"><\/div>\n\n<figure class=\"wp-block-video\"><video controls=\"\" src=\"https:\/\/www.fsa-irrigation.com\/wp-content\/uploads\/esylock.mp4\"><\/video><\/figure>\n","protected":false},"excerpt":{"rendered":"<p>Connecteurs esyLOCK La s\u00e9rie Esylock propose des raccords rapides de 1\/2&Prime; \u00e0 1&Prime;, avec un large choix d&rsquo;adaptateurs pour r\u00e9pondre aux besoins les plus divers. Ce syst\u00e8me innovant utilise un raccord rapide avec fixation par serrage qui ne n\u00e9cessite ni collage ni pr\u00e9paration des tuyaux. De plus, les connexions peuvent \u00eatre facilement d\u00e9mont\u00e9es \u00e0 l&rsquo;aide [&hellip;]<\/p>\n","protected":false},"author":1,"featured_media":0,"parent":587,"menu_order":1,"comment_status":"closed","ping_status":"closed","template":"","meta":{"footnotes":""},"class_list":["post-489","page","type-page","status-publish","hentry"],"yoast_head":"<!-- This site is optimized with the Yoast SEO plugin v24.6 - https:\/\/yoast.com\/wordpress\/plugins\/seo\/ -->\n<title>esyLOCK - FSA Irrigation<\/title>\n<meta name=\"robots\" content=\"index, follow, max-snippet:-1, max-image-preview:large, max-video-preview:-1\" \/>\n<link rel=\"canonical\" href=\"https:\/\/www.fsa-irrigation.com\/fr\/produits\/esylock\/\" \/>\n<meta property=\"og:locale\" content=\"fr_FR\" \/>\n<meta property=\"og:type\" content=\"article\" \/>\n<meta property=\"og:title\" content=\"esyLOCK - FSA Irrigation\" \/>\n<meta property=\"og:description\" content=\"Connecteurs esyLOCK La s\u00e9rie Esylock propose des raccords rapides de 1\/2&Prime; \u00e0 1&Prime;, avec un large choix d&rsquo;adaptateurs pour r\u00e9pondre aux besoins les plus divers. Ce syst\u00e8me innovant utilise un raccord rapide avec fixation par serrage qui ne n\u00e9cessite ni collage ni pr\u00e9paration des tuyaux. De plus, les connexions peuvent \u00eatre facilement d\u00e9mont\u00e9es \u00e0 l&rsquo;aide [&hellip;]\" \/>\n<meta property=\"og:url\" content=\"https:\/\/www.fsa-irrigation.com\/fr\/produits\/esylock\/\" \/>\n<meta property=\"og:site_name\" content=\"FSA Irrigation\" \/>\n<meta property=\"article:modified_time\" content=\"2025-01-30T20:45:28+00:00\" \/>\n<meta property=\"og:image\" content=\"https:\/\/www.fsa-irrigation.com\/wp-content\/uploads\/esylock_merkmale.png\" \/>\n\t<meta property=\"og:image:width\" content=\"500\" \/>\n\t<meta property=\"og:image:height\" content=\"500\" \/>\n\t<meta property=\"og:image:type\" content=\"image\/png\" \/>\n<meta name=\"twitter:card\" content=\"summary_large_image\" \/>\n<meta name=\"twitter:label1\" content=\"Dur\u00e9e de lecture estim\u00e9e\" \/>\n\t<meta name=\"twitter:data1\" content=\"1 minute\" \/>\n<script type=\"application\/ld+json\" class=\"yoast-schema-graph\">{\"@context\":\"https:\/\/schema.org\",\"@graph\":[{\"@type\":\"WebPage\",\"@id\":\"https:\/\/www.fsa-irrigation.com\/fr\/produits\/esylock\/\",\"url\":\"https:\/\/www.fsa-irrigation.com\/fr\/produits\/esylock\/\",\"name\":\"esyLOCK - FSA Irrigation\",\"isPartOf\":{\"@id\":\"https:\/\/www.fsa-irrigation.com\/fr\/#website\"},\"primaryImageOfPage\":{\"@id\":\"https:\/\/www.fsa-irrigation.com\/fr\/produits\/esylock\/#primaryimage\"},\"image\":{\"@id\":\"https:\/\/www.fsa-irrigation.com\/fr\/produits\/esylock\/#primaryimage\"},\"thumbnailUrl\":\"https:\/\/www.fsa-irrigation.com\/wp-content\/uploads\/esylock_merkmale.png\",\"datePublished\":\"2024-12-23T14:54:25+00:00\",\"dateModified\":\"2025-01-30T20:45:28+00:00\",\"breadcrumb\":{\"@id\":\"https:\/\/www.fsa-irrigation.com\/fr\/produits\/esylock\/#breadcrumb\"},\"inLanguage\":\"fr-FR\",\"potentialAction\":[{\"@type\":\"ReadAction\",\"target\":[\"https:\/\/www.fsa-irrigation.com\/fr\/produits\/esylock\/\"]}]},{\"@type\":\"ImageObject\",\"inLanguage\":\"fr-FR\",\"@id\":\"https:\/\/www.fsa-irrigation.com\/fr\/produits\/esylock\/#primaryimage\",\"url\":\"https:\/\/www.fsa-irrigation.com\/wp-content\/uploads\/esylock_merkmale.png\",\"contentUrl\":\"https:\/\/www.fsa-irrigation.com\/wp-content\/uploads\/esylock_merkmale.png\"},{\"@type\":\"BreadcrumbList\",\"@id\":\"https:\/\/www.fsa-irrigation.com\/fr\/produits\/esylock\/#breadcrumb\",\"itemListElement\":[{\"@type\":\"ListItem\",\"position\":1,\"name\":\"Startseite\",\"item\":\"https:\/\/www.fsa-irrigation.com\/fr\/produits\/\"},{\"@type\":\"ListItem\",\"position\":2,\"name\":\"Produits\",\"item\":\"https:\/\/www.fsa-irrigation.com\/fr\/produits\/\"},{\"@type\":\"ListItem\",\"position\":3,\"name\":\"esyLOCK\"}]},{\"@type\":\"WebSite\",\"@id\":\"https:\/\/www.fsa-irrigation.com\/fr\/#website\",\"url\":\"https:\/\/www.fsa-irrigation.com\/fr\/\",\"name\":\"FSA Irrigation\",\"description\":\"Des produits innovants et durables\",\"publisher\":{\"@id\":\"https:\/\/www.fsa-irrigation.com\/fr\/#organization\"},\"potentialAction\":[{\"@type\":\"SearchAction\",\"target\":{\"@type\":\"EntryPoint\",\"urlTemplate\":\"https:\/\/www.fsa-irrigation.com\/fr\/?s={search_term_string}\"},\"query-input\":{\"@type\":\"PropertyValueSpecification\",\"valueRequired\":true,\"valueName\":\"search_term_string\"}}],\"inLanguage\":\"fr-FR\"},{\"@type\":\"Organization\",\"@id\":\"https:\/\/www.fsa-irrigation.com\/fr\/#organization\",\"name\":\"Fluid Systems & Automation Irrigation\",\"url\":\"https:\/\/www.fsa-irrigation.com\/fr\/\",\"logo\":{\"@type\":\"ImageObject\",\"inLanguage\":\"fr-FR\",\"@id\":\"https:\/\/www.fsa-irrigation.com\/fr\/#\/schema\/logo\/image\/\",\"url\":\"https:\/\/www.fsa-irrigation.com\/wp-content\/uploads\/fsa-irrigation-grau.png\",\"contentUrl\":\"https:\/\/www.fsa-irrigation.com\/wp-content\/uploads\/fsa-irrigation-grau.png\",\"width\":600,\"height\":255,\"caption\":\"Fluid Systems & Automation Irrigation\"},\"image\":{\"@id\":\"https:\/\/www.fsa-irrigation.com\/fr\/#\/schema\/logo\/image\/\"},\"sameAs\":[\"https:\/\/de.linkedin.com\/company\/fluidsystems\"]}]}<\/script>\n<!-- \/ Yoast SEO plugin. -->","yoast_head_json":{"title":"esyLOCK - FSA Irrigation","robots":{"index":"index","follow":"follow","max-snippet":"max-snippet:-1","max-image-preview":"max-image-preview:large","max-video-preview":"max-video-preview:-1"},"canonical":"https:\/\/www.fsa-irrigation.com\/fr\/produits\/esylock\/","og_locale":"fr_FR","og_type":"article","og_title":"esyLOCK - FSA Irrigation","og_description":"Connecteurs esyLOCK La s\u00e9rie Esylock propose des raccords rapides de 1\/2&Prime; \u00e0 1&Prime;, avec un large choix d&rsquo;adaptateurs pour r\u00e9pondre aux besoins les plus divers. Ce syst\u00e8me innovant utilise un raccord rapide avec fixation par serrage qui ne n\u00e9cessite ni collage ni pr\u00e9paration des tuyaux. De plus, les connexions peuvent \u00eatre facilement d\u00e9mont\u00e9es \u00e0 l&rsquo;aide [&hellip;]","og_url":"https:\/\/www.fsa-irrigation.com\/fr\/produits\/esylock\/","og_site_name":"FSA Irrigation","article_modified_time":"2025-01-30T20:45:28+00:00","og_image":[{"width":500,"height":500,"url":"https:\/\/www.fsa-irrigation.com\/wp-content\/uploads\/esylock_merkmale.png","type":"image\/png"}],"twitter_card":"summary_large_image","twitter_misc":{"Dur\u00e9e de lecture estim\u00e9e":"1 minute"},"schema":{"@context":"https:\/\/schema.org","@graph":[{"@type":"WebPage","@id":"https:\/\/www.fsa-irrigation.com\/fr\/produits\/esylock\/","url":"https:\/\/www.fsa-irrigation.com\/fr\/produits\/esylock\/","name":"esyLOCK - FSA Irrigation","isPartOf":{"@id":"https:\/\/www.fsa-irrigation.com\/fr\/#website"},"primaryImageOfPage":{"@id":"https:\/\/www.fsa-irrigation.com\/fr\/produits\/esylock\/#primaryimage"},"image":{"@id":"https:\/\/www.fsa-irrigation.com\/fr\/produits\/esylock\/#primaryimage"},"thumbnailUrl":"https:\/\/www.fsa-irrigation.com\/wp-content\/uploads\/esylock_merkmale.png","datePublished":"2024-12-23T14:54:25+00:00","dateModified":"2025-01-30T20:45:28+00:00","breadcrumb":{"@id":"https:\/\/www.fsa-irrigation.com\/fr\/produits\/esylock\/#breadcrumb"},"inLanguage":"fr-FR","potentialAction":[{"@type":"ReadAction","target":["https:\/\/www.fsa-irrigation.com\/fr\/produits\/esylock\/"]}]},{"@type":"ImageObject","inLanguage":"fr-FR","@id":"https:\/\/www.fsa-irrigation.com\/fr\/produits\/esylock\/#primaryimage","url":"https:\/\/www.fsa-irrigation.com\/wp-content\/uploads\/esylock_merkmale.png","contentUrl":"https:\/\/www.fsa-irrigation.com\/wp-content\/uploads\/esylock_merkmale.png"},{"@type":"BreadcrumbList","@id":"https:\/\/www.fsa-irrigation.com\/fr\/produits\/esylock\/#breadcrumb","itemListElement":[{"@type":"ListItem","position":1,"name":"Startseite","item":"https:\/\/www.fsa-irrigation.com\/fr\/produits\/"},{"@type":"ListItem","position":2,"name":"Produits","item":"https:\/\/www.fsa-irrigation.com\/fr\/produits\/"},{"@type":"ListItem","position":3,"name":"esyLOCK"}]},{"@type":"WebSite","@id":"https:\/\/www.fsa-irrigation.com\/fr\/#website","url":"https:\/\/www.fsa-irrigation.com\/fr\/","name":"FSA Irrigation","description":"Des produits innovants et durables","publisher":{"@id":"https:\/\/www.fsa-irrigation.com\/fr\/#organization"},"potentialAction":[{"@type":"SearchAction","target":{"@type":"EntryPoint","urlTemplate":"https:\/\/www.fsa-irrigation.com\/fr\/?s={search_term_string}"},"query-input":{"@type":"PropertyValueSpecification","valueRequired":true,"valueName":"search_term_string"}}],"inLanguage":"fr-FR"},{"@type":"Organization","@id":"https:\/\/www.fsa-irrigation.com\/fr\/#organization","name":"Fluid Systems & Automation Irrigation","url":"https:\/\/www.fsa-irrigation.com\/fr\/","logo":{"@type":"ImageObject","inLanguage":"fr-FR","@id":"https:\/\/www.fsa-irrigation.com\/fr\/#\/schema\/logo\/image\/","url":"https:\/\/www.fsa-irrigation.com\/wp-content\/uploads\/fsa-irrigation-grau.png","contentUrl":"https:\/\/www.fsa-irrigation.com\/wp-content\/uploads\/fsa-irrigation-grau.png","width":600,"height":255,"caption":"Fluid Systems & Automation Irrigation"},"image":{"@id":"https:\/\/www.fsa-irrigation.com\/fr\/#\/schema\/logo\/image\/"},"sameAs":["https:\/\/de.linkedin.com\/company\/fluidsystems"]}]}},"_links":{"self":[{"href":"https:\/\/www.fsa-irrigation.com\/fr\/wp-json\/wp\/v2\/pages\/489"}],"collection":[{"href":"https:\/\/www.fsa-irrigation.com\/fr\/wp-json\/wp\/v2\/pages"}],"about":[{"href":"https:\/\/www.fsa-irrigation.com\/fr\/wp-json\/wp\/v2\/types\/page"}],"author":[{"embeddable":true,"href":"https:\/\/www.fsa-irrigation.com\/fr\/wp-json\/wp\/v2\/users\/1"}],"replies":[{"embeddable":true,"href":"https:\/\/www.fsa-irrigation.com\/fr\/wp-json\/wp\/v2\/comments?post=489"}],"version-history":[{"count":1,"href":"https:\/\/www.fsa-irrigation.com\/fr\/wp-json\/wp\/v2\/pages\/489\/revisions"}],"predecessor-version":[{"id":492,"href":"https:\/\/www.fsa-irrigation.com\/fr\/wp-json\/wp\/v2\/pages\/489\/revisions\/492"}],"up":[{"embeddable":true,"href":"https:\/\/www.fsa-irrigation.com\/fr\/wp-json\/wp\/v2\/pages\/587"}],"wp:attachment":[{"href":"https:\/\/www.fsa-irrigation.com\/fr\/wp-json\/wp\/v2\/media?parent=489"}],"curies":[{"name":"wp","href":"https:\/\/api.w.org\/{rel}","templated":true}]}}